{"id":1493,"date":"2016-10-14T02:02:22","date_gmt":"2016-10-13T19:02:22","guid":{"rendered":"https:\/\/demo.wpthemego.com\/themes\/sw_bosmarket\/?page_id=1493"},"modified":"2021-11-29T00:13:48","modified_gmt":"2021-11-28T17:13:48","slug":"gioi-thieu","status":"publish","type":"page","link":"https:\/\/sansanhouse.com\/index.php\/gioi-thieu\/","title":{"rendered":"Gi\u1edbi thi\u1ec7u"},"content":{"rendered":"\t\t<div data-elementor-type=\"wp-page\" data-elementor-id=\"1493\" class=\"elementor elementor-1493\">\n\t\t\t\t\t\t\t\t\t<section class=\"elementor-section elementor-top-section elementor-element elementor-element-2319350 elementor-section-boxed elementor-section-height-default elementor-section-height-default\" data-id=\"2319350\" data-element_type=\"section\">\n\t\t\t\t\t\t<div class=\"elementor-container elementor-column-gap-no\">\n\t\t\t\t\t<div class=\"elementor-column elementor-col-100 elementor-top-column elementor-element elementor-element-3fb8281\" data-id=\"3fb8281\" data-element_type=\"column\">\n\t\t\t<div class=\"elementor-widget-wrap elementor-element-populated\">\n\t\t\t\t\t\t\t\t<div class=\"elementor-element elementor-element-efed1be elementor-widget elementor-widget-image\" data-id=\"efed1be\" data-element_type=\"widget\" data-widget_type=\"image.default\">\n\t\t\t\t<div class=\"elementor-widget-container\">\n\t\t\t<style>\/*! elementor - v3.6.1 - 23-03-2022 *\/\n.elementor-widget-image{text-align:center}.elementor-widget-image a{display:inline-block}.elementor-widget-image a img[src$=\".svg\"]{width:48px}.elementor-widget-image img{vertical-align:middle;display:inline-block}<\/style>\t\t\t\t\t\t\t\t\t\t\t\t<img src=\"https:\/\/sansanhouse.com\/wp-content\/uploads\/2016\/10\/about-top.jpg\" title=\"about-top\" alt=\"about-top\" \/>\t\t\t\t\t\t\t\t\t\t\t\t\t\t\t<\/div>\n\t\t\t\t<\/div>\n\t\t\t\t<section class=\"elementor-section elementor-inner-section elementor-element elementor-element-6fdbe2f about_top elementor-section-boxed elementor-section-height-default elementor-section-height-default\" data-id=\"6fdbe2f\" data-element_type=\"section\">\n\t\t\t\t\t\t<div class=\"elementor-container elementor-column-gap-default\">\n\t\t\t\t\t<div class=\"elementor-column elementor-col-100 elementor-inner-column elementor-element elementor-element-3fc13b2\" data-id=\"3fc13b2\" data-element_type=\"column\">\n\t\t\t<div class=\"elementor-widget-wrap elementor-element-populated\">\n\t\t\t\t\t\t\t\t<div class=\"elementor-element elementor-element-791d63e elementor-widget elementor-widget-text-editor\" data-id=\"791d63e\" data-element_type=\"widget\" data-widget_type=\"text-editor.default\">\n\t\t\t\t<div class=\"elementor-widget-container\">\n\t\t\t<style>\/*! elementor - v3.6.1 - 23-03-2022 *\/\n.elementor-widget-text-editor.elementor-drop-cap-view-stacked .elementor-drop-cap{background-color:#818a91;color:#fff}.elementor-widget-text-editor.elementor-drop-cap-view-framed .elementor-drop-cap{color:#818a91;border:3px solid;background-color:transparent}.elementor-widget-text-editor:not(.elementor-drop-cap-view-default) .elementor-drop-cap{margin-top:8px}.elementor-widget-text-editor:not(.elementor-drop-cap-view-default) .elementor-drop-cap-letter{width:1em;height:1em}.elementor-widget-text-editor .elementor-drop-cap{float:left;text-align:center;line-height:1;font-size:50px}.elementor-widget-text-editor .elementor-drop-cap-letter{display:inline-block}<\/style>\t\t\t\t<div class=\"title-page\">welcome to SANSANHOUSE<\/div><p>Lorem ipsum dolor sit amet, consectetuer adipiscing elit. Aenean commodo ligula eget dolor. Aenean massa. Cum sociis natoque penatibus et magnis dis parturient montes, nascetur ridiculus mus. Donec quam felis, ultricies nec, pellentesque eu, pretium quis, sem. Nulla consequat massa quis enim. Donec pede justo, fringilla vel, aliquet nec, vulputate eget, arcu.Lorem ipsum dolor sit amet, consectetuer adipiscing elit. Aenean commodo ligula eget dolor. Aenean massa. Cum sociis natoque penatibus et magnis dis partrient montes, nascetur ridiculus mus. Donec quam felis, ultricies nec, pellentesque eu, pretium quis, sem. Nulla consequat massa quis enim. Donec pede justo, fringilla vel, aliquet nec, vulputate eget, arcu.Lorem ipsum dolor sit amet, consectetuer adipiscing elit. Aenean commodo ligula eget dolor. Aenean massa. Cum sociis natoque penatibus et magnis dis parturient montes, nascetur ridiculus mus. Donec quam felis, ultricies nec, pellentesque eu, pretium quis, sem. Nulla consequat massa quis enim. Donec pede justo, fringilla vel, aliquet nec, vulputate eget, arcu.<\/p>\t\t\t\t\t\t<\/div>\n\t\t\t\t<\/div>\n\t\t\t\t\t<\/div>\n\t\t<\/div>\n\t\t\t\t\t\t\t<\/div>\n\t\t<\/section>\n\t\t\t\t\t<\/div>\n\t\t<\/div>\n\t\t\t\t\t\t\t<\/div>\n\t\t<\/section>\n\t\t\t\t<section class=\"elementor-section elementor-top-section elementor-element elementor-element-af2376b about_promotion elementor-section-boxed elementor-section-height-default elementor-section-height-default\" data-id=\"af2376b\" data-element_type=\"section\">\n\t\t\t\t\t\t<div class=\"elementor-container elementor-column-gap-extended\">\n\t\t\t\t\t<div class=\"elementor-column elementor-col-33 elementor-top-column elementor-element elementor-element-d998e92\" data-id=\"d998e92\" data-element_type=\"column\">\n\t\t\t<div class=\"elementor-widget-wrap elementor-element-populated\">\n\t\t\t\t\t\t\t\t<div class=\"elementor-element elementor-element-9592f0d elementor-widget elementor-widget-image\" data-id=\"9592f0d\" data-element_type=\"widget\" data-widget_type=\"image.default\">\n\t\t\t\t<div class=\"elementor-widget-container\">\n\t\t\t\t\t\t\t\t\t\t\t\t\t\t\t<img src=\"https:\/\/sansanhouse.com\/wp-content\/uploads\/2017\/12\/promo1.png\" title=\"promo1\" alt=\"promo1\" \/>\t\t\t\t\t\t\t\t\t\t\t\t\t\t\t<\/div>\n\t\t\t\t<\/div>\n\t\t\t\t<div class=\"elementor-element elementor-element-987df5f elementor-widget elementor-widget-html\" data-id=\"987df5f\" data-element_type=\"widget\" data-widget_type=\"html.default\">\n\t\t\t\t<div class=\"elementor-widget-container\">\n\t\t\t<h3>H\u00c0NG H\u00d3A \u0110\u1ea2M B\u1ea2O<\/h3>\r\nM\u1ed7i \u0111\u01a1n h\u00e0ng \u0111\u1ec1u c\u00f3 ch\u00ednh s\u00e1ch \u0111\u1ea3m b\u1ea3o h\u00e0ng \u0111\u00fang m\u00f4 t\u1ea3. Ch\u1ec9 trong 7 ng\u00e0y l\u00e0m vi\u1ec7c \u0111\u1ec3 ho\u00e0n ti\u1ec1n n\u1ebfu sai h\u00e0ng h\u00f3a nh\u01b0 cam k\u1ebft.\t\t<\/div>\n\t\t\t\t<\/div>\n\t\t\t\t\t<\/div>\n\t\t<\/div>\n\t\t\t\t<div class=\"elementor-column elementor-col-33 elementor-top-column elementor-element elementor-element-252bdc6\" data-id=\"252bdc6\" data-element_type=\"column\">\n\t\t\t<div class=\"elementor-widget-wrap elementor-element-populated\">\n\t\t\t\t\t\t\t\t<div class=\"elementor-element elementor-element-eacc57d elementor-widget elementor-widget-image\" data-id=\"eacc57d\" data-element_type=\"widget\" data-widget_type=\"image.default\">\n\t\t\t\t<div class=\"elementor-widget-container\">\n\t\t\t\t\t\t\t\t\t\t\t\t\t\t\t<img src=\"https:\/\/sansanhouse.com\/wp-content\/uploads\/2017\/12\/promo2.png\" title=\"promo2\" alt=\"promo2\" \/>\t\t\t\t\t\t\t\t\t\t\t\t\t\t\t<\/div>\n\t\t\t\t<\/div>\n\t\t\t\t<div class=\"elementor-element elementor-element-b5e8f21 elementor-widget elementor-widget-html\" data-id=\"b5e8f21\" data-element_type=\"widget\" data-widget_type=\"html.default\">\n\t\t\t\t<div class=\"elementor-widget-container\">\n\t\t\t<h3>CH\u1ea4T L\u01af\u1ee2NG UY T\u00cdN<\/h3>\r\nCh\u1ea5t l\u01b0\u1ee3ng \u0111\u01b0\u1ee3c \u01b0u ti\u00ean h\u00e0ng \u0111\u1ea7u tr\u00ean m\u1ed7i s\u1ea3n ph\u1ea9m ch\u00fang t\u00f4i \u0111\u01b0a ra th\u1ecb tr\u01b0\u1eddng. R\u00f5 ngu\u1ed3n g\u1ed1c xu\u1ea5t x\u1ee9 v\u00e0 ch\u1ea5t l\u01b0\u1ee3ng \u0111\u1ea1t chu\u1ea9n.\t\t<\/div>\n\t\t\t\t<\/div>\n\t\t\t\t\t<\/div>\n\t\t<\/div>\n\t\t\t\t<div class=\"elementor-column elementor-col-33 elementor-top-column elementor-element elementor-element-631fff7\" data-id=\"631fff7\" data-element_type=\"column\">\n\t\t\t<div class=\"elementor-widget-wrap elementor-element-populated\">\n\t\t\t\t\t\t\t\t<div class=\"elementor-element elementor-element-52e7a60 elementor-widget elementor-widget-image\" data-id=\"52e7a60\" data-element_type=\"widget\" data-widget_type=\"image.default\">\n\t\t\t\t<div class=\"elementor-widget-container\">\n\t\t\t\t\t\t\t\t\t\t\t\t\t\t\t<img src=\"https:\/\/sansanhouse.com\/wp-content\/uploads\/2017\/12\/promo3.png\" title=\"promo3\" alt=\"promo3\" \/>\t\t\t\t\t\t\t\t\t\t\t\t\t\t\t<\/div>\n\t\t\t\t<\/div>\n\t\t\t\t<div class=\"elementor-element elementor-element-e991873 elementor-widget elementor-widget-html\" data-id=\"e991873\" data-element_type=\"widget\" data-widget_type=\"html.default\">\n\t\t\t\t<div class=\"elementor-widget-container\">\n\t\t\t<h3>GIAO H\u00c0NG NHANH CH\u00d3NG<\/h3>\r\nCh\u00fang t\u00f4i li\u00ean k\u1ebft v\u1edbi nhi\u1ec1u \u0111\u01a1n v\u1ecb giao h\u00e0ng kh\u00e1ch nhau \u0111\u1ea3m b\u1ea3o chi ph\u00ed giao l\u00e0 th\u1ea5p nh\u1ea5t v\u00e0 th\u1eddi gian giao nhanh nh\u1ea5t c\u00f3 th\u1ec3.\t\t<\/div>\n\t\t\t\t<\/div>\n\t\t\t\t\t<\/div>\n\t\t<\/div>\n\t\t\t\t\t\t\t<\/div>\n\t\t<\/section>\n\t\t\t\t<section class=\"elementor-section elementor-top-section elementor-element elementor-element-ee6ed43 elementor-section-boxed elementor-section-height-default elementor-section-height-default\" data-id=\"ee6ed43\" data-element_type=\"section\">\n\t\t\t\t\t\t<div class=\"elementor-container elementor-column-gap-extended\">\n\t\t\t\t\t<div class=\"elementor-column elementor-col-100 elementor-top-column elementor-element elementor-element-cb1468b\" data-id=\"cb1468b\" data-element_type=\"column\">\n\t\t\t<div class=\"elementor-widget-wrap elementor-element-populated\">\n\t\t\t\t\t\t\t\t<div class=\"elementor-element elementor-element-dcb73bf elementor-widget elementor-widget-wp-widget-sw_brand\" data-id=\"dcb73bf\" data-element_type=\"widget\" data-widget_type=\"wp-widget-sw_brand.default\">\n\t\t\t\t<div class=\"elementor-widget-container\">\n\t\t\t\t<div id=\"wp-widget-sw_brand\" class=\"responsive-slider sw-brand-container-slider  loading clearfix\" data-lg=\"7\" data-md=\"5\" data-sm=\"3\" data-xs=\"2\" data-mobile=\"1\" data-speed=\"1000\" data-scroll=\"1\" data-interval=\"5000\" data-autoplay=\"false\">\r\n\t\t\t\t<div class=\"resp-slider-container\">\r\n\t\t\t<div class=\"slider responsive\">\r\n\t\t\t\t\t\t\t\t\t\t\t\t\t<div class=\"item item-brand-cat\">\r\n\t\t\t\t\t\t\t\t\t\t<div class=\"item-image\">\r\n\t\t\t\t\t\t\t<a href=\"https:\/\/sansanhouse.com\/index.php\/product_brand\/bran1\/\"><img width=\"170\" height=\"85\" src=\"https:\/\/sansanhouse.com\/wp-content\/uploads\/2017\/12\/br1.jpg\" class=\"attachment-170x87 size-170x87\" alt=\"\" loading=\"lazy\" \/><\/a>\t\t\t\t\t\t<\/div>\r\n\t\t\t\t <\/div>\t\t\t\t\t\t\t\t\t\t\t\t\t\t\t\t\t\t<div class=\"item item-brand-cat\">\r\n\t\t\t\t\t\t\t\t\t\t<div class=\"item-image\">\r\n\t\t\t\t\t\t\t<a href=\"https:\/\/sansanhouse.com\/index.php\/product_brand\/bran2\/\"><img width=\"170\" height=\"85\" src=\"https:\/\/sansanhouse.com\/wp-content\/uploads\/2017\/12\/br2.jpg\" class=\"attachment-170x87 size-170x87\" alt=\"\" loading=\"lazy\" \/><\/a>\t\t\t\t\t\t<\/div>\r\n\t\t\t\t <\/div>\t\t\t\t\t\t\t\t\t\t\t\t\t\t\t\t\t\t<div class=\"item item-brand-cat\">\r\n\t\t\t\t\t\t\t\t\t\t<div class=\"item-image\">\r\n\t\t\t\t\t\t\t<a href=\"https:\/\/sansanhouse.com\/index.php\/product_brand\/bran3\/\"><img width=\"170\" height=\"85\" src=\"https:\/\/sansanhouse.com\/wp-content\/uploads\/2017\/12\/br3.jpg\" class=\"attachment-170x87 size-170x87\" alt=\"\" loading=\"lazy\" \/><\/a>\t\t\t\t\t\t<\/div>\r\n\t\t\t\t <\/div>\t\t\t\t\t\t\t\t\t\t\t\t\t\t\t\t\t\t<div class=\"item item-brand-cat\">\r\n\t\t\t\t\t\t\t\t\t\t<div class=\"item-image\">\r\n\t\t\t\t\t\t\t<a href=\"https:\/\/sansanhouse.com\/index.php\/product_brand\/bran4\/\"><img width=\"170\" height=\"85\" src=\"https:\/\/sansanhouse.com\/wp-content\/uploads\/2017\/12\/br4.jpg\" class=\"attachment-170x87 size-170x87\" alt=\"\" loading=\"lazy\" \/><\/a>\t\t\t\t\t\t<\/div>\r\n\t\t\t\t <\/div>\t\t\t\t\t\t\t\t\t\t\t\t\t\t\t\t\t\t<div class=\"item item-brand-cat\">\r\n\t\t\t\t\t\t\t\t\t\t<div class=\"item-image\">\r\n\t\t\t\t\t\t\t<a href=\"https:\/\/sansanhouse.com\/index.php\/product_brand\/bran5\/\"><img width=\"170\" height=\"85\" src=\"https:\/\/sansanhouse.com\/wp-content\/uploads\/2017\/12\/br5.jpg\" class=\"attachment-170x87 size-170x87\" alt=\"\" loading=\"lazy\" \/><\/a>\t\t\t\t\t\t<\/div>\r\n\t\t\t\t <\/div>\t\t\t\t\t\t\t\t\t\t\t\t\t\t\t\t\t\t<div class=\"item item-brand-cat\">\r\n\t\t\t\t\t\t\t\t\t\t<div class=\"item-image\">\r\n\t\t\t\t\t\t\t<a href=\"https:\/\/sansanhouse.com\/index.php\/product_brand\/bran6\/\"><img width=\"170\" height=\"85\" src=\"https:\/\/sansanhouse.com\/wp-content\/uploads\/2017\/12\/br6.jpg\" class=\"attachment-170x87 size-170x87\" alt=\"\" loading=\"lazy\" \/><\/a>\t\t\t\t\t\t<\/div>\r\n\t\t\t\t <\/div>\t\t\t\t\t\t\t\t\t\t\t\t\t\t\t\t\t\t<div class=\"item item-brand-cat\">\r\n\t\t\t\t\t\t\t\t\t\t<div class=\"item-image\">\r\n\t\t\t\t\t\t\t<a href=\"https:\/\/sansanhouse.com\/index.php\/product_brand\/bran7\/\"><img width=\"170\" height=\"85\" src=\"https:\/\/sansanhouse.com\/wp-content\/uploads\/2017\/12\/br7.jpg\" class=\"attachment-170x87 size-170x87\" alt=\"\" loading=\"lazy\" \/><\/a>\t\t\t\t\t\t<\/div>\r\n\t\t\t\t <\/div>\t\t\t\t\t\t\t\t\t\t\t\t\t\t\t\t\t\t<div class=\"item item-brand-cat\">\r\n\t\t\t\t\t\t\t\t\t\t<div class=\"item-image\">\r\n\t\t\t\t\t\t\t<a href=\"https:\/\/sansanhouse.com\/index.php\/product_brand\/bran8\/\"><img width=\"170\" height=\"85\" src=\"https:\/\/sansanhouse.com\/wp-content\/uploads\/2017\/12\/br8.jpg\" class=\"attachment-170x87 size-170x87\" alt=\"\" loading=\"lazy\" \/><\/a>\t\t\t\t\t\t<\/div>\r\n\t\t\t\t <\/div>\t\t\t\t\t\t\t\t\t\t\t\t<\/div>\r\n\t\t<\/div>\r\n\t<\/div>\r\n\t\t<\/div>\n\t\t\t\t<\/div>\n\t\t\t\t\t<\/div>\n\t\t<\/div>\n\t\t\t\t\t\t\t<\/div>\n\t\t<\/section>\n\t\t\t\t\t\t\t<\/div>\n\t\t","protected":false},"excerpt":{"rendered":"<p>welcome to SANSANHOUSE Lorem ipsum dolor sit amet, consectetuer adipiscing elit. Aenean commodo ligula eget dolor. Aenean massa. Cum sociis natoque penatibus et magnis dis parturient montes, nascetur ridiculus mus. Donec quam felis, ultricies nec, pellentesque eu, pretium quis, sem. &hellip; <a href=\"https:\/\/sansanhouse.com\/index.php\/gioi-thieu\/\">Readmore<\/a><\/p>\n","protected":false},"author":1,"featured_media":0,"parent":0,"menu_order":0,"comment_status":"closed","ping_status":"closed","template":"","meta":[],"_links":{"self":[{"href":"https:\/\/sansanhouse.com\/index.php\/wp-json\/wp\/v2\/pages\/1493"}],"collection":[{"href":"https:\/\/sansanhouse.com\/index.php\/wp-json\/wp\/v2\/pages"}],"about":[{"href":"https:\/\/sansanhouse.com\/index.php\/wp-json\/wp\/v2\/types\/page"}],"author":[{"embeddable":true,"href":"https:\/\/sansanhouse.com\/index.php\/wp-json\/wp\/v2\/users\/1"}],"replies":[{"embeddable":true,"href":"https:\/\/sansanhouse.com\/index.php\/wp-json\/wp\/v2\/comments?post=1493"}],"version-history":[{"count":0,"href":"https:\/\/sansanhouse.com\/index.php\/wp-json\/wp\/v2\/pages\/1493\/revisions"}],"wp:attachment":[{"href":"https:\/\/sansanhouse.com\/index.php\/wp-json\/wp\/v2\/media?parent=1493"}],"curies":[{"name":"wp","href":"https:\/\/api.w.org\/{rel}","templated":true}]}}