{"id":7081,"date":"2021-12-03T11:41:35","date_gmt":"2021-12-03T04:41:35","guid":{"rendered":"https:\/\/sansanhouse.com\/?post_type=product&#038;p=7081"},"modified":"2022-01-01T00:49:50","modified_gmt":"2021-12-31T17:49:50","slug":"ban-chai-danh-rang-chay-pin-dr-best-vibration-polimed","status":"publish","type":"product","link":"https:\/\/sansanhouse.com\/index.php\/product\/ban-chai-danh-rang-chay-pin-dr-best-vibration-polimed\/","title":{"rendered":"B\u00e0n ch\u1ea3i \u0111\u00e1nh r\u0103ng DR. BEST"},"content":{"rendered":"<div class=\"kvgmc6g5 cxmmr5t8 oygrvhab hcukyx3x c1et5uql ii04i59q\">\n<div dir=\"auto\">Xu\u1ea5t x\u1ee9 : \u0110\u1ee8C<\/div>\n<\/div>\n<div class=\"o9v6fnle cxmmr5t8 oygrvhab hcukyx3x c1et5uql ii04i59q\">\n<ul>\n<li dir=\"auto\">L\u00e0 s\u1ea3n ph\u1ea9m k\u1ebft h\u1ee3p gi\u1eefa b\u00e0n ch\u1ea3i \u0111\u00e1nh r\u0103ng c\u1ea7m tay v\u00e0 b\u00e0n ch\u1ea3i \u0111\u00e1nh r\u0103ng ch\u1ea1y pin.<\/li>\n<li dir=\"auto\">\u01afu \u0111i\u1ec3m l\u00e0 nh\u1eb9 nh\u00e0ng, kh\u00f4ng to n\u1eb7ng nh\u01b0 b\u00e0n ch\u1ea3i \u0111\u00e1nh r\u0103ng ch\u1ea1y \u0111i\u1ec7n, ng\u01b0\u1eddi s\u1eed d\u1ee5ng c\u1ea7m \u0111\u00e1nh r\u0103ng d\u1ec5 d\u00e0ng m\u00e0 kh\u00f4ng b\u1ecb m\u1ecfi tay.<\/li>\n<li dir=\"auto\">\u0110\u00e2y l\u00e0 s\u1ea3n ph\u1ea9m m\u1edbi nh\u1ea5t c\u1ee7a h\u00e3ng l\u00e0m s\u1ea1ch cao r\u0103ng v\u00e0 k\u1ebd r\u0103ng h\u01a1n b\u00e0n ch\u1ea3i th\u00f4ng th\u01b0\u1eddng nh\u1edd thi\u1ebft k\u1ebf \u0111\u1ed9c \u0111\u00e1o 3 v\u00f2ng xo\u00e1y.<\/li>\n<li dir=\"auto\">Khi nh\u1ea5n n\u00fat POWER tr\u00ean th\u00e2n b\u00e0n ch\u1ea3i nh\u1eefng v\u00f2ng xo\u00e1y n\u00e0y s\u1ebd xoay \u0111\u1ec1u v\u1edbi v\u1eadn t\u1ed1c 20.000 v\u00f2ng trong 1 ph\u00fat gi\u1ed1ng nh\u01b0 nh\u1eefng s\u00f3ng si\u00eau \u00e2m c\u00f3 t\u00e1c d\u1ee5ng l\u00e0m s\u1ea1ch k\u1ef9 l\u01b0\u1ee1ng, \u0111\u00e1nh bay m\u1ecdi c\u1eb7n b\u00e1m, cao r\u0103ng.<\/li>\n<li dir=\"auto\">Ngo\u00e0i ra c\u00f2n c\u00f3 t\u00e1c d\u1ee5ng massage r\u0103ng l\u1ee3i gi\u00fap cho b\u1ea1n c\u00f3 c\u1ea3m gi\u00e1c tho\u1ea3i m\u00e1i d\u1ec5 ch\u1ecbu.<\/li>\n<li dir=\"auto\">B\u00e0n ch\u1ea3i \u0111\u00e1nh r\u0103ng Dr. Best d\u00e0nh cho nh\u1eefng tr\u01b0\u1eddng h\u1ee3p s\u1ee5t l\u1ee3i v\u00e0 ch\u1ea3y m\u00e1u ch\u00e2n r\u0103ng. V\u1edbi l\u00f4ng b\u00e0n ch\u1ea3i m\u1ec1m, khi s\u1eed d\u1ee5ng b\u00e0n ch\u1ea3i \u0111\u00e1nh r\u0103ng Dr. Best s\u1ebd gi\u00fap cho b\u1ea1n c\u00f3 \u0111\u01b0\u1ee3c h\u00e0m r\u0103ng tr\u1eafng b\u00f3ng v\u00e0 kh\u00f4ng bao gi\u1edd ngh\u0129 \u0111\u1ebfn vi\u1ec7c ch\u1ea3y m\u00e1u ch\u00e2n r\u0103ng n\u1eefa.<\/li>\n<\/ul>\n<\/div>\n","protected":false},"excerpt":{"rendered":"<p>Xu\u1ea5t x\u1ee9 : \u0110\u1ee8C L\u00e0 s\u1ea3n ph\u1ea9m k\u1ebft h\u1ee3p gi\u1eefa b\u00e0n ch\u1ea3i \u0111\u00e1nh r\u0103ng c\u1ea7m tay v\u00e0 b\u00e0n ch\u1ea3i \u0111\u00e1nh r\u0103ng ch\u1ea1y pin. \u01afu \u0111i\u1ec3m l\u00e0 nh\u1eb9 nh\u00e0ng, kh\u00f4ng to n\u1eb7ng nh\u01b0 b\u00e0n ch\u1ea3i \u0111\u00e1nh r\u0103ng ch\u1ea1y \u0111i\u1ec7n, ng\u01b0\u1eddi s\u1eed &hellip; <a href=\"https:\/\/sansanhouse.com\/index.php\/product\/ban-chai-danh-rang-chay-pin-dr-best-vibration-polimed\/\">Readmore<\/a><\/p>\n","protected":false},"featured_media":7443,"comment_status":"open","ping_status":"closed","template":"","meta":[],"product_cat":[167],"product_tag":[80],"_links":{"self":[{"href":"https:\/\/sansanhouse.com\/index.php\/wp-json\/wp\/v2\/product\/7081"}],"collection":[{"href":"https:\/\/sansanhouse.com\/index.php\/wp-json\/wp\/v2\/product"}],"about":[{"href":"https:\/\/sansanhouse.com\/index.php\/wp-json\/wp\/v2\/types\/product"}],"replies":[{"embeddable":true,"href":"https:\/\/sansanhouse.com\/index.php\/wp-json\/wp\/v2\/comments?post=7081"}],"wp:featuredmedia":[{"embeddable":true,"href":"https:\/\/sansanhouse.com\/index.php\/wp-json\/wp\/v2\/media\/7443"}],"wp:attachment":[{"href":"https:\/\/sansanhouse.com\/index.php\/wp-json\/wp\/v2\/media?parent=7081"}],"wp:term":[{"taxonomy":"product_cat","embeddable":true,"href":"https:\/\/sansanhouse.com\/index.php\/wp-json\/wp\/v2\/product_cat?post=7081"},{"taxonomy":"product_tag","embeddable":true,"href":"https:\/\/sansanhouse.com\/index.php\/wp-json\/wp\/v2\/product_tag?post=7081"}],"curies":[{"name":"wp","href":"https:\/\/api.w.org\/{rel}","templated":true}]}}