{"id":7131,"date":"2021-12-04T14:43:23","date_gmt":"2021-12-04T07:43:23","guid":{"rendered":"https:\/\/sansanhouse.com\/?post_type=product&#038;p=7131"},"modified":"2023-04-21T11:14:22","modified_gmt":"2023-04-21T04:14:22","slug":"ban-chai-danh-rang-tre-em-dontodent-cham-soc-hieu-qua-cho-rang-be-tu-0-3-tuoi","status":"publish","type":"product","link":"https:\/\/sansanhouse.com\/index.php\/product\/ban-chai-danh-rang-tre-em-dontodent-cham-soc-hieu-qua-cho-rang-be-tu-0-3-tuoi\/","title":{"rendered":"B\u00e0n ch\u1ea3i \u0111\u00e1nh r\u0103ng tr\u1ebb em"},"content":{"rendered":"<div dir=\"auto\">\u0110\u1ea7u b\u00e0n ch\u1ea3i nh\u1ecf gi\u00fap l\u00e0m s\u1ea1ch tri\u1ec7t \u0111\u1ec3 \u0111\u1ebfn t\u1eebng k\u1ebd r\u0103ng \u0111\u1ebfn t\u1eadn s\u00e2u trong r\u0103ng h\u00e0m.<\/div>\n<div dir=\"auto\">L\u00f4ng b\u00e0n ch\u1ea3i si\u00eau m\u1ec1m \u0111\u01b0\u1ee3c thi\u1ebft k\u1ebf v\u1edbi nh\u1eefng \u0111\u1ea7u tr\u00f2n kh\u00f4ng l\u00e0m t\u1ed5n th\u01b0\u01a1ng n\u01b0\u1edbu r\u0103ng nh\u1ea1y c\u1ea3m c\u1ee7a b\u00e9.<\/div>\n<div dir=\"auto\">Thi\u1ebft k\u1ebf ta c\u1ea7m ch\u1eafc ch\u1eafn gi\u00fap b\u00e0n tay nh\u1ecf x\u00edu c\u1ee7a b\u00e9 n\u1eafm ch\u1eafc, kh\u00f4ng b\u1ecb tr\u00f4i tu\u1ed9t.<\/div>\n<div dir=\"auto\">Ch\u00e2n b\u00e0n ch\u1ea3i c\u00f3 n\u00fat cao su si\u00eau d\u00ednh, c\u00f3 t\u00e1c d\u1ee5ng h\u00edt tr\u00ean c\u00e1c b\u1ec1 m\u1eb7t ph\u1eb3ng nh\u01b0 k\u00ednh, g\u1ea1ch men, \u0111\u00e1&#8230; n\u00ean b\u00e0n ch\u1ea3i l\u00fac n\u00e0o c\u0169ng \u0111\u01b0\u1ee3c d\u1ef1ng th\u1eb3ng gi\u00fap \u0111\u1ea7u b\u00e0n ch\u1ea3i \u0111\u01b0\u1ee3c kh\u00f4 r\u00e1o, kh\u00f4ng ph\u00e1t sinh vi khu\u1ea9n, ng\u0103n n\u1eafp, gi\u00fap b\u00e9 l\u1ea5y d\u1ec5 d\u00e0ng.<\/div>\n<div dir=\"auto\">B\u00e0n ch\u1ea3i \u0111\u01b0\u1ee3c thi\u1ebft k\u1ebf v\u1edbi h\u00ecnh \u1ea3nh ho\u1ea1t h\u00ecnh d\u1ec5 th\u01b0\u01a1ng ph\u00f9 h\u1ee3p ri\u00eang cho t\u1eebng b\u00e9 trai, b\u00e9 g\u00e1i mang l\u1ea1i ni\u1ec1m y\u00eau th\u00edch m\u1ed7i khi ch\u1ea3i r\u0103ng cho b\u00e9.<\/div>\n","protected":false},"excerpt":{"rendered":"<p>\u0110\u1ea7u b\u00e0n ch\u1ea3i nh\u1ecf gi\u00fap l\u00e0m s\u1ea1ch tri\u1ec7t \u0111\u1ec3 \u0111\u1ebfn t\u1eebng k\u1ebd r\u0103ng \u0111\u1ebfn t\u1eadn s\u00e2u trong r\u0103ng h\u00e0m. L\u00f4ng b\u00e0n ch\u1ea3i si\u00eau m\u1ec1m \u0111\u01b0\u1ee3c thi\u1ebft k\u1ebf v\u1edbi nh\u1eefng \u0111\u1ea7u tr\u00f2n kh\u00f4ng l\u00e0m t\u1ed5n th\u01b0\u01a1ng n\u01b0\u1edbu r\u0103ng nh\u1ea1y c\u1ea3m c\u1ee7a &hellip; <a href=\"https:\/\/sansanhouse.com\/index.php\/product\/ban-chai-danh-rang-tre-em-dontodent-cham-soc-hieu-qua-cho-rang-be-tu-0-3-tuoi\/\">Readmore<\/a><\/p>\n","protected":false},"featured_media":7450,"comment_status":"open","ping_status":"closed","template":"","meta":[],"product_cat":[168],"product_tag":[80],"_links":{"self":[{"href":"https:\/\/sansanhouse.com\/index.php\/wp-json\/wp\/v2\/product\/7131"}],"collection":[{"href":"https:\/\/sansanhouse.com\/index.php\/wp-json\/wp\/v2\/product"}],"about":[{"href":"https:\/\/sansanhouse.com\/index.php\/wp-json\/wp\/v2\/types\/product"}],"replies":[{"embeddable":true,"href":"https:\/\/sansanhouse.com\/index.php\/wp-json\/wp\/v2\/comments?post=7131"}],"wp:featuredmedia":[{"embeddable":true,"href":"https:\/\/sansanhouse.com\/index.php\/wp-json\/wp\/v2\/media\/7450"}],"wp:attachment":[{"href":"https:\/\/sansanhouse.com\/index.php\/wp-json\/wp\/v2\/media?parent=7131"}],"wp:term":[{"taxonomy":"product_cat","embeddable":true,"href":"https:\/\/sansanhouse.com\/index.php\/wp-json\/wp\/v2\/product_cat?post=7131"},{"taxonomy":"product_tag","embeddable":true,"href":"https:\/\/sansanhouse.com\/index.php\/wp-json\/wp\/v2\/product_tag?post=7131"}],"curies":[{"name":"wp","href":"https:\/\/api.w.org\/{rel}","templated":true}]}}