{"id":7136,"date":"2021-12-04T14:47:06","date_gmt":"2021-12-04T07:47:06","guid":{"rendered":"https:\/\/sansanhouse.com\/?post_type=product&#038;p=7136"},"modified":"2021-12-22T10:48:45","modified_gmt":"2021-12-22T03:48:45","slug":"lan-khu-mui-balea-loai-extra-dry","status":"publish","type":"product","link":"https:\/\/sansanhouse.com\/index.php\/product\/lan-khu-mui-balea-loai-extra-dry\/","title":{"rendered":"L\u0103n kh\u1eed m\u00f9i Balea Extra Dry"},"content":{"rendered":"<div dir=\"auto\">Dung t\u00edch 50 ml<\/div>\n<div dir=\"auto\">Nh\u1eadp kh\u1ea9u t\u1eeb \u0110\u1ee9c<\/div>\n<div dir=\"auto\">\u0110\u1eb7c t\u00ednh<\/div>\n<div dir=\"auto\">L\u0103n kh\u1eed n\u00f9i Balea c\u1ee7a \u0110\u1ee9c v\u1edbi c\u00f4ng th\u1ee9c \u0111\u1ed9c \u0111\u00e1o gi\u00fap ng\u0103n m\u00f9i hi\u1ec7u qu\u1ea3, gi\u1ea3m t\u00ecnh tr\u1ea1ng ti\u1ebft m\u1ed3 h\u00f4i c\u01a1 th\u1ec3, \u0111\u1eb7c bi\u1ec7t l\u00e0 v\u00f9ng n\u00e1ch, mang \u0111\u1ebfn cho b\u1ea1n c\u1ea3m gi\u00e1c d\u1ec5 ch\u1ecbu.<\/div>\n<div dir=\"auto\">V\u1edbi chi\u1ebft xu\u1ea5t t\u1eeb thi\u00ean nhi\u00ean l\u0103n n\u00e1ch kh\u1eed m\u00f9i Balea l\u00e0 gi\u1ea3i ph\u00e1p ho\u00e0n h\u1ea3o gi\u00fap b\u1ea1n kh\u1eed \u0111i nh\u1eefng m\u00f9i kh\u00f3 ch\u1ecbu, mang \u0111\u1ebfn h\u01b0\u01a1ng th\u01a1m m\u00e1t v\u00e0 c\u1ea3m gi\u00e1c t\u1ef1 tin khi giao ti\u1ebfp.<\/div>\n<div dir=\"auto\">Thi\u1ebft k\u1ebf d\u1ea1ng l\u0103n d\u1ec5 s\u1eed d\u1ee5ng, nh\u1ecf g\u1ecdn v\u00e0 v\u00f4 c\u00f9ng ti\u1ec7n l\u1ee3i, b\u1ea1n c\u00f3 th\u1ec3 d\u1ec5 d\u00e0ng b\u1ecf trong t\u00fai qu\u1ea7n ho\u1eb7c t\u00fai x\u00e1ch.<\/div>\n<div dir=\"auto\">h\u1ed1ng m\u1ed3 h\u00f4i, gi\u00fap c\u01a1 th\u1ec3 kh\u00f4 tho\u00e1ng, cung c\u1ea5p b\u1ea3o v\u1ec7 hi\u1ec7u qu\u1ea3 v\u00e0 g\u1ecdn g\u00e0ng.<\/div>\n<div dir=\"auto\">B\u1ea3o v\u1ec7 su\u1ed1t 48 gi\u1edd<\/div>\n<div dir=\"auto\">Kh\u00f4ng ch\u1ee9a c\u1ed3n<\/div>\n","protected":false},"excerpt":{"rendered":"<p>Dung t\u00edch 50 ml Nh\u1eadp kh\u1ea9u t\u1eeb \u0110\u1ee9c \u0110\u1eb7c t\u00ednh L\u0103n kh\u1eed n\u00f9i Balea c\u1ee7a \u0110\u1ee9c v\u1edbi c\u00f4ng th\u1ee9c \u0111\u1ed9c \u0111\u00e1o gi\u00fap ng\u0103n m\u00f9i hi\u1ec7u qu\u1ea3, gi\u1ea3m t\u00ecnh tr\u1ea1ng ti\u1ebft m\u1ed3 h\u00f4i c\u01a1 th\u1ec3, \u0111\u1eb7c bi\u1ec7t l\u00e0 v\u00f9ng n\u00e1ch, mang &hellip; <a href=\"https:\/\/sansanhouse.com\/index.php\/product\/lan-khu-mui-balea-loai-extra-dry\/\">Readmore<\/a><\/p>\n","protected":false},"featured_media":7454,"comment_status":"open","ping_status":"closed","template":"","meta":[],"product_cat":[168],"product_tag":[80],"_links":{"self":[{"href":"https:\/\/sansanhouse.com\/index.php\/wp-json\/wp\/v2\/product\/7136"}],"collection":[{"href":"https:\/\/sansanhouse.com\/index.php\/wp-json\/wp\/v2\/product"}],"about":[{"href":"https:\/\/sansanhouse.com\/index.php\/wp-json\/wp\/v2\/types\/product"}],"replies":[{"embeddable":true,"href":"https:\/\/sansanhouse.com\/index.php\/wp-json\/wp\/v2\/comments?post=7136"}],"wp:featuredmedia":[{"embeddable":true,"href":"https:\/\/sansanhouse.com\/index.php\/wp-json\/wp\/v2\/media\/7454"}],"wp:attachment":[{"href":"https:\/\/sansanhouse.com\/index.php\/wp-json\/wp\/v2\/media?parent=7136"}],"wp:term":[{"taxonomy":"product_cat","embeddable":true,"href":"https:\/\/sansanhouse.com\/index.php\/wp-json\/wp\/v2\/product_cat?post=7136"},{"taxonomy":"product_tag","embeddable":true,"href":"https:\/\/sansanhouse.com\/index.php\/wp-json\/wp\/v2\/product_tag?post=7136"}],"curies":[{"name":"wp","href":"https:\/\/api.w.org\/{rel}","templated":true}]}}