{"id":7138,"date":"2021-12-04T14:48:26","date_gmt":"2021-12-04T07:48:26","guid":{"rendered":"https:\/\/sansanhouse.com\/?post_type=product&#038;p=7138"},"modified":"2023-04-21T11:16:38","modified_gmt":"2023-04-21T04:16:38","slug":"dau-goi-tri-gau-garnier-fructis","status":"publish","type":"product","link":"https:\/\/sansanhouse.com\/index.php\/product\/dau-goi-tri-gau-garnier-fructis\/","title":{"rendered":"D\u1ea7u g\u1ed9i Tr\u1ecb G\u00e0u Garnier Fructis"},"content":{"rendered":"<div dir=\"auto\">Dung t\u00edch: 250ml<\/div>\n<div dir=\"auto\">Xu\u1ea5t x\u1ee9: \u0110\u1ee9c<\/div>\n<div dir=\"auto\">D\u1ea7u g\u1ed9i Garnier Fructis \u0111\u01b0\u1ee3c l\u00e0m gi\u00e0u v\u1edbi chi\u1ebft xu\u1ea5t tr\u00e0 xanh v\u00e0 k\u1ebdm pyrithione, n\u00f3 gi\u1ea3i ph\u00f3ng da \u0111\u1ea7u kh\u1ecfi v\u00e0 gi\u00fap t\u00f3c b\u00f3ng m\u01b0\u1ee3t m\u1edbi. Tr\u00e0 xanh r\u1ea5t gi\u00e0u ch\u1ea5t ch\u1ed1ng oxy h\u00f3a v\u00e0 caffeine v\u00e0 \u0111\u01b0\u1ee3c bi\u1ebft \u0111\u1ebfn v\u1edbi \u0111\u1eb7c t\u00ednh l\u00e0m s\u1ea1ch.<\/div>\n<div dir=\"auto\">Gi\u00fap t\u00f3c ch\u1eafc kh\u1ecfe. V\u1edbi t\u00e1c d\u1ee5ng ch\u1ed1ng t\u00e1i ph\u00e1t: Sau 4 tu\u1ea7n s\u1eed d\u1ee5ng th\u01b0\u1eddng xuy\u00ean, \u0111\u01b0\u1ee3c lo\u1ea1i b\u1ecf trong 6 tu\u1ea7n. S\u1ef1 k\u1ebft h\u1ee3p \u0111\u1eb7c bi\u1ec7t c\u1ee7a c\u00e1c th\u00e0nh ph\u1ea7n tr\u00e1i c\u00e2y t\u1eeb th\u1ef1c v\u1eadt, vitamin B3 v\u00e0 B6 v\u00e0 protein chanh l\u00e0 l\u00fd t\u01b0\u1edfng cho da \u0111\u1ea7u bong tr\u00f3c v\u00e0 t\u00f3c b\u00ecnh th\u01b0\u1eddng.D\u1ea7u g\u1ed9i tr\u1ecb g\u00e0u Garnier Fructis nh\u1eb9 nh\u00e0ng v\u00e0 l\u00e0m s\u1ea1ch tri\u1ec7t \u0111\u1ec3 v\u00e0 t\u0103ng c\u01b0\u1eddng s\u1ee9c m\u1ea1nh &#8211; cho m\u00e1i t\u00f3c ch\u1eafc kh\u1ecfe, \u1ea5n t\u01b0\u1ee3ng.<\/div>\n<div dir=\"auto\">C\u00f4ng th\u1ee9c nh\u1eb9 nh\u00e0ng c\u00f3 th\u1ec3 \u0111\u01b0\u1ee3c s\u1eed d\u1ee5ng h\u00e0ng ng\u00e0y.<\/div>\n","protected":false},"excerpt":{"rendered":"<p>Dung t\u00edch: 250ml Xu\u1ea5t x\u1ee9: \u0110\u1ee9c D\u1ea7u g\u1ed9i Garnier Fructis \u0111\u01b0\u1ee3c l\u00e0m gi\u00e0u v\u1edbi chi\u1ebft xu\u1ea5t tr\u00e0 xanh v\u00e0 k\u1ebdm pyrithione, n\u00f3 gi\u1ea3i ph\u00f3ng da \u0111\u1ea7u kh\u1ecfi v\u00e0 gi\u00fap t\u00f3c b\u00f3ng m\u01b0\u1ee3t m\u1edbi. Tr\u00e0 xanh r\u1ea5t gi\u00e0u ch\u1ea5t ch\u1ed1ng oxy &hellip; <a href=\"https:\/\/sansanhouse.com\/index.php\/product\/dau-goi-tri-gau-garnier-fructis\/\">Readmore<\/a><\/p>\n","protected":false},"featured_media":7455,"comment_status":"open","ping_status":"closed","template":"","meta":[],"product_cat":[168],"product_tag":[],"_links":{"self":[{"href":"https:\/\/sansanhouse.com\/index.php\/wp-json\/wp\/v2\/product\/7138"}],"collection":[{"href":"https:\/\/sansanhouse.com\/index.php\/wp-json\/wp\/v2\/product"}],"about":[{"href":"https:\/\/sansanhouse.com\/index.php\/wp-json\/wp\/v2\/types\/product"}],"replies":[{"embeddable":true,"href":"https:\/\/sansanhouse.com\/index.php\/wp-json\/wp\/v2\/comments?post=7138"}],"wp:featuredmedia":[{"embeddable":true,"href":"https:\/\/sansanhouse.com\/index.php\/wp-json\/wp\/v2\/media\/7455"}],"wp:attachment":[{"href":"https:\/\/sansanhouse.com\/index.php\/wp-json\/wp\/v2\/media?parent=7138"}],"wp:term":[{"taxonomy":"product_cat","embeddable":true,"href":"https:\/\/sansanhouse.com\/index.php\/wp-json\/wp\/v2\/product_cat?post=7138"},{"taxonomy":"product_tag","embeddable":true,"href":"https:\/\/sansanhouse.com\/index.php\/wp-json\/wp\/v2\/product_tag?post=7138"}],"curies":[{"name":"wp","href":"https:\/\/api.w.org\/{rel}","templated":true}]}}