{"id":7140,"date":"2021-12-04T14:49:38","date_gmt":"2021-12-04T07:49:38","guid":{"rendered":"https:\/\/sansanhouse.com\/?post_type=product&#038;p=7140"},"modified":"2021-12-22T10:48:09","modified_gmt":"2021-12-22T03:48:09","slug":"serum-duong-lam-day-va-dai-mi-balea","status":"publish","type":"product","link":"https:\/\/sansanhouse.com\/index.php\/product\/serum-duong-lam-day-va-dai-mi-balea\/","title":{"rendered":"SERUM D\u01af\u1ee0NG MI BALEA"},"content":{"rendered":"<div dir=\"auto\">\u00a0Balea Teint Perfektion Wimpernserum gi\u00fap cho c\u00e1c h\u00e0ng mi nh\u00ecn d\u00e0i h\u01a1n, d\u00e0y h\u01a1n, mang \u0111\u1ebfn cho b\u1ea1n m\u1ed9t v\u1ebb ngo\u00e0i ho\u00e0n h\u1ea3o!<\/div>\n<div dir=\"auto\">S\u1ea3n ph\u1ea9m c\u00f3 ch\u1ee9a h\u1ed7n h\u1ee3p peptid-activ, th\u00e0nh ph\u1ea7n \u0111\u01b0\u1ee3c ph\u00e1t tri\u1ec3n \u0111\u1eb7c bi\u1ec7t \u0111\u1ec3 t\u0103ng chi\u1ec1u d\u00e0i v\u00e0 \u0111\u1ed9 d\u00e0y c\u1ee7a l\u00f4ng mi.<\/div>\n<div dir=\"auto\">Dung d\u1ecbch d\u01b0\u1ee1ng t\u0103ng c\u01b0\u1eddng \u0111\u1ed9 c\u1ee9ng c\u1ee7a l\u00f4ng mi v\u00e0 khi\u1ebfn h\u00e0ng mi d\u00e0y h\u01a1n. V\u1edbi th\u00e0nh ph\u1ea7n Allantoin v\u00e0 Vitamin ch\u0103m s\u00f3c Biotin.<\/div>\n<div dir=\"auto\">S\u1ea3n ph\u1ea9m t\u1ed1t cho s\u1ee9c kh\u1ecfe ng\u01b0\u1eddi ti\u00eau d\u00f9ng n\u0103m 2019<\/div>\n<div dir=\"auto\">Ngay sau 6-8 tu\u1ea7n \u0111\u00e3 c\u00f3 th\u1ec3 nh\u1eadn th\u1ea5y hi\u1ec7u qu\u1ea3 \u0111\u1ea1t \u0111\u01b0\u1ee3c<\/div>\n","protected":false},"excerpt":{"rendered":"<p>\u00a0Balea Teint Perfektion Wimpernserum gi\u00fap cho c\u00e1c h\u00e0ng mi nh\u00ecn d\u00e0i h\u01a1n, d\u00e0y h\u01a1n, mang \u0111\u1ebfn cho b\u1ea1n m\u1ed9t v\u1ebb ngo\u00e0i ho\u00e0n h\u1ea3o! S\u1ea3n ph\u1ea9m c\u00f3 ch\u1ee9a h\u1ed7n h\u1ee3p peptid-activ, th\u00e0nh ph\u1ea7n \u0111\u01b0\u1ee3c ph\u00e1t tri\u1ec3n \u0111\u1eb7c bi\u1ec7t \u0111\u1ec3 t\u0103ng chi\u1ec1u &hellip; <a href=\"https:\/\/sansanhouse.com\/index.php\/product\/serum-duong-lam-day-va-dai-mi-balea\/\">Readmore<\/a><\/p>\n","protected":false},"featured_media":7458,"comment_status":"open","ping_status":"closed","template":"","meta":[],"product_cat":[168],"product_tag":[80],"_links":{"self":[{"href":"https:\/\/sansanhouse.com\/index.php\/wp-json\/wp\/v2\/product\/7140"}],"collection":[{"href":"https:\/\/sansanhouse.com\/index.php\/wp-json\/wp\/v2\/product"}],"about":[{"href":"https:\/\/sansanhouse.com\/index.php\/wp-json\/wp\/v2\/types\/product"}],"replies":[{"embeddable":true,"href":"https:\/\/sansanhouse.com\/index.php\/wp-json\/wp\/v2\/comments?post=7140"}],"wp:featuredmedia":[{"embeddable":true,"href":"https:\/\/sansanhouse.com\/index.php\/wp-json\/wp\/v2\/media\/7458"}],"wp:attachment":[{"href":"https:\/\/sansanhouse.com\/index.php\/wp-json\/wp\/v2\/media?parent=7140"}],"wp:term":[{"taxonomy":"product_cat","embeddable":true,"href":"https:\/\/sansanhouse.com\/index.php\/wp-json\/wp\/v2\/product_cat?post=7140"},{"taxonomy":"product_tag","embeddable":true,"href":"https:\/\/sansanhouse.com\/index.php\/wp-json\/wp\/v2\/product_tag?post=7140"}],"curies":[{"name":"wp","href":"https:\/\/api.w.org\/{rel}","templated":true}]}}