{"id":7142,"date":"2021-12-04T14:53:27","date_gmt":"2021-12-04T07:53:27","guid":{"rendered":"https:\/\/sansanhouse.com\/?post_type=product&#038;p=7142"},"modified":"2021-12-22T10:49:22","modified_gmt":"2021-12-22T03:49:22","slug":"dung-dich-rua-tay-kho-diet-khuan-assured-instant-hand-sanitizer","status":"publish","type":"product","link":"https:\/\/sansanhouse.com\/index.php\/product\/dung-dich-rua-tay-kho-diet-khuan-assured-instant-hand-sanitizer\/","title":{"rendered":"R\u1eeda tay kh\u00f4 Assured"},"content":{"rendered":"<div dir=\"auto\">Cam k\u1ebft h\u00e0ng \u0111\u00fang m\u00f4 t\u1ea3.Ch\u1ea5t l\u01b0\u1ee3ng \u0111\u1ea3m b\u1ea3o An to\u00e0n \u0111\u1ebfn S\u1ee9c Kh\u1ecfe ng\u01b0\u1eddi s\u1eed d\u1ee5ng.\u0110\u1ea3m b\u1ea3o cung c\u1ea5p c\u00e1c s\u1ea3n ph\u1ea9m \u0111ang \u0111\u01b0\u1ee3c s\u0103n \u0111\u00f3n tr\u00ean th\u1ecb tr\u01b0\u1eddng hi\u1ec7n nay.<\/div>\n<div dir=\"auto\">Dung d\u1ecbch r\u1eeda tay kh\u00f4 di\u1ec7t khu\u1ea9n Assured Instant Hand Sanitizer c\u00f3 kh\u1ea3 n\u0103ng s\u00e1t khu\u1ea9n c\u1ef1c m\u1ea1nh, ti\u00eau di\u1ec7t 99% c\u00e1c vi tr\u00f9ng th\u00f4ng th\u01b0\u1eddng c\u00f3 th\u1ec3 g\u00e2y b\u1ec7nh cho b\u1ea1n v\u00e0 gia \u0111\u00ecnh m\u00e0 kh\u00f4ng l\u00e0m kh\u00f4 da b\u1edfi s\u1ea3n ph\u1ea9m c\u00f3 ch\u1ee9a th\u00e0nh ph\u1ea7n d\u01b0\u1ee1ng \u1ea9m v\u00e0 l\u00f4 h\u1ed9i gi\u00fap d\u01b0\u1ee1ng da tay tr\u1edf n\u00ean m\u1ec1m m\u1ea1i h\u01a1n. Assured \u1edf d\u1ea1ng gel n\u00ean th\u1ea9m th\u1ea5u v\u00e0o da m\u1ed9t c\u00e1ch nhanh ch\u00f3ng, l\u00e0 gi\u1ea3i ph\u00e1p hi\u1ec7u qu\u1ea3 gi\u1eef cho \u0111\u00f4i tay c\u1ee7a b\u1ea1n lu\u00f4n s\u1ea1ch v\u00e0 th\u01a1m m\u00e1t.<\/div>\n<div dir=\"auto\">Dung d\u1ecbch r\u1eeda tay d\u1ea1ng gel nh\u1eb9 nh\u00e0ng gi\u00fap b\u1ea1n r\u1eeda s\u1ea1ch nh\u1eefng vi khu\u1ea9n tr\u00ean tay m\u00e0 kh\u00f4ng c\u1ea7n c\u00f3 s\u1ef1 tr\u1ee3 gi\u00fap c\u1ee7a n\u01b0\u1edbc hay c\u00e1c lo\u1ea1i x\u00e0 b\u00f4ng kh\u00e1c. S\u1ea3n ph\u1ea9m nh\u1eb9 d\u1ecbu ph\u00f9 h\u1ee3p v\u1edbi m\u1ecdi lo\u1ea1i da.<\/div>\n","protected":false},"excerpt":{"rendered":"<p>Cam k\u1ebft h\u00e0ng \u0111\u00fang m\u00f4 t\u1ea3.Ch\u1ea5t l\u01b0\u1ee3ng \u0111\u1ea3m b\u1ea3o An to\u00e0n \u0111\u1ebfn S\u1ee9c Kh\u1ecfe ng\u01b0\u1eddi s\u1eed d\u1ee5ng.\u0110\u1ea3m b\u1ea3o cung c\u1ea5p c\u00e1c s\u1ea3n ph\u1ea9m \u0111ang \u0111\u01b0\u1ee3c s\u0103n \u0111\u00f3n tr\u00ean th\u1ecb tr\u01b0\u1eddng hi\u1ec7n nay. Dung d\u1ecbch r\u1eeda tay kh\u00f4 di\u1ec7t khu\u1ea9n Assured &hellip; <a href=\"https:\/\/sansanhouse.com\/index.php\/product\/dung-dich-rua-tay-kho-diet-khuan-assured-instant-hand-sanitizer\/\">Readmore<\/a><\/p>\n","protected":false},"featured_media":7460,"comment_status":"open","ping_status":"closed","template":"","meta":[],"product_cat":[168],"product_tag":[80],"_links":{"self":[{"href":"https:\/\/sansanhouse.com\/index.php\/wp-json\/wp\/v2\/product\/7142"}],"collection":[{"href":"https:\/\/sansanhouse.com\/index.php\/wp-json\/wp\/v2\/product"}],"about":[{"href":"https:\/\/sansanhouse.com\/index.php\/wp-json\/wp\/v2\/types\/product"}],"replies":[{"embeddable":true,"href":"https:\/\/sansanhouse.com\/index.php\/wp-json\/wp\/v2\/comments?post=7142"}],"wp:featuredmedia":[{"embeddable":true,"href":"https:\/\/sansanhouse.com\/index.php\/wp-json\/wp\/v2\/media\/7460"}],"wp:attachment":[{"href":"https:\/\/sansanhouse.com\/index.php\/wp-json\/wp\/v2\/media?parent=7142"}],"wp:term":[{"taxonomy":"product_cat","embeddable":true,"href":"https:\/\/sansanhouse.com\/index.php\/wp-json\/wp\/v2\/product_cat?post=7142"},{"taxonomy":"product_tag","embeddable":true,"href":"https:\/\/sansanhouse.com\/index.php\/wp-json\/wp\/v2\/product_tag?post=7142"}],"curies":[{"name":"wp","href":"https:\/\/api.w.org\/{rel}","templated":true}]}}