{"id":7152,"date":"2021-12-04T15:00:44","date_gmt":"2021-12-04T08:00:44","guid":{"rendered":"https:\/\/sansanhouse.com\/?post_type=product&#038;p=7152"},"modified":"2023-04-21T11:17:21","modified_gmt":"2023-04-21T04:17:21","slug":"gel-rua-tay-kho-diet-khuan-purell","status":"publish","type":"product","link":"https:\/\/sansanhouse.com\/index.php\/product\/gel-rua-tay-kho-diet-khuan-purell\/","title":{"rendered":"Gel r\u1eeda tay kh\u00f4 purell"},"content":{"rendered":"<div class=\"o9v6fnle cxmmr5t8 oygrvhab hcukyx3x c1et5uql ii04i59q\">\n<div dir=\"auto\">Dung t\u00edch : 59ml<\/div>\n<div dir=\"auto\">\u0110\u1ea3m b\u1ea3o v\u1ec7 sinh an to\u00e0n ph\u00f2ng tr\u00e1nh l\u00e2y nhi\u1ec5m virus Covid-19 (Corona) v\u00e0 di\u1ec7t virus hi\u1ec7u qu\u1ea3. Gi\u00fap ng\u0103n ng\u1eeba c\u00e1c vi khu\u1ea9n, vi r\u00fat g\u00e2y b\u1ec7nh l\u00e2y lan qua ti\u1ebfp x\u00fac ngo\u00e0i da v\u00e0 \u0103n u\u1ed1ng.<\/div>\n<div dir=\"auto\">L\u00e0m s\u1ea1ch tay, kh\u00e1ng khu\u1ea9n v\u00e0 ti\u00eau di\u1ec7t khu\u1ea9n tr\u00ean da t\u1edbi 99.99% m\u00e0 kh\u00f4ng c\u1ea7n ph\u1ea3i r\u1eeda tay v\u1edbi n\u01b0\u1edbc.<\/div>\n<div dir=\"auto\">Gi\u00fap l\u00e0m s\u1ea1ch v\u00e0 \u0111\u1ea9y l\u00f9i vi khu\u1ea9n b\u00e1m tr\u00ean b\u1ec1 m\u1eb7t da, v\u1eadt d\u1ee5ng, tr\u01b0\u1eddng h\u1ecdc, nh\u00e0 \u1edf, \u00f4 t\u00f4 v\u00e0 x\u1ecbt \u0111\u01b0\u1ee3c l\u00ean kh\u1ea9u trang, cam k\u1ebft v\u1ec1 ch\u1ea5t l\u01b0\u1ee3ng.<\/div>\n<div dir=\"auto\">Cam k\u1ebft kh\u00f4ng d\u00f9ng Ethanol v\u00e0 Methanol c\u00f4ng nghi\u1ec7p.<\/div>\n<div dir=\"auto\">Cam k\u1ebft kh\u00f4ng s\u1eed d\u1ee5ng h\u01b0\u01a1ng li\u1ec7u.<\/div>\n<\/div>\n<div class=\"o9v6fnle cxmmr5t8 oygrvhab hcukyx3x c1et5uql ii04i59q\">\n<div dir=\"auto\">S\u00e1t khu\u1ea9n nhanh v\u1edbi ph\u1ed5 r\u1ed9ng gi\u00fap nhanh ch\u00f3ng ti\u00eau di\u1ec7t vi khu\u1ea9n g\u00e2y b\u1ec7nh tr\u00ean da, c\u00e1c ch\u1ee7ng n\u1ea5m b\u1ec7nh, tr\u1ef1c khu\u1ea9n virus nh\u01b0ng ko l\u00e0m h\u1ea1i da tay khi s\u1eed d\u1ee5ng nhi\u1ec1u l\u1ea7n trong ng\u00e0y v\u00e0 ko c\u1ea7n r\u1eeda l\u1ea1i v\u1edbi n\u01b0\u1edbc, h\u1ed7 tr\u1ee3 ph\u00f2ng ng\u1eeba h\u1eefu hi\u1ec7u c\u00e1c b\u1ec7nh d\u1ecbch v\u1ec1 \u0111\u01b0\u1eddng ti\u00eau ho\u00e1 v\u00e0 l\u00e2y nhi\u1ec5m.<\/div>\n<\/div>\n<div class=\"o9v6fnle cxmmr5t8 oygrvhab hcukyx3x c1et5uql ii04i59q\">\n<div dir=\"auto\">K\u00edch th\u01b0\u1edbc nh\u1ecf, d\u1ec5 d\u00e0ng mang theo<\/div>\n<div dir=\"auto\">S\u1eed d\u1ee5ng t\u1ea1i v\u0103n ph\u00f2ng, nh\u00e0, trong xe h\u01a1i, tr\u01b0\u1eddng h\u1ecdc ho\u1eb7c b\u1ea5t c\u1ee9 n\u01a1i n\u00e0o kh\u00e1c b\u1ea1n c\u1ea7n \u0111\u1ec3 nhanh ch\u00f3ng l\u00e0m s\u1ea1ch tay.<\/div>\n<div dir=\"auto\">C\u00e1ch s\u1eed d\u1ee5ng: cho m\u1ed9t \u00edt gel tr\u00ean l\u00f2ng b\u00e0n tay c\u1ee7a b\u1ea1n v\u00e0 thoa \u0111\u1ec1u tr\u00ean c\u1ea3 hai tay, kh\u00f4ng c\u1ea7n n\u01b0\u1edbc ho\u1eb7c kh\u0103n, ch\u00e0 v\u00e0o da cho \u0111\u1ebfn khi kh\u00f4.<\/div>\n<div dir=\"auto\">K\u00edch th\u01b0\u1edbc nh\u1ecf, d\u1ec5 d\u00e0ng mang theo S\u1eed d\u1ee5ng t\u1ea1i v\u0103n ph\u00f2ng, nh\u00e0, trong xe h\u01a1i, tr\u01b0\u1eddng h\u1ecdc ho\u1eb7c b\u1ea5t c\u1ee9 n\u01a1i n\u00e0o kh\u00e1c b\u1ea1n c\u1ea7n \u0111\u1ec3 nhanh ch\u00f3ng l\u00e0m s\u1ea1ch tay.<\/div>\n<\/div>\n","protected":false},"excerpt":{"rendered":"<p>Dung t\u00edch : 59ml \u0110\u1ea3m b\u1ea3o v\u1ec7 sinh an to\u00e0n ph\u00f2ng tr\u00e1nh l\u00e2y nhi\u1ec5m virus Covid-19 (Corona) v\u00e0 di\u1ec7t virus hi\u1ec7u qu\u1ea3. Gi\u00fap ng\u0103n ng\u1eeba c\u00e1c vi khu\u1ea9n, vi r\u00fat g\u00e2y b\u1ec7nh l\u00e2y lan qua ti\u1ebfp x\u00fac ngo\u00e0i da v\u00e0 &hellip; <a href=\"https:\/\/sansanhouse.com\/index.php\/product\/gel-rua-tay-kho-diet-khuan-purell\/\">Readmore<\/a><\/p>\n","protected":false},"featured_media":7462,"comment_status":"open","ping_status":"closed","template":"","meta":[],"product_cat":[168],"product_tag":[80],"_links":{"self":[{"href":"https:\/\/sansanhouse.com\/index.php\/wp-json\/wp\/v2\/product\/7152"}],"collection":[{"href":"https:\/\/sansanhouse.com\/index.php\/wp-json\/wp\/v2\/product"}],"about":[{"href":"https:\/\/sansanhouse.com\/index.php\/wp-json\/wp\/v2\/types\/product"}],"replies":[{"embeddable":true,"href":"https:\/\/sansanhouse.com\/index.php\/wp-json\/wp\/v2\/comments?post=7152"}],"wp:featuredmedia":[{"embeddable":true,"href":"https:\/\/sansanhouse.com\/index.php\/wp-json\/wp\/v2\/media\/7462"}],"wp:attachment":[{"href":"https:\/\/sansanhouse.com\/index.php\/wp-json\/wp\/v2\/media?parent=7152"}],"wp:term":[{"taxonomy":"product_cat","embeddable":true,"href":"https:\/\/sansanhouse.com\/index.php\/wp-json\/wp\/v2\/product_cat?post=7152"},{"taxonomy":"product_tag","embeddable":true,"href":"https:\/\/sansanhouse.com\/index.php\/wp-json\/wp\/v2\/product_tag?post=7152"}],"curies":[{"name":"wp","href":"https:\/\/api.w.org\/{rel}","templated":true}]}}