{"id":7164,"date":"2021-12-04T15:09:36","date_gmt":"2021-12-04T08:09:36","guid":{"rendered":"https:\/\/sansanhouse.com\/?post_type=product&#038;p=7164"},"modified":"2021-12-22T10:41:56","modified_gmt":"2021-12-22T03:41:56","slug":"xit-chong-nang-trong-suot-sundance-spf-50-san-pham-cua-hang-chong-nang-so-1-tai-duc","status":"publish","type":"product","link":"https:\/\/sansanhouse.com\/index.php\/product\/xit-chong-nang-trong-suot-sundance-spf-50-san-pham-cua-hang-chong-nang-so-1-tai-duc\/","title":{"rendered":"X\u1ecbt ch\u1ed1ng n\u1eafng SUNDANCE SPF 50"},"content":{"rendered":"<div dir=\"auto\">Dung t\u00edch :200ml<\/div>\n<div dir=\"auto\">D\u00f9ng cho BODY<\/div>\n<div dir=\"auto\">T\u00e1c d\u1ee5ng ch\u1ed1ng l\u1ea1i c\u1ea3 2 tia UVA v\u00e0 UVB<\/div>\n<div dir=\"auto\">Ngo\u00e0i ra c\u00f2n c\u00f3 t\u00e1c d\u1ee5ng l\u00e0m tr\u1eafng da,<\/div>\n<div dir=\"auto\">M\u00f9i r\u1ea5t TH\u01a0M v\u00e0 d\u1ec5 ch\u1ecbu.<\/div>\n<div dir=\"auto\"><\/div>\n<div dir=\"auto\">&#8211; V\u1edbi th\u00e0nh ph\u1ea7n Glyercin v\u00e0 pro-vitamin B5 b\u1ea3o v\u1ec7 da kh\u1ecfi t\u00ecnh tr\u1ea1ng m\u1ea5t n\u01b0\u1edbc su\u1ed1t 24h.<\/div>\n<div dir=\"auto\">Thi\u1ebft k\u1ebf d\u1ea1ng phun gi\u00fap dung d\u1ecbch \u0111\u01b0\u1ee3c h\u1ea5p th\u1ee5 nhanh ch\u00f3ng qua b\u1ec1 m\u1eb7t da<\/div>\n<div dir=\"auto\">B\u1ea3o v\u1ec7 da t\u1ee9c th\u1eddi v\u00e0 l\u00e2u d\u00e0i.<\/div>\n<div dir=\"auto\">Kh\u00f4ng b\u00f3ng nh\u1eddn, ch\u1ed1ng th\u1ea5m n\u01b0\u1edbc, duy tr\u00ec b\u1ea3o v\u1ec7 da khi ra m\u1ed3 h\u00f4i, sau khi b\u01a1i ho\u1eb7c lau c\u01a1 th\u1ec3 b\u1eb1ng kh\u0103n kh\u00f4.<\/div>\n<div dir=\"auto\">Cung c\u1ea5p \u0111\u1ed9 \u1ea9m cho da \u0111\u1ebfn 24h, b\u1ea3o v\u1ec7 da kh\u00f4ng b\u1ecb kh\u00f4, m\u1ea5t n\u01b0\u1edbc.<\/div>\n<div dir=\"auto\">An to\u00e0n tr\u00ean m\u1ecdi lo\u1ea1i da.<\/div>\n<div dir=\"auto\"><\/div>\n<div dir=\"auto\">&#8211; C\u00e1ch s\u1eed d\u1ee5ng:<\/div>\n<div dir=\"auto\">X\u1ecbt v\u00e0 xoa \u0111\u1ec1u kem ch\u1ed1ng n\u1eafng Sundance l\u00ean v\u00f9ng da c\u1ea7n b\u1ea3o v\u1ec7 tr\u01b0\u1edbc khi ra n\u1eafng t\u1eeb 15-20 ph\u00fat cho kem th\u1ea9m th\u1ea5u \u0111\u1ec3 \u0111\u1ea1t hi\u1ec7u qu\u1ea3 nh\u1ea5t.<\/div>\n<div dir=\"auto\">B\u1ea1n h\u00e3y nh\u1edb x\u1ecbt l\u1ea1i ch\u1ed1ng n\u1eafng Sundance sau 2 ti\u1ebfng n\u1ebfu b\u1ea1n \u0111i bi\u1ec3n, \u0111i b\u01a1i hay \u0111\u1ed5 m\u1ed3 h\u00f4i nh\u00e9!<\/div>\n<div dir=\"auto\">Th\u00edch h\u1ee3p d\u00f9ng h\u00e0ng ng\u00e0y ho\u1eb7c \u0111i bi\u1ec3n<\/div>\n","protected":false},"excerpt":{"rendered":"<p>Dung t\u00edch :200ml D\u00f9ng cho BODY T\u00e1c d\u1ee5ng ch\u1ed1ng l\u1ea1i c\u1ea3 2 tia UVA v\u00e0 UVB Ngo\u00e0i ra c\u00f2n c\u00f3 t\u00e1c d\u1ee5ng l\u00e0m tr\u1eafng da, M\u00f9i r\u1ea5t TH\u01a0M v\u00e0 d\u1ec5 ch\u1ecbu. &#8211; V\u1edbi th\u00e0nh ph\u1ea7n Glyercin v\u00e0 pro-vitamin B5 b\u1ea3o &hellip; <a href=\"https:\/\/sansanhouse.com\/index.php\/product\/xit-chong-nang-trong-suot-sundance-spf-50-san-pham-cua-hang-chong-nang-so-1-tai-duc\/\">Readmore<\/a><\/p>\n","protected":false},"featured_media":7165,"comment_status":"open","ping_status":"closed","template":"","meta":[],"product_cat":[168],"product_tag":[80],"_links":{"self":[{"href":"https:\/\/sansanhouse.com\/index.php\/wp-json\/wp\/v2\/product\/7164"}],"collection":[{"href":"https:\/\/sansanhouse.com\/index.php\/wp-json\/wp\/v2\/product"}],"about":[{"href":"https:\/\/sansanhouse.com\/index.php\/wp-json\/wp\/v2\/types\/product"}],"replies":[{"embeddable":true,"href":"https:\/\/sansanhouse.com\/index.php\/wp-json\/wp\/v2\/comments?post=7164"}],"wp:featuredmedia":[{"embeddable":true,"href":"https:\/\/sansanhouse.com\/index.php\/wp-json\/wp\/v2\/media\/7165"}],"wp:attachment":[{"href":"https:\/\/sansanhouse.com\/index.php\/wp-json\/wp\/v2\/media?parent=7164"}],"wp:term":[{"taxonomy":"product_cat","embeddable":true,"href":"https:\/\/sansanhouse.com\/index.php\/wp-json\/wp\/v2\/product_cat?post=7164"},{"taxonomy":"product_tag","embeddable":true,"href":"https:\/\/sansanhouse.com\/index.php\/wp-json\/wp\/v2\/product_tag?post=7164"}],"curies":[{"name":"wp","href":"https:\/\/api.w.org\/{rel}","templated":true}]}}