{"id":7166,"date":"2021-12-04T15:11:20","date_gmt":"2021-12-04T08:11:20","guid":{"rendered":"https:\/\/sansanhouse.com\/?post_type=product&#038;p=7166"},"modified":"2021-12-22T10:41:17","modified_gmt":"2021-12-22T03:41:17","slug":"kem-giam-sac-to-nam-balea-dunkle-flecken-aufheller","status":"publish","type":"product","link":"https:\/\/sansanhouse.com\/index.php\/product\/kem-giam-sac-to-nam-balea-dunkle-flecken-aufheller\/","title":{"rendered":"Kem gi\u1ea3m s\u1eafc t\u1ed1 n\u00e1m Balea"},"content":{"rendered":"<div class=\"o9v6fnle cxmmr5t8 oygrvhab hcukyx3x c1et5uql ii04i59q\">\n<div dir=\"auto\">TH\u00c2M N\u00c1M TH\u00c2M M\u1ee4N D\u01af\u1edcNG NH\u01af \u0110\u00c3 R\u1ee6 NHAU CAO CH\u1ea0Y XA BAY&#8230;T\u1ea4T C\u1ea2 L\u00c0 NH\u1edcBALEA TR\u1eca N\u00c1M CHUY\u00caN S\u00c2U TH\u1ea6N TH\u00c1NH \u0110\u1ea4Y \u1ea0<\/div>\n<\/div>\n<div class=\"o9v6fnle cxmmr5t8 oygrvhab hcukyx3x c1et5uql ii04i59q\">\n<div dir=\"auto\">Dung t\u00edch: 15ml<\/div>\n<\/div>\n<div class=\"o9v6fnle cxmmr5t8 oygrvhab hcukyx3x c1et5uql ii04i59q\">\n<div dir=\"auto\">Kem Balea Dunkle Flecken Aufheller c\u00f3 ch\u1ee9a c\u00e1c vitamin E, vitamin C v\u00e0 vitamin B5. Vitamin C c\u00f3 t\u00e1c d\u1ee5ng \u1ee9c ch\u1ebf ho\u1ea1t \u0111\u1ed9ng c\u1ee7a tyrosinase gi\u1ea3m th\u00e2m n\u00e1m da gi\u00fap l\u00e0m s\u00e1ng da l\u00e0m \u0111\u1ec1u m\u00e0u da cho b\u1ea1n l\u00e0n da tr\u1eafng \u0111\u1ec1u t\u1ef1 nhi\u00ean. Vitamin E v\u00e0 C c\u00f2n c\u00f3 t\u00e1c d\u1ee5ng ch\u1ed1ng oxy h\u00f3a v\u00e0 b\u1ea3o v\u1ec7 da ch\u1ed1ng l\u1ea1i c\u00e1c g\u1ed1c t\u1ef1 do v\u00e0 t\u00e1c \u0111\u1ed9ng ti\u00eau c\u1ef1c v\u1ec1 m\u00f4i tr\u01b0\u1eddng cho b\u1ea1n l\u00e0n da kh\u1ecfe m\u1ea1nh tr\u1ebb trung h\u01a1n. Panthenol c\u1ea5p \u1ea9m v\u00e0 d\u01b0\u1ee1ng \u1ea9m hi\u1ec7u qu\u1ea3 b\u1ea3o v\u1ec7 da kh\u1ecfi b\u1ecb kh\u00f4 gi\u00fap da m\u1ec1m m\u1ecbn, ng\u1eadm n\u01b0\u1edbc.<\/div>\n<div dir=\"auto\"><\/div>\n<div dir=\"auto\">C\u00f4ng d\u1ee5ng:<\/div>\n<div dir=\"auto\">B\u1ea3o v\u1ec7 da gi\u00fap tr\u1ecb t\u1eadn g\u1ed1c c\u00e1c \u0111\u1ed1m \u0111en t\u1eeb b\u00ean trong da v\u00e0 t\u0103ng c\u01b0\u1eddng ch\u1ee9c n\u0103ng b\u1ea3o v\u1ec7 da t\u1ef1 nhi\u00ean<\/div>\n<div dir=\"auto\">L\u00e0m tr\u1eafng da v\u00e0 l\u00e0m \u0111\u1ec1u m\u00e0u da<\/div>\n<div dir=\"auto\">Ch\u1ed1ng oxy h\u00f3a v\u00e0 b\u1ea3o v\u1ec7 da ch\u1ed1ng l\u1ea1i n\u00e1m da do \u1ea3nh h\u01b0\u1edfng c\u1ee7a m\u00f4i tr\u01b0\u1eddng<\/div>\n<div dir=\"auto\">Cung c\u1ea5p \u0111\u1ed9 \u1ea9m hi\u1ec7u qu\u1ea3, t\u0103ng \u0111\u1ed9 d\u01b0\u1ee1ng \u1ea9m cho da v\u00e0 b\u1ea3o v\u1ec7 da kh\u1ecfi b\u1ecb kh\u00f4<\/div>\n<\/div>\n","protected":false},"excerpt":{"rendered":"<p>TH\u00c2M N\u00c1M TH\u00c2M M\u1ee4N D\u01af\u1edcNG NH\u01af \u0110\u00c3 R\u1ee6 NHAU CAO CH\u1ea0Y XA BAY&#8230;T\u1ea4T C\u1ea2 L\u00c0 NH\u1edcBALEA TR\u1eca N\u00c1M CHUY\u00caN S\u00c2U TH\u1ea6N TH\u00c1NH \u0110\u1ea4Y \u1ea0 Dung t\u00edch: 15ml Kem Balea Dunkle Flecken Aufheller c\u00f3 ch\u1ee9a c\u00e1c vitamin E, vitamin C v\u00e0 &hellip; <a href=\"https:\/\/sansanhouse.com\/index.php\/product\/kem-giam-sac-to-nam-balea-dunkle-flecken-aufheller\/\">Readmore<\/a><\/p>\n","protected":false},"featured_media":7464,"comment_status":"open","ping_status":"closed","template":"","meta":[],"product_cat":[168],"product_tag":[80],"_links":{"self":[{"href":"https:\/\/sansanhouse.com\/index.php\/wp-json\/wp\/v2\/product\/7166"}],"collection":[{"href":"https:\/\/sansanhouse.com\/index.php\/wp-json\/wp\/v2\/product"}],"about":[{"href":"https:\/\/sansanhouse.com\/index.php\/wp-json\/wp\/v2\/types\/product"}],"replies":[{"embeddable":true,"href":"https:\/\/sansanhouse.com\/index.php\/wp-json\/wp\/v2\/comments?post=7166"}],"wp:featuredmedia":[{"embeddable":true,"href":"https:\/\/sansanhouse.com\/index.php\/wp-json\/wp\/v2\/media\/7464"}],"wp:attachment":[{"href":"https:\/\/sansanhouse.com\/index.php\/wp-json\/wp\/v2\/media?parent=7166"}],"wp:term":[{"taxonomy":"product_cat","embeddable":true,"href":"https:\/\/sansanhouse.com\/index.php\/wp-json\/wp\/v2\/product_cat?post=7166"},{"taxonomy":"product_tag","embeddable":true,"href":"https:\/\/sansanhouse.com\/index.php\/wp-json\/wp\/v2\/product_tag?post=7166"}],"curies":[{"name":"wp","href":"https:\/\/api.w.org\/{rel}","templated":true}]}}