{"id":7170,"date":"2021-12-04T15:14:14","date_gmt":"2021-12-04T08:14:14","guid":{"rendered":"https:\/\/sansanhouse.com\/?post_type=product&#038;p=7170"},"modified":"2023-06-03T23:55:33","modified_gmt":"2023-06-03T16:55:33","slug":"dau-tam-goi-bubchen","status":"publish","type":"product","link":"https:\/\/sansanhouse.com\/index.php\/product\/dau-tam-goi-bubchen\/","title":{"rendered":"D\u1ea7u t\u0103m g\u1ed9i bubchen"},"content":{"rendered":"<div dir=\"auto\">Dung t\u00edch : 230ml<\/div>\n<div dir=\"auto\">H\u01b0\u01a1ng m\u00e2m x\u00f4i<\/div>\n<div dir=\"auto\">L\u00e0m s\u1ea1ch v\u00e0 ch\u0103m s\u00f3c nh\u1eb9 nh\u00e0ng<\/div>\n<div dir=\"auto\">\u0110\u1eb7c bi\u1ec7t cho da v\u00e0 t\u00f3c<\/div>\n<div dir=\"auto\">Ph\u00e1t tri\u1ec3n b\u1edfi tr\u1ebb em<\/div>\n<div dir=\"auto\">B\u00fcbchen Kids Shampoo &amp; Shower Gel Raspberry Fun l\u00e0m s\u1ea1ch nh\u1eb9 nh\u00e0ng v\u00e0 duy tr\u00ec \u0111\u1ed9 \u1ea9m cho l\u00e0n da m\u1ecfng manh c\u1ee7a tr\u1ebb &#8211; \u0111\u1ec3 ch\u0103m s\u00f3c h\u00e0ng ng\u00e0y v\u00e0 nh\u1eb9 nh\u00e0ng. N\u00f3 \u0111\u1ea3m b\u1ea3o m\u1ed9t tr\u1ea3i nghi\u1ec7m t\u01b0\u01a1i m\u1edbi \u0111\u1ea7y m\u00e0u s\u1eafc v\u1edbi c\u00e1c th\u00e0nh ph\u1ea7n t\u1ef1 nhi\u00ean v\u00e0 ch\u1ea5t l\u01b0\u1ee3ng t\u1ed1t nh\u1ea5t.<\/div>\n","protected":false},"excerpt":{"rendered":"<p>Dung t\u00edch : 230ml H\u01b0\u01a1ng m\u00e2m x\u00f4i L\u00e0m s\u1ea1ch v\u00e0 ch\u0103m s\u00f3c nh\u1eb9 nh\u00e0ng \u0110\u1eb7c bi\u1ec7t cho da v\u00e0 t\u00f3c Ph\u00e1t tri\u1ec3n b\u1edfi tr\u1ebb em B\u00fcbchen Kids Shampoo &amp; Shower Gel Raspberry Fun l\u00e0m s\u1ea1ch nh\u1eb9 nh\u00e0ng v\u00e0 duy tr\u00ec &hellip; <a href=\"https:\/\/sansanhouse.com\/index.php\/product\/dau-tam-goi-bubchen\/\">Readmore<\/a><\/p>\n","protected":false},"featured_media":7465,"comment_status":"open","ping_status":"closed","template":"","meta":[],"product_cat":[168],"product_tag":[80],"_links":{"self":[{"href":"https:\/\/sansanhouse.com\/index.php\/wp-json\/wp\/v2\/product\/7170"}],"collection":[{"href":"https:\/\/sansanhouse.com\/index.php\/wp-json\/wp\/v2\/product"}],"about":[{"href":"https:\/\/sansanhouse.com\/index.php\/wp-json\/wp\/v2\/types\/product"}],"replies":[{"embeddable":true,"href":"https:\/\/sansanhouse.com\/index.php\/wp-json\/wp\/v2\/comments?post=7170"}],"wp:featuredmedia":[{"embeddable":true,"href":"https:\/\/sansanhouse.com\/index.php\/wp-json\/wp\/v2\/media\/7465"}],"wp:attachment":[{"href":"https:\/\/sansanhouse.com\/index.php\/wp-json\/wp\/v2\/media?parent=7170"}],"wp:term":[{"taxonomy":"product_cat","embeddable":true,"href":"https:\/\/sansanhouse.com\/index.php\/wp-json\/wp\/v2\/product_cat?post=7170"},{"taxonomy":"product_tag","embeddable":true,"href":"https:\/\/sansanhouse.com\/index.php\/wp-json\/wp\/v2\/product_tag?post=7170"}],"curies":[{"name":"wp","href":"https:\/\/api.w.org\/{rel}","templated":true}]}}