{"id":7173,"date":"2021-12-04T15:15:34","date_gmt":"2021-12-04T08:15:34","guid":{"rendered":"https:\/\/sansanhouse.com\/?post_type=product&#038;p=7173"},"modified":"2023-06-04T00:09:51","modified_gmt":"2023-06-03T17:09:51","slug":"tui-thom-denkmit","status":"publish","type":"product","link":"https:\/\/sansanhouse.com\/index.php\/product\/tui-thom-denkmit\/","title":{"rendered":"T\u00fai th\u01a1m Denkmit"},"content":{"rendered":"<div class=\"o9v6fnle cxmmr5t8 oygrvhab hcukyx3x c1et5uql ii04i59q\">\n<div dir=\"auto\">T\u00fai th\u01a1m Denkmit m\u1ed7i h\u1ed9p g\u1ed3m 4 t\u00fai, ch\u1ec9 c\u1ea7n \u0111\u1ec3 t\u00fai th\u01a1m v\u00e0o t\u1ee7 qu\u1ea7n \u00e1o l\u00e0 xong.<\/div>\n<div dir=\"auto\">Ch\u1ed1ng \u1ea9m m\u1ed1c qu\u1ea7n \u00e1o, v\u1eadt d\u1ee5ng, gi\u00e0y d\u00e9p<\/div>\n<div dir=\"auto\">L\u01b0u m\u00f9i h\u01b0\u01a1ng th\u01a1m ki\u1ec3u Ch\u00e2u \u00c2u nh\u01b0ng c\u1ef1c sang ch\u1ea3nh tr\u00ean qu\u1ea7n \u00e1o, \u0111\u1ed3<\/div>\n<\/div>\n<div class=\"o9v6fnle cxmmr5t8 oygrvhab hcukyx3x c1et5uql ii04i59q\">\n<div dir=\"auto\">T\u00fai th\u01a1m \u0111\u1ec3 t\u1ee7 qu\u1ea7n \u00e1o Denkmit Duftkissen v\u1edbi h\u1ea1t ng\u1ecdc chai t\u01b0\u01a1i gi\u00fap qu\u1ea7n \u00e1o trong t\u1ee7 lu\u00f4n c\u00f3 m\u00f9i h\u01b0\u01a1ng hoa d\u1ec5 ch\u1ecbu trong su\u1ed1t 8 tu\u1ea7n.<\/div>\n<\/div>\n<div class=\"o9v6fnle cxmmr5t8 oygrvhab hcukyx3x c1et5uql ii04i59q\">\n<div dir=\"auto\">S\u1eed d\u1ee5ng t\u00fai th\u01a1m l\u00e0 m\u1ed9t b\u01b0\u1edbc quan tr\u1ecdng \u0111\u1ec3 ch\u0103m s\u00f3c qu\u1ea7n \u00e1o sau khi gi\u1eb7t. T\u00e1c d\u1ee5ng kh\u1eed m\u00f9i kh\u00f4ng kh\u00ed, mang l\u1ea1i kh\u00f4ng gian t\u01b0\u01a1i m\u00e1t, d\u1ec5 ch\u1ecbu\u2026 gi\u00fap qu\u1ea7n \u00e1o lu\u00f4n l\u01b0u h\u01b0\u01a1ng. \u0110\u01a1n gi\u1ea3n ch\u1ec9 c\u1ea7n \u0111\u1eb7t gi\u1eefa c\u00e1c h\u00e0ng \u0111\u1ec7t may, t\u00fai th\u01a1mv\u1edbi h\u01b0\u01a1ng hoa \u0111\u1ea3m b\u1ea3o s\u1ef1 t\u01b0\u01a1i m\u00e1t d\u1ec5 ch\u1ecbu trong t\u1ee7.<\/div>\n<\/div>\n<div class=\"o9v6fnle cxmmr5t8 oygrvhab hcukyx3x c1et5uql ii04i59q\">\n<div dir=\"auto\">S\u1ea3n ph\u1ea9m \u0111\u01b0\u1ee3c ng\u01b0\u1eddi d\u00f9ng ch\u00e2u \u00e2u \u0111\u00e1nh gi\u00e1 r\u1ea5t cao g\u1ea7n nh\u01b0 5 sao theo hai y\u1ebfu t\u1ed1 l\u00e0 gi\u00e1 tr\u1ecb ti\u1ec1n b\u1ecf ra v\u00e0 ch\u1ea5t l\u01b0\u1ee3ng s\u1ea3n ph\u1ea9m.<\/div>\n<\/div>\n","protected":false},"excerpt":{"rendered":"<p>T\u00fai th\u01a1m Denkmit m\u1ed7i h\u1ed9p g\u1ed3m 4 t\u00fai, ch\u1ec9 c\u1ea7n \u0111\u1ec3 t\u00fai th\u01a1m v\u00e0o t\u1ee7 qu\u1ea7n \u00e1o l\u00e0 xong. Ch\u1ed1ng \u1ea9m m\u1ed1c qu\u1ea7n \u00e1o, v\u1eadt d\u1ee5ng, gi\u00e0y d\u00e9p L\u01b0u m\u00f9i h\u01b0\u01a1ng th\u01a1m ki\u1ec3u Ch\u00e2u \u00c2u nh\u01b0ng c\u1ef1c sang ch\u1ea3nh tr\u00ean &hellip; <a href=\"https:\/\/sansanhouse.com\/index.php\/product\/tui-thom-denkmit\/\">Readmore<\/a><\/p>\n","protected":false},"featured_media":7174,"comment_status":"open","ping_status":"closed","template":"","meta":[],"product_cat":[168],"product_tag":[80],"_links":{"self":[{"href":"https:\/\/sansanhouse.com\/index.php\/wp-json\/wp\/v2\/product\/7173"}],"collection":[{"href":"https:\/\/sansanhouse.com\/index.php\/wp-json\/wp\/v2\/product"}],"about":[{"href":"https:\/\/sansanhouse.com\/index.php\/wp-json\/wp\/v2\/types\/product"}],"replies":[{"embeddable":true,"href":"https:\/\/sansanhouse.com\/index.php\/wp-json\/wp\/v2\/comments?post=7173"}],"wp:featuredmedia":[{"embeddable":true,"href":"https:\/\/sansanhouse.com\/index.php\/wp-json\/wp\/v2\/media\/7174"}],"wp:attachment":[{"href":"https:\/\/sansanhouse.com\/index.php\/wp-json\/wp\/v2\/media?parent=7173"}],"wp:term":[{"taxonomy":"product_cat","embeddable":true,"href":"https:\/\/sansanhouse.com\/index.php\/wp-json\/wp\/v2\/product_cat?post=7173"},{"taxonomy":"product_tag","embeddable":true,"href":"https:\/\/sansanhouse.com\/index.php\/wp-json\/wp\/v2\/product_tag?post=7173"}],"curies":[{"name":"wp","href":"https:\/\/api.w.org\/{rel}","templated":true}]}}