{"id":7177,"date":"2021-12-04T15:22:55","date_gmt":"2021-12-04T08:22:55","guid":{"rendered":"https:\/\/sansanhouse.com\/?post_type=product&#038;p=7177"},"modified":"2021-12-10T14:58:18","modified_gmt":"2021-12-10T07:58:18","slug":"kem-boi-am-nguc-co-hong-ho-khan-mivolis","status":"publish","type":"product","link":"https:\/\/sansanhouse.com\/index.php\/product\/kem-boi-am-nguc-co-hong-ho-khan-mivolis\/","title":{"rendered":"KEM B\u00d4I \u1ea4M NG\u1ef0C, C\u1ed4 H\u1eccNG, HO KH\u00c0N &#8211; Mivolis."},"content":{"rendered":"<div class=\"o9v6fnle cxmmr5t8 oygrvhab hcukyx3x c1et5uql ii04i59q\">\n<div dir=\"auto\">Tu\u00fdp: 75ml<\/div>\n<\/div>\n<div class=\"o9v6fnle cxmmr5t8 oygrvhab hcukyx3x c1et5uql ii04i59q\">\n<div dir=\"auto\">V\u1edbi Th\u00e0nh ph\u1ea7n nh\u01b0: long n\u00e3o, levomenthol, d\u1ea7u th\u00f4ng n\u00fai, d\u1ea7u khuynh di\u1ec7p, d\u1ea7u b\u1ea1ch \u0111\u00e0n.<\/div>\n<\/div>\n<div class=\"o9v6fnle cxmmr5t8 oygrvhab hcukyx3x c1et5uql ii04i59q\">\n<div dir=\"auto\">C\u00f4ng d\u1ee5ng d\u1ea7u xoa \u1ea5m ng\u1ef1c, GI\u1ea2M HO, GI\u1ea2I C\u1ea2M.<\/div>\n<div dir=\"auto\">Gi\u1eef \u1ea5m cho b\u00e9 ph\u00f2ng b\u1ecb ho, c\u1ea3m l\u1ea1nh, ho, s\u1ed5 m\u0169i, ng\u1ea1t m\u0169i.<\/div>\n<\/div>\n<div class=\"o9v6fnle cxmmr5t8 oygrvhab hcukyx3x c1et5uql ii04i59q\">\n<div dir=\"auto\">C\u00e1c m\u00f9i h\u01b0\u01a1ng nh\u1eb9 nh\u00e0ng c\u1ee7a hoa o\u1ea3i h\u01b0\u01a1ng, h\u01b0\u01a1ng th\u1ea3o v\u00e0 khuynh di\u1ec7p gi\u00fap b\u00e9 th\u01b0 gi\u00e3n v\u00e0 ng\u1ee7 ngon h\u01a1n v\u00e0o ban \u0111\u00eam v\u00e0 tho\u1ea3i m\u00e1i su\u1ed1t c\u1ea3 ng\u00e0y h\u00f4m sau.<\/div>\n<div dir=\"auto\">D\u1ee9t c\u1ea3m, ho c\u1ef1c t\u1ed1t, th\u00edch h\u1ee3p cho tr\u1ebb em v\u00e0 ng\u01b0\u1eddi gi\u00e0 (ng\u01b0\u1eddi c\u00f3 s\u1ee9c \u0111\u1ec1 kh\u00e1ng th\u1ea5p).<\/div>\n<div dir=\"auto\">Th\u00f4ng xoang v\u00e0 l\u00e0m ch\u00fang b\u1edbt kh\u00f4<\/div>\n<div dir=\"auto\">L\u00e0m d\u1ecbu \u0111au c\u01a1, \u0111au th\u00e0nh ng\u1ef1c do c\u00e1c c\u01a1 ho\u1eb7c d\u00e2y ch\u1eb1ng b\u1ecb c\u0103ng th\u1eb3ng.<\/div>\n<div dir=\"auto\">L\u00e0m \u1ea5m v\u00f9ng ng\u1ef1c, v\u00f9ng l\u01b0ng, l\u00f2ng b\u00e0n ch\u00e2n, th\u00e1i d\u01b0\u01a1ng, ng\u0103n ng\u1eeba c.\u1ea3m m\u1ea1o, s\u00f4 m\u0169i&#8230;<\/div>\n<div dir=\"auto\">Giam ho, ch\u1ea3y m\u0169i, r\u00e1t h\u1ecdng v\u00e0 kh\u00e0n ti\u1ebfng&#8230;<\/div>\n<div dir=\"auto\">Ai l\u00e0m vi\u1ec7c ph\u1ea3i n\u00f3i nhi\u1ec1u, n\u00f3i li\u00ean t\u1ee5c &#8230;.th\u00ec nh\u01a1 b\u00f4i d\u1ea7u Mivolis nh\u00e9<\/div>\n<div dir=\"auto\">Kem d\u00f9ng b\u00f4i ngo\u00e0i da, s\u1eed d\u1ee5ng \u1edf ng\u01b0\u1eddi l\u1edbn v\u00e0 tr\u1ebb em t\u1eeb 3 tu\u1ed5i tr\u1edf l\u00ean.<\/div>\n<div dir=\"auto\">Kh\u00f4ng s\u1eed d\u1ee5ng cho ph\u1ee5 n\u1eef c\u00f3 thai v\u00e0 cho con b\u00fa.<\/div>\n<\/div>\n<div class=\"o9v6fnle cxmmr5t8 oygrvhab hcukyx3x c1et5uql ii04i59q\">\n<div dir=\"auto\">HDSD : B\u00f4i l\u00ean c\u1ed5, ng\u1ef1c, l\u01b0ng, gan b\u00e0n ch\u00e2n&#8230; bu\u1ed1i t\u1ed1i tr\u01b0\u1edbc khi \u0111i ng\u1ee7 v\u00e0 bu\u1ed5i s\u00e1ng s\u1edbm. Thi\u00eat y\u00eau trong gia \u0111\u00ecnh.<\/div>\n<\/div>\n<div class=\"o9v6fnle cxmmr5t8 oygrvhab hcukyx3x c1et5uql ii04i59q\">\n<div dir=\"auto\">==&gt; H\u00c0NG L\u1ed6I H\u1ed8P DO V\u1eacN CHUY\u1ec2N N\u00caN M\u00ccNH S\u1ebc GI\u1ea2M GI\u00c1 S\u1ea2N PH\u1ea8M.<\/div>\n<\/div>\n","protected":false},"excerpt":{"rendered":"<p>Tu\u00fdp: 75ml V\u1edbi Th\u00e0nh ph\u1ea7n nh\u01b0: long n\u00e3o, levomenthol, d\u1ea7u th\u00f4ng n\u00fai, d\u1ea7u khuynh di\u1ec7p, d\u1ea7u b\u1ea1ch \u0111\u00e0n. C\u00f4ng d\u1ee5ng d\u1ea7u xoa \u1ea5m ng\u1ef1c, GI\u1ea2M HO, GI\u1ea2I C\u1ea2M. Gi\u1eef \u1ea5m cho b\u00e9 ph\u00f2ng b\u1ecb ho, c\u1ea3m l\u1ea1nh, ho, s\u1ed5 m\u0169i, &hellip; <a href=\"https:\/\/sansanhouse.com\/index.php\/product\/kem-boi-am-nguc-co-hong-ho-khan-mivolis\/\">Readmore<\/a><\/p>\n","protected":false},"featured_media":7178,"comment_status":"open","ping_status":"closed","template":"","meta":[],"product_cat":[168],"product_tag":[80],"_links":{"self":[{"href":"https:\/\/sansanhouse.com\/index.php\/wp-json\/wp\/v2\/product\/7177"}],"collection":[{"href":"https:\/\/sansanhouse.com\/index.php\/wp-json\/wp\/v2\/product"}],"about":[{"href":"https:\/\/sansanhouse.com\/index.php\/wp-json\/wp\/v2\/types\/product"}],"replies":[{"embeddable":true,"href":"https:\/\/sansanhouse.com\/index.php\/wp-json\/wp\/v2\/comments?post=7177"}],"wp:featuredmedia":[{"embeddable":true,"href":"https:\/\/sansanhouse.com\/index.php\/wp-json\/wp\/v2\/media\/7178"}],"wp:attachment":[{"href":"https:\/\/sansanhouse.com\/index.php\/wp-json\/wp\/v2\/media?parent=7177"}],"wp:term":[{"taxonomy":"product_cat","embeddable":true,"href":"https:\/\/sansanhouse.com\/index.php\/wp-json\/wp\/v2\/product_cat?post=7177"},{"taxonomy":"product_tag","embeddable":true,"href":"https:\/\/sansanhouse.com\/index.php\/wp-json\/wp\/v2\/product_tag?post=7177"}],"curies":[{"name":"wp","href":"https:\/\/api.w.org\/{rel}","templated":true}]}}