{"id":7181,"date":"2021-12-04T15:25:52","date_gmt":"2021-12-04T08:25:52","guid":{"rendered":"https:\/\/sansanhouse.com\/?post_type=product&#038;p=7181"},"modified":"2023-04-21T11:28:57","modified_gmt":"2023-04-21T04:28:57","slug":"xit-diet-khuan-hygiene-spray-domol","status":"publish","type":"product","link":"https:\/\/sansanhouse.com\/index.php\/product\/xit-diet-khuan-hygiene-spray-domol\/","title":{"rendered":"X\u1ecbt di\u1ec7t khu\u1ea9n Domol"},"content":{"rendered":"<div class=\"o9v6fnle cxmmr5t8 oygrvhab hcukyx3x c1et5uql ii04i59q\">\n<div dir=\"auto\">Dung t\u00edch : 250ml<\/div>\n<div dir=\"auto\">Mong mu\u1ed1n c\u00f3 m\u1ed9t m\u00f4i tr\u01b0\u1eddng v\u1ec7 sinh v\u00e0 s\u1ea1ch s\u1ebd. Thu\u1ed1c x\u1ecbt v\u1ec7 sinh domol kh\u1eed tr\u00f9ng \u0111\u00e1ng tin c\u1eady c\u00e1c b\u1ec1 m\u1eb7t v\u00e0 \u0111\u1ed3 v\u1eadt nh\u1ecf trong gia \u0111\u00ecnh c\u0169ng nh\u01b0 khi di chuy\u1ec3n &#8211; \u0111\u1ec3 ng\u0103n ng\u1eeba b\u1ec7nh t\u1eadt v\u00e0 nhi\u1ec5m tr\u00f9ng.<\/div>\n<div dir=\"auto\">N\u00f3 lo\u1ea1i b\u1ecf 99,99% vi khu\u1ea9n, n\u1ea5m v\u00e0 vi r\u00fat \u0111\u1eb7c bi\u1ec7t ch\u1ec9 trong 30 gi\u00e2y. R\u1ea5t mong nh\u1eadn \u0111\u01b0\u1ee3c nh\u1eefng l\u1ee3i th\u1ebf h\u01a1n n\u1eefa:<\/div>\n<\/div>\n<div class=\"o9v6fnle cxmmr5t8 oygrvhab hcukyx3x c1et5uql ii04i59q\">\n<div dir=\"auto\">B\u00ecnh x\u1ecbt t\u1eeb tr\u00ean cao<\/div>\n<div dir=\"auto\">Ti\u1ebfp c\u1eadn nh\u1eefng n\u01a1i kh\u00f4ng th\u1ec3 ti\u1ebfp c\u1eadn<\/div>\n<div dir=\"auto\">Kh\u1ea3 n\u0103ng t\u01b0\u01a1ng th\u00edch da \u0111\u00e3 \u0111\u01b0\u1ee3c ph\u00ea duy\u1ec7t v\u1ec1 m\u1eb7t da li\u1ec5u<\/div>\n<\/div>\n","protected":false},"excerpt":{"rendered":"<p>Dung t\u00edch : 250ml Mong mu\u1ed1n c\u00f3 m\u1ed9t m\u00f4i tr\u01b0\u1eddng v\u1ec7 sinh v\u00e0 s\u1ea1ch s\u1ebd. Thu\u1ed1c x\u1ecbt v\u1ec7 sinh domol kh\u1eed tr\u00f9ng \u0111\u00e1ng tin c\u1eady c\u00e1c b\u1ec1 m\u1eb7t v\u00e0 \u0111\u1ed3 v\u1eadt nh\u1ecf trong gia \u0111\u00ecnh c\u0169ng nh\u01b0 khi di chuy\u1ec3n &hellip; <a href=\"https:\/\/sansanhouse.com\/index.php\/product\/xit-diet-khuan-hygiene-spray-domol\/\">Readmore<\/a><\/p>\n","protected":false},"featured_media":7470,"comment_status":"open","ping_status":"closed","template":"","meta":[],"product_cat":[168],"product_tag":[80],"_links":{"self":[{"href":"https:\/\/sansanhouse.com\/index.php\/wp-json\/wp\/v2\/product\/7181"}],"collection":[{"href":"https:\/\/sansanhouse.com\/index.php\/wp-json\/wp\/v2\/product"}],"about":[{"href":"https:\/\/sansanhouse.com\/index.php\/wp-json\/wp\/v2\/types\/product"}],"replies":[{"embeddable":true,"href":"https:\/\/sansanhouse.com\/index.php\/wp-json\/wp\/v2\/comments?post=7181"}],"wp:featuredmedia":[{"embeddable":true,"href":"https:\/\/sansanhouse.com\/index.php\/wp-json\/wp\/v2\/media\/7470"}],"wp:attachment":[{"href":"https:\/\/sansanhouse.com\/index.php\/wp-json\/wp\/v2\/media?parent=7181"}],"wp:term":[{"taxonomy":"product_cat","embeddable":true,"href":"https:\/\/sansanhouse.com\/index.php\/wp-json\/wp\/v2\/product_cat?post=7181"},{"taxonomy":"product_tag","embeddable":true,"href":"https:\/\/sansanhouse.com\/index.php\/wp-json\/wp\/v2\/product_tag?post=7181"}],"curies":[{"name":"wp","href":"https:\/\/api.w.org\/{rel}","templated":true}]}}