{"id":7183,"date":"2021-12-04T15:27:25","date_gmt":"2021-12-04T08:27:25","guid":{"rendered":"https:\/\/sansanhouse.com\/?post_type=product&#038;p=7183"},"modified":"2021-12-22T10:13:57","modified_gmt":"2021-12-22T03:13:57","slug":"kem-duong-am-cho-mat-va-moi-balea","status":"publish","type":"product","link":"https:\/\/sansanhouse.com\/index.php\/product\/kem-duong-am-cho-mat-va-moi-balea\/","title":{"rendered":"Kem d\u01b0\u1ee1ng \u1ea9m m\u1eb7t v\u00e0 m\u00f4i Balea"},"content":{"rendered":"<div class=\"o9v6fnle cxmmr5t8 oygrvhab hcukyx3x c1et5uql ii04i59q\">\n<div dir=\"auto\">Dung t\u00edch: 30ml<\/div>\n<div dir=\"auto\">H\u01b0\u01a1ng chanh d\u00e2y &amp; \u0111\u00e0o<\/div>\n<div dir=\"auto\">H\u01b0\u01a1ng coconut v\u00e0 d\u1ee9a<\/div>\n<\/div>\n<div class=\"o9v6fnle cxmmr5t8 oygrvhab hcukyx3x c1et5uql ii04i59q\">\n<div dir=\"auto\">Kem d\u01b0\u1ee1ng \u1ea9m cho m\u1eb7t v\u00e0 m\u00f4i Balea h\u01b0\u01a1ng tr\u00e1i c\u00e2y<\/div>\n<div dir=\"auto\">Kem Balea ph\u00f9 h\u1ee3p cho ch\u0103m s\u00f3c m\u00f4i, c\u01a1 th\u1ec3 c\u0169ng nh\u01b0 ch\u0103m s\u00f3c da m\u1eb7t.<\/div>\n<div dir=\"auto\">Cho m\u1ed9t l\u00e0n da m\u1ec1m m\u1ea1i v\u1edbi h\u01b0\u01a1ng th\u01a1m t\u1ef1 nhi\u00ean ng\u1ecdt ng\u00e0o.<\/div>\n<\/div>\n","protected":false},"excerpt":{"rendered":"<p>Dung t\u00edch: 30ml H\u01b0\u01a1ng chanh d\u00e2y &amp; \u0111\u00e0o H\u01b0\u01a1ng coconut v\u00e0 d\u1ee9a Kem d\u01b0\u1ee1ng \u1ea9m cho m\u1eb7t v\u00e0 m\u00f4i Balea h\u01b0\u01a1ng tr\u00e1i c\u00e2y Kem Balea ph\u00f9 h\u1ee3p cho ch\u0103m s\u00f3c m\u00f4i, c\u01a1 th\u1ec3 c\u0169ng nh\u01b0 ch\u0103m s\u00f3c da m\u1eb7t. Cho &hellip; <a href=\"https:\/\/sansanhouse.com\/index.php\/product\/kem-duong-am-cho-mat-va-moi-balea\/\">Readmore<\/a><\/p>\n","protected":false},"featured_media":7184,"comment_status":"open","ping_status":"closed","template":"","meta":[],"product_cat":[168],"product_tag":[80],"_links":{"self":[{"href":"https:\/\/sansanhouse.com\/index.php\/wp-json\/wp\/v2\/product\/7183"}],"collection":[{"href":"https:\/\/sansanhouse.com\/index.php\/wp-json\/wp\/v2\/product"}],"about":[{"href":"https:\/\/sansanhouse.com\/index.php\/wp-json\/wp\/v2\/types\/product"}],"replies":[{"embeddable":true,"href":"https:\/\/sansanhouse.com\/index.php\/wp-json\/wp\/v2\/comments?post=7183"}],"wp:featuredmedia":[{"embeddable":true,"href":"https:\/\/sansanhouse.com\/index.php\/wp-json\/wp\/v2\/media\/7184"}],"wp:attachment":[{"href":"https:\/\/sansanhouse.com\/index.php\/wp-json\/wp\/v2\/media?parent=7183"}],"wp:term":[{"taxonomy":"product_cat","embeddable":true,"href":"https:\/\/sansanhouse.com\/index.php\/wp-json\/wp\/v2\/product_cat?post=7183"},{"taxonomy":"product_tag","embeddable":true,"href":"https:\/\/sansanhouse.com\/index.php\/wp-json\/wp\/v2\/product_tag?post=7183"}],"curies":[{"name":"wp","href":"https:\/\/api.w.org\/{rel}","templated":true}]}}