{"id":7187,"date":"2021-12-04T15:29:52","date_gmt":"2021-12-04T08:29:52","guid":{"rendered":"https:\/\/sansanhouse.com\/?post_type=product&#038;p=7187"},"modified":"2021-12-22T10:13:16","modified_gmt":"2021-12-22T03:13:16","slug":"ban-chai-eurodont-cho-be-tu-2-6-tuoi-set-2-cay","status":"publish","type":"product","link":"https:\/\/sansanhouse.com\/index.php\/product\/ban-chai-eurodont-cho-be-tu-2-6-tuoi-set-2-cay\/","title":{"rendered":"Set b\u00e0n ch\u1ea3i cho b\u00e9 t\u1eeb 2-6 tu\u1ed5i"},"content":{"rendered":"<div class=\"o9v6fnle cxmmr5t8 oygrvhab hcukyx3x c1et5uql ii04i59q\">\n<div dir=\"auto\">L\u00f4ng b\u00e0n ch\u1ea3i \u0111\u01b0\u1ee3c thi\u1ebft k\u1ebf m\u1ec1m ph\u00f9 h\u1ee3p v\u1edbi t\u1eebng \u0111\u1ed9 tu\u1ed5i c\u1ee7a b\u00e9 n\u00ean s\u1ebd h\u1ea1n ch\u1ebf vi\u1ec7c t\u1ed5n h\u1ea1i men r\u0103ng, h\u1ea1n ch\u1ebf ch\u1ea3y m\u00e1u r\u0103ng<\/div>\n<\/div>\n<div class=\"o9v6fnle cxmmr5t8 oygrvhab hcukyx3x c1et5uql ii04i59q\">\n<div dir=\"auto\">H\u00ecnh con v\u1eadt ng\u1ed9 ngh\u0129nh gi\u00fap b\u00e9 c\u1ea3m th\u1ea5y th\u00edch v\u00e0 y\u00eau th\u00edch vi\u1ec7c \u0111\u00e1nh r\u0103ng h\u01a1n n\u1eefa, c\u00f3 nhi\u1ec1u m\u00e0u s\u1eafc kh\u00e1c nhau cho b\u00e9.<\/div>\n<\/div>\n","protected":false},"excerpt":{"rendered":"<p>L\u00f4ng b\u00e0n ch\u1ea3i \u0111\u01b0\u1ee3c thi\u1ebft k\u1ebf m\u1ec1m ph\u00f9 h\u1ee3p v\u1edbi t\u1eebng \u0111\u1ed9 tu\u1ed5i c\u1ee7a b\u00e9 n\u00ean s\u1ebd h\u1ea1n ch\u1ebf vi\u1ec7c t\u1ed5n h\u1ea1i men r\u0103ng, h\u1ea1n ch\u1ebf ch\u1ea3y m\u00e1u r\u0103ng H\u00ecnh con v\u1eadt ng\u1ed9 ngh\u0129nh gi\u00fap b\u00e9 c\u1ea3m th\u1ea5y th\u00edch v\u00e0 &hellip; <a href=\"https:\/\/sansanhouse.com\/index.php\/product\/ban-chai-eurodont-cho-be-tu-2-6-tuoi-set-2-cay\/\">Readmore<\/a><\/p>\n","protected":false},"featured_media":7188,"comment_status":"open","ping_status":"closed","template":"","meta":[],"product_cat":[168],"product_tag":[],"_links":{"self":[{"href":"https:\/\/sansanhouse.com\/index.php\/wp-json\/wp\/v2\/product\/7187"}],"collection":[{"href":"https:\/\/sansanhouse.com\/index.php\/wp-json\/wp\/v2\/product"}],"about":[{"href":"https:\/\/sansanhouse.com\/index.php\/wp-json\/wp\/v2\/types\/product"}],"replies":[{"embeddable":true,"href":"https:\/\/sansanhouse.com\/index.php\/wp-json\/wp\/v2\/comments?post=7187"}],"wp:featuredmedia":[{"embeddable":true,"href":"https:\/\/sansanhouse.com\/index.php\/wp-json\/wp\/v2\/media\/7188"}],"wp:attachment":[{"href":"https:\/\/sansanhouse.com\/index.php\/wp-json\/wp\/v2\/media?parent=7187"}],"wp:term":[{"taxonomy":"product_cat","embeddable":true,"href":"https:\/\/sansanhouse.com\/index.php\/wp-json\/wp\/v2\/product_cat?post=7187"},{"taxonomy":"product_tag","embeddable":true,"href":"https:\/\/sansanhouse.com\/index.php\/wp-json\/wp\/v2\/product_tag?post=7187"}],"curies":[{"name":"wp","href":"https:\/\/api.w.org\/{rel}","templated":true}]}}