{"id":7190,"date":"2021-12-04T15:31:13","date_gmt":"2021-12-04T08:31:13","guid":{"rendered":"https:\/\/sansanhouse.com\/?post_type=product&#038;p=7190"},"modified":"2021-12-10T15:27:00","modified_gmt":"2021-12-10T08:27:00","slug":"son-duong-carmex","status":"publish","type":"product","link":"https:\/\/sansanhouse.com\/index.php\/product\/son-duong-carmex\/","title":{"rendered":"Son d\u01b0\u1ee1ng Carmex"},"content":{"rendered":"<div class=\"o9v6fnle cxmmr5t8 oygrvhab hcukyx3x c1et5uql ii04i59q\">\n<div dir=\"auto\">Dung t\u00edch: 8,4 ml<\/div>\n<div dir=\"auto\">Son d\u01b0\u1ee1ng m\u00f4i qu\u1ed1c d\u00e2n th\u01b0\u01a1ng hi\u1ec7u c\u1ee7a m\u1ef9<\/div>\n<div dir=\"auto\">M\u00f9a thu \u0111\u00f4ng \u0111ang s\u1eafp t\u1edbi, c\u00f3 l\u1ebd \u0111\u00f4i m\u00f4i l\u00e0 c\u1ea3m nh\u1eadn \u0111\u01b0\u1ee3c s\u1ef1 kh\u00f4 r\u00e1p v\u00e0 thi\u1ebfu n\u01b0\u1edbc \u0111\u1ea7u ti\u00ean, \u0111i\u1ec1u \u0111\u00f3 l\u00e0m cho ch\u1ecb em m\u00ecnh v\u1eeba c\u1ea3m th\u1ea5y kh\u00f3 ch\u1ecbu, l\u1ea1i v\u1eeba \u0111\u00e1nh son kh\u00f4ng \u0111\u01b0\u1ee3c m\u1ecbn v\u00e0 \u0111\u1eb9p. M\u1ed9t \u0111\u00f4i m\u00f4i kh\u00f4 n\u1ee9t n\u1ebb c\u00f2n l\u00e0m cho ng\u01b0\u1eddi ph\u1ee5 n\u1eef tr\u1edf n\u00ean thi\u1ebfu s\u1ee9c s\u1ed1ng v\u00e0 k\u00e9m s\u1eafc h\u01a1n nhi\u1ec1u, n\u00ean d\u01b0\u1ee1ng m\u00f4i th\u00ec m\u00f9a n\u00e0o c\u0169ng c\u1ea7n, gi\u1edd n\u00e0o c\u0169ng c\u1ea7n nh\u01b0ng c\u00e0ng v\u00e0o m\u00f9a Thu \u0110\u00f4ng ch\u1ecb em m\u00ecnh c\u00e0ng n\u00ean t\u00edch c\u1ef1c gi\u1eef cho \u0111\u00f4i m\u00f4i \u0111\u01b0\u1ee3c \u0111\u1ee7 \u1ea9m tr\u01b0\u1edbc th\u1eddi ti\u1ebft hanh kh\u00f4 nha<\/div>\n<div dir=\"auto\">H\u0169 d\u1ea1ng gel trong kh\u00f4ng m\u00e0u, d\u1ea1ng gel m\u1ec1m n\u00ean d\u1ec5 d\u00e0ng apply l\u00ean m\u00f4i v\u00e0 \u0111em l\u1ea1i hi\u1ec7u qu\u1ea3 d\u01b0\u1ee1ng \u1ea9m t\u1ed1i \u01b0u.<\/div>\n<\/div>\n<div class=\"o9v6fnle cxmmr5t8 oygrvhab hcukyx3x c1et5uql ii04i59q\">\n<div dir=\"auto\">D\u1ea1ng H\u0169 s\u00e1p d\u00f9ng ban \u0111\u00eam ti\u1ebft ki\u1ec7m.<\/div>\n<\/div>\n","protected":false},"excerpt":{"rendered":"<p>Dung t\u00edch: 8,4 ml Son d\u01b0\u1ee1ng m\u00f4i qu\u1ed1c d\u00e2n th\u01b0\u01a1ng hi\u1ec7u c\u1ee7a m\u1ef9 M\u00f9a thu \u0111\u00f4ng \u0111ang s\u1eafp t\u1edbi, c\u00f3 l\u1ebd \u0111\u00f4i m\u00f4i l\u00e0 c\u1ea3m nh\u1eadn \u0111\u01b0\u1ee3c s\u1ef1 kh\u00f4 r\u00e1p v\u00e0 thi\u1ebfu n\u01b0\u1edbc \u0111\u1ea7u ti\u00ean, \u0111i\u1ec1u \u0111\u00f3 l\u00e0m cho ch\u1ecb &hellip; <a href=\"https:\/\/sansanhouse.com\/index.php\/product\/son-duong-carmex\/\">Readmore<\/a><\/p>\n","protected":false},"featured_media":7191,"comment_status":"open","ping_status":"closed","template":"","meta":[],"product_cat":[168],"product_tag":[80],"_links":{"self":[{"href":"https:\/\/sansanhouse.com\/index.php\/wp-json\/wp\/v2\/product\/7190"}],"collection":[{"href":"https:\/\/sansanhouse.com\/index.php\/wp-json\/wp\/v2\/product"}],"about":[{"href":"https:\/\/sansanhouse.com\/index.php\/wp-json\/wp\/v2\/types\/product"}],"replies":[{"embeddable":true,"href":"https:\/\/sansanhouse.com\/index.php\/wp-json\/wp\/v2\/comments?post=7190"}],"wp:featuredmedia":[{"embeddable":true,"href":"https:\/\/sansanhouse.com\/index.php\/wp-json\/wp\/v2\/media\/7191"}],"wp:attachment":[{"href":"https:\/\/sansanhouse.com\/index.php\/wp-json\/wp\/v2\/media?parent=7190"}],"wp:term":[{"taxonomy":"product_cat","embeddable":true,"href":"https:\/\/sansanhouse.com\/index.php\/wp-json\/wp\/v2\/product_cat?post=7190"},{"taxonomy":"product_tag","embeddable":true,"href":"https:\/\/sansanhouse.com\/index.php\/wp-json\/wp\/v2\/product_tag?post=7190"}],"curies":[{"name":"wp","href":"https:\/\/api.w.org\/{rel}","templated":true}]}}