{"id":7198,"date":"2021-12-04T15:45:11","date_gmt":"2021-12-04T08:45:11","guid":{"rendered":"https:\/\/sansanhouse.com\/?post_type=product&#038;p=7198"},"modified":"2023-04-21T11:26:37","modified_gmt":"2023-04-21T04:26:37","slug":"sua-tam-balea","status":"publish","type":"product","link":"https:\/\/sansanhouse.com\/index.php\/product\/sua-tam-balea\/","title":{"rendered":"S\u1eefa t\u1eafm Balea"},"content":{"rendered":"<div class=\"o9v6fnle cxmmr5t8 oygrvhab hcukyx3x c1et5uql ii04i59q\">\n<div dir=\"auto\">Dung t\u00edch: 300ml<\/div>\n<div dir=\"auto\">H\u00e0ng n\u1ed9i \u0111\u1ecba \u0110\u1ee9c<\/div>\n<div dir=\"auto\">D\u1eeba h\u01b0\u01a1ng bi\u1ec3n<\/div>\n<div dir=\"auto\">S\u1eefa t\u1eafm Balea v\u1ec1 \u0111\u1ee7 c\u00e1c m\u00f9i. \u0110i\u1ec1u \u0111\u1eb7c bi\u1ec7t c\u1ee7a h\u00e3ng Balea l\u00e0 th\u01b0\u1eddng xuy\u00ean thay \u0111\u1ed5i m\u1eabu m\u00e3 v\u00e0 m\u00f9i h\u01b0\u01a1ng theo m\u00f9a v\u00e0 theo n\u0103m. H\u00e0ng \u0111i bay , date xa t\u00edt t\u1eafp, bill m\u1edbi k\u00ednh kong!<\/div>\n<\/div>\n<div class=\"o9v6fnle cxmmr5t8 oygrvhab hcukyx3x c1et5uql ii04i59q\">\n<div dir=\"auto\">H\u01b0\u01a1ng th\u01a1m nh\u1eb9 nh\u00e0ng \u0111\u01b0\u1ee3c chi\u1ebft xu\u1ea5t t\u1eeb c\u00e1c lo\u00e0i hoa, qu\u1ea3 c\u00e2y c\u1ecf t\u1ef1 nhi\u00ean an to\u00e0n kh\u00f4ng c\u1ed3n, kh\u00f4ng c\u1ed3n.<\/div>\n<\/div>\n","protected":false},"excerpt":{"rendered":"<p>Dung t\u00edch: 300ml H\u00e0ng n\u1ed9i \u0111\u1ecba \u0110\u1ee9c D\u1eeba h\u01b0\u01a1ng bi\u1ec3n S\u1eefa t\u1eafm Balea v\u1ec1 \u0111\u1ee7 c\u00e1c m\u00f9i. \u0110i\u1ec1u \u0111\u1eb7c bi\u1ec7t c\u1ee7a h\u00e3ng Balea l\u00e0 th\u01b0\u1eddng xuy\u00ean thay \u0111\u1ed5i m\u1eabu m\u00e3 v\u00e0 m\u00f9i h\u01b0\u01a1ng theo m\u00f9a v\u00e0 theo n\u0103m. H\u00e0ng \u0111i &hellip; <a href=\"https:\/\/sansanhouse.com\/index.php\/product\/sua-tam-balea\/\">Readmore<\/a><\/p>\n","protected":false},"featured_media":7199,"comment_status":"open","ping_status":"closed","template":"","meta":[],"product_cat":[168],"product_tag":[80],"_links":{"self":[{"href":"https:\/\/sansanhouse.com\/index.php\/wp-json\/wp\/v2\/product\/7198"}],"collection":[{"href":"https:\/\/sansanhouse.com\/index.php\/wp-json\/wp\/v2\/product"}],"about":[{"href":"https:\/\/sansanhouse.com\/index.php\/wp-json\/wp\/v2\/types\/product"}],"replies":[{"embeddable":true,"href":"https:\/\/sansanhouse.com\/index.php\/wp-json\/wp\/v2\/comments?post=7198"}],"wp:featuredmedia":[{"embeddable":true,"href":"https:\/\/sansanhouse.com\/index.php\/wp-json\/wp\/v2\/media\/7199"}],"wp:attachment":[{"href":"https:\/\/sansanhouse.com\/index.php\/wp-json\/wp\/v2\/media?parent=7198"}],"wp:term":[{"taxonomy":"product_cat","embeddable":true,"href":"https:\/\/sansanhouse.com\/index.php\/wp-json\/wp\/v2\/product_cat?post=7198"},{"taxonomy":"product_tag","embeddable":true,"href":"https:\/\/sansanhouse.com\/index.php\/wp-json\/wp\/v2\/product_tag?post=7198"}],"curies":[{"name":"wp","href":"https:\/\/api.w.org\/{rel}","templated":true}]}}