{"id":7202,"date":"2021-12-04T15:48:19","date_gmt":"2021-12-04T08:48:19","guid":{"rendered":"https:\/\/sansanhouse.com\/?post_type=product&#038;p=7202"},"modified":"2021-12-22T10:37:05","modified_gmt":"2021-12-22T03:37:05","slug":"lacura-lotion-duong-am-diu-nhe-cho-da-nhay-cam-edition-limited","status":"publish","type":"product","link":"https:\/\/sansanhouse.com\/index.php\/product\/lacura-lotion-duong-am-diu-nhe-cho-da-nhay-cam-edition-limited\/","title":{"rendered":"D\u01b0\u1ee1ng \u1ea9m cho da nh\u1ea1y c\u1ea3m"},"content":{"rendered":"<div dir=\"auto\">Dung t\u00edch: 500ml<\/div>\n<div dir=\"auto\">Lotion D\u01b0\u1ee1ng \u1ea8m l\u00e0 s\u1ea3n ph\u1ea9m kem d\u01b0\u1ee1ng \u1ea9m d\u00e0nh cho to\u00e0n th\u00e2n \u0111\u1ebfn t\u1eeb th\u01b0\u01a1ng hi\u1ec7u m\u1ef9 ph\u1ea9m Lacura chuy\u00ean d\u01b0\u1ee1ng \u1ea9m ph\u1ee5c h\u1ed3i l\u00e0n da kh\u1ecfe m\u1ea1nh t\u1ef1 nhi\u00ean (Vegan).<\/div>\n<div dir=\"auto\">C\u00f4ng th\u1ee9c chuy\u00ean bi\u1ec7t d\u00e0nh cho l\u00e0n da nh\u1ea1y c\u1ea3m v\u1edbi \u0111\u1ed9 \u1ea9m cao + \u00edt k\u00edch \u1ee9ng, gi\u00fap nu\u00f4i d\u01b0\u1ee1ng v\u00e0 xoa d\u1ecbu l\u00e0n da nh\u1ea1y c\u1ea3m m\u1ed9t c\u00e1ch nh\u1eb9 nh\u00e0ng.<\/div>\n<div dir=\"auto\">Th\u00e0nh ph\u1ea7n Ceramide v\u00e0 chi\u1ebft xu\u1ea5t t\u1ef1 nhi\u00ean t\u1eeb h\u1ea1t c\u00e2y t\u00eda t\u00f4, men \u0111\u1eadu gi\u00fap gi\u1eef \u1ea9m v\u00e0 t\u0103ng c\u01b0\u1eddng h\u00e0ng r\u00e0o b\u1ea3o v\u1ec7 da kh\u1ecfe m\u1ea1nh.<\/div>\n<div dir=\"auto\">D\u1ea1ng lotion th\u1ea5m nhanh, d\u1ec5 d\u00e0ng s\u1eed d\u1ee5ng.<\/div>\n","protected":false},"excerpt":{"rendered":"<p>Dung t\u00edch: 500ml Lotion D\u01b0\u1ee1ng \u1ea8m l\u00e0 s\u1ea3n ph\u1ea9m kem d\u01b0\u1ee1ng \u1ea9m d\u00e0nh cho to\u00e0n th\u00e2n \u0111\u1ebfn t\u1eeb th\u01b0\u01a1ng hi\u1ec7u m\u1ef9 ph\u1ea9m Lacura chuy\u00ean d\u01b0\u1ee1ng \u1ea9m ph\u1ee5c h\u1ed3i l\u00e0n da kh\u1ecfe m\u1ea1nh t\u1ef1 nhi\u00ean (Vegan). C\u00f4ng th\u1ee9c chuy\u00ean bi\u1ec7t d\u00e0nh &hellip; <a href=\"https:\/\/sansanhouse.com\/index.php\/product\/lacura-lotion-duong-am-diu-nhe-cho-da-nhay-cam-edition-limited\/\">Readmore<\/a><\/p>\n","protected":false},"featured_media":7203,"comment_status":"open","ping_status":"closed","template":"","meta":[],"product_cat":[168],"product_tag":[80],"_links":{"self":[{"href":"https:\/\/sansanhouse.com\/index.php\/wp-json\/wp\/v2\/product\/7202"}],"collection":[{"href":"https:\/\/sansanhouse.com\/index.php\/wp-json\/wp\/v2\/product"}],"about":[{"href":"https:\/\/sansanhouse.com\/index.php\/wp-json\/wp\/v2\/types\/product"}],"replies":[{"embeddable":true,"href":"https:\/\/sansanhouse.com\/index.php\/wp-json\/wp\/v2\/comments?post=7202"}],"wp:featuredmedia":[{"embeddable":true,"href":"https:\/\/sansanhouse.com\/index.php\/wp-json\/wp\/v2\/media\/7203"}],"wp:attachment":[{"href":"https:\/\/sansanhouse.com\/index.php\/wp-json\/wp\/v2\/media?parent=7202"}],"wp:term":[{"taxonomy":"product_cat","embeddable":true,"href":"https:\/\/sansanhouse.com\/index.php\/wp-json\/wp\/v2\/product_cat?post=7202"},{"taxonomy":"product_tag","embeddable":true,"href":"https:\/\/sansanhouse.com\/index.php\/wp-json\/wp\/v2\/product_tag?post=7202"}],"curies":[{"name":"wp","href":"https:\/\/api.w.org\/{rel}","templated":true}]}}