{"id":7209,"date":"2021-12-04T15:55:36","date_gmt":"2021-12-04T08:55:36","guid":{"rendered":"https:\/\/sansanhouse.com\/?post_type=product&#038;p=7209"},"modified":"2021-12-22T10:24:17","modified_gmt":"2021-12-22T03:24:17","slug":"luoi-dao-thay-the-chong-kich-ung-chong-tray-xuoc","status":"publish","type":"product","link":"https:\/\/sansanhouse.com\/index.php\/product\/luoi-dao-thay-the-chong-kich-ung-chong-tray-xuoc\/","title":{"rendered":"L\u01b0\u1ee1i dao thay th\u1ebf"},"content":{"rendered":"<div class=\"o9v6fnle cxmmr5t8 oygrvhab hcukyx3x c1et5uql ii04i59q\">\n<div dir=\"auto\">S\u1edf h\u1eefu thi\u1ebft k\u1ebf l\u01b0\u1ee1i k\u00e9p ti\u00ean ti\u1ebfn, l\u01b0\u1ee1i dao c\u1ea1o OMBIA nh\u1eb9 nh\u00e0ng \u00f4m s\u00e1t c\u00e1c g\u00f3c c\u1ea1nh c\u1ee7a khu\u00f4n m\u1eb7t, gi\u00fap c\u1ea1o s\u1ea1ch r\u00e2u m\u1ed9t c\u00e1ch nhanh ch\u00f3ng m\u00e0 kh\u00f4ng g\u00e2y c\u1ea3m gi\u00e1c kh\u00f4 r\u00e1t kh\u00f3 ch\u1ecbu.<\/div>\n<div dir=\"auto\">\u0110\u1eb7c bi\u1ec7t, \u0111\u1ea7u l\u01b0\u1ee1i dao t\u1ef1 \u0111\u1ed9ng \u0111i\u1ec1u ch\u1ec9nh theo \u0111\u01b0\u1eddng cong khu\u00f4n m\u1eb7t gi\u00fap l\u00e0m s\u1ea1ch s\u1ee3i r\u00e2u \u1edf nh\u1eefng v\u1ecb tr\u00ed kh\u00f3 c\u1ea1o nh\u1ea5t m\u00e0 v\u1eabn \u0111\u1ea3m b\u1ea3o an to\u00e0n cho ng\u01b0\u1eddi s\u1eed d\u1ee5ng.<\/div>\n<div dir=\"auto\">V\u1edbi l\u01b0\u1ee1i dao OMBIA, \u0111\u1ea5ng m\u00e0y r\u00e2u s\u1ebd s\u1edf h\u1eefu m\u1ed9t g\u01b0\u01a1ng m\u1eb7t nh\u1eb5n nh\u1ee5i, s\u1ea1ch s\u1ebd.<\/div>\n<div dir=\"auto\"><\/div>\n<\/div>\n<div class=\"o9v6fnle cxmmr5t8 oygrvhab hcukyx3x c1et5uql ii04i59q\">\n<div dir=\"auto\">\u0110\u1eb6C \u0110I\u1ec2M N\u1ed4I B\u1eacT<\/div>\n<\/div>\n<div class=\"o9v6fnle cxmmr5t8 oygrvhab hcukyx3x c1et5uql ii04i59q\">\n<div dir=\"auto\">s\u1edf h\u1eefu thi\u1ebft k\u1ebf l\u01b0\u1ee1i k\u00e9p: l\u01b0\u1ee1i th\u1ee9 nh\u1ea5t k\u00e9o ch\u00e2n l\u00f4ng ra v\u00e0 c\u1eaft, l\u01b0\u1ee1i th\u1ee9 hai ti\u1ebfp theo sau c\u1eaft ph\u1ea7n c\u00f2n l\u1ea1i v\u00e0o s\u00e1t h\u01a1n, gi\u00fap c\u1ea1o th\u1eadt s\u1ea1ch, cho b\u1ea1n m\u1ed9t khu\u00f4n m\u1eb7t s\u00e1ng b\u00f3ng r\u1ea1ng ng\u1eddi.<\/div>\n<\/div>\n<div class=\"o9v6fnle cxmmr5t8 oygrvhab hcukyx3x c1et5uql ii04i59q\">\n<div dir=\"auto\">\u0110\u1ea7u l\u01b0\u1ee1i dao t\u1ef1 \u0111\u1ed9ng \u0111i\u1ec1u ch\u1ec9nh theo \u0111\u01b0\u1eddng cong khu\u00f4n m\u1eb7t gi\u00fap l\u01b0\u1ee1i dao l\u01b0\u1edbt \u00eam \u00e1i, l\u00e0m s\u1ea1ch s\u1ee3i r\u00e2u \u1edf nh\u1eefng v\u1ecb tr\u00ed kh\u00f3 c\u1ea1o nh\u1ea5t m\u00e0 v\u1eabn \u0111\u1ea3m b\u1ea3o an to\u00e0n, kh\u00f4ng g\u00e2y t\u1ed5n th\u01b0\u01a1ng cho ng\u01b0\u1eddi s\u1eed d\u1ee5ng.<\/div>\n<div dir=\"auto\"><\/div>\n<\/div>\n<div class=\"o9v6fnle cxmmr5t8 oygrvhab hcukyx3x c1et5uql ii04i59q\">\n<div dir=\"auto\">L\u1eddi khuy\u00ean c\u1ee7a chuy\u00ean gia<\/div>\n<div dir=\"auto\">\u0110\u1eebng c\u1ea1o r\u00e2u v\u00e0o bu\u1ed5i t\u1ed1i v\u00ec da m\u1eb7t khi \u0111\u00f3 v\u1eeba r\u1ea5t nh\u1ea1y c\u1ea3m (\u0111au h\u01a1n), v\u1eeba kh\u00f4ng th\u01b0 gi\u00e3n nh\u01b0 l\u00fac s\u00e1ng s\u1edbm n\u00ean d\u1ec5 tr\u1ea7y m\u1eb7t. C\u1ea1o b\u1eb1ng m\u00e1y v\u1eabn kh\u00f3 tr\u00e1nh th\u01b0\u01a1ng t\u1ed5n vi t\u1ebf tr\u00ean m\u1eb7t da.<\/div>\n<div dir=\"auto\">N\u00ean c\u1ea1o r\u00e2u tr\u01b0\u1edbc khi \u0103n s\u00e1ng, l\u00e0 \u0111\u1ed9ng t\u00e1c nhai trong bu\u1ed5i \u0111i\u1ec3m t\u00e2m \u0111\u1ea9y m\u00e1u \u0111\u1ebfn v\u00f9ng h\u00e0m, quanh m\u00f4i v\u00e0 g\u00f2 m\u1eaft khi\u1ebfn c\u1ea1o r\u00e2u sau khi \u0103n s\u00e1ng d\u1ec5 ch\u1ea3y m\u00e1u.<\/div>\n<div dir=\"auto\">R\u1eeda m\u1eb7t th\u1eadt s\u1ea1ch b\u1eb1ng n\u01b0\u1edbc \u1ea5m tr\u01b0\u1edbc khi c\u1ea1o \u0111\u1ec3 v\u1eeba thanh tr\u00f9ng da m\u1eb7t, v\u1eeba m\u1edf r\u1ed9ng l\u1ed7 ch\u00e2n l\u00f4ng, gi\u00fap l\u01b0\u1ee1i dao l\u01b0\u1edbt g\u1ecdn nh\u1eb9.<\/div>\n<div dir=\"auto\">C\u1ea1o b\u1eb1ng dao hay b\u1eb1ng m\u00e1y t\u00f9y \u00fd th\u00edch m\u1ed7i ng\u01b0\u1eddi nh\u01b0ng l\u01b0\u1ee1i dao ph\u1ea3i b\u00e9n v\u00e0 s\u1ea1ch. \u0110\u1eebng qu\u00ean s\u1ea1ch r\u00e2u kh\u00f4ng quan tr\u1ecdng b\u1eb1ng s\u1ea1ch m\u1eb7t, v\u00ec c\u1ea1o m\u00e0 khi\u1ebfn da sau \u0111\u00f3 b\u1ed9i nhi\u1ec5m th\u00ec kh\u00f4ng n\u00ean.<\/div>\n<div dir=\"auto\">C\u1ea1o rz\u00e2u bao gi\u1edd c\u0169ng theo chi\u1ec1u c\u1ee7a s\u1ee3i r\u00e2u.<\/div>\n<div dir=\"auto\">R\u1eeda b\u1eb1ng n\u01b0\u1edbc l\u1ea1nh sau khi c\u1ea1o r\u00e2u \u0111\u1ec3 v\u1eeba nhanh ch\u00f3ng \u0111\u00f3ng k\u00edn l\u1ed7 ch\u00e2n l\u00f4ng, v\u1eeba xoa d\u1ecbu c\u1ea3m th\u1ee5 th\u1ea7n kinh tr\u01b0\u1edbc h\u00e0ng lo\u1ea1t k\u00edch \u1ee9ng k\u00e9o qua k\u00e9o l\u1ea1i c\u1ee7a l\u01b0\u1ee1i dao tr\u00ean m\u1eb7t da.<\/div>\n<div dir=\"auto\">Thoa dung d\u1ecbch sau khi c\u1ea1o (after shave) lo\u1ea1i c\u00f3 c\u1ed3n \u0111\u1ec3 s\u00e1t tr\u00f9ng da, nh\u01b0ng \u0111\u1eebng d\u00f9ng lo\u1ea1i c\u00f3 \u0111\u1ed9 c\u1ed3n qu\u00e1 cao, s\u1ebd d\u1ec5 g\u00e2y k\u00edch \u1ee9ng v\u00e0 l\u00e0m da qu\u00e1 kh\u00f4.<\/div>\n<div dir=\"auto\">Sau khi c\u1ea1o r\u00e2u n\u00ean thoa m\u1ecfng l\u1edbp kem d\u01b0\u1ee1ng da, lo\u1ea1i c\u00f3 5-10% vitamin E, \u0111\u1ec3 ch\u1ed1ng vi\u00eam t\u1ea5y d\u1ecb \u1ee9ng tr\u00ean m\u1eb7t da, \u0111\u1ed3ng th\u1eddi b\u1ea3o v\u1ec7 c\u1ea5u tr\u00fac kh\u1ecfe m\u1ea1nh c\u1ee7a l\u1edbp d\u01b0\u1edbi da.<\/div>\n<\/div>\n","protected":false},"excerpt":{"rendered":"<p>S\u1edf h\u1eefu thi\u1ebft k\u1ebf l\u01b0\u1ee1i k\u00e9p ti\u00ean ti\u1ebfn, l\u01b0\u1ee1i dao c\u1ea1o OMBIA nh\u1eb9 nh\u00e0ng \u00f4m s\u00e1t c\u00e1c g\u00f3c c\u1ea1nh c\u1ee7a khu\u00f4n m\u1eb7t, gi\u00fap c\u1ea1o s\u1ea1ch r\u00e2u m\u1ed9t c\u00e1ch nhanh ch\u00f3ng m\u00e0 kh\u00f4ng g\u00e2y c\u1ea3m gi\u00e1c kh\u00f4 r\u00e1t kh\u00f3 ch\u1ecbu. \u0110\u1eb7c &hellip; <a href=\"https:\/\/sansanhouse.com\/index.php\/product\/luoi-dao-thay-the-chong-kich-ung-chong-tray-xuoc\/\">Readmore<\/a><\/p>\n","protected":false},"featured_media":7211,"comment_status":"open","ping_status":"closed","template":"","meta":[],"product_cat":[168],"product_tag":[80],"_links":{"self":[{"href":"https:\/\/sansanhouse.com\/index.php\/wp-json\/wp\/v2\/product\/7209"}],"collection":[{"href":"https:\/\/sansanhouse.com\/index.php\/wp-json\/wp\/v2\/product"}],"about":[{"href":"https:\/\/sansanhouse.com\/index.php\/wp-json\/wp\/v2\/types\/product"}],"replies":[{"embeddable":true,"href":"https:\/\/sansanhouse.com\/index.php\/wp-json\/wp\/v2\/comments?post=7209"}],"wp:featuredmedia":[{"embeddable":true,"href":"https:\/\/sansanhouse.com\/index.php\/wp-json\/wp\/v2\/media\/7211"}],"wp:attachment":[{"href":"https:\/\/sansanhouse.com\/index.php\/wp-json\/wp\/v2\/media?parent=7209"}],"wp:term":[{"taxonomy":"product_cat","embeddable":true,"href":"https:\/\/sansanhouse.com\/index.php\/wp-json\/wp\/v2\/product_cat?post=7209"},{"taxonomy":"product_tag","embeddable":true,"href":"https:\/\/sansanhouse.com\/index.php\/wp-json\/wp\/v2\/product_tag?post=7209"}],"curies":[{"name":"wp","href":"https:\/\/api.w.org\/{rel}","templated":true}]}}