{"id":7214,"date":"2021-12-04T15:58:17","date_gmt":"2021-12-04T08:58:17","guid":{"rendered":"https:\/\/sansanhouse.com\/?post_type=product&#038;p=7214"},"modified":"2021-12-04T15:58:17","modified_gmt":"2021-12-04T08:58:17","slug":"giay-long-cho-be-1-2-tuoi","status":"publish","type":"product","link":"https:\/\/sansanhouse.com\/index.php\/product\/giay-long-cho-be-1-2-tuoi\/","title":{"rendered":"Gi\u00e0y l\u00f4ng cho b\u00e9 1-2 tu\u1ed5i"},"content":{"rendered":"<div dir=\"auto\">xanh l\u00e1- b\u00e9 trai<\/div>\n<div dir=\"auto\">m\u00e0u tr\u1eafng &#8211; b\u00e9 g\u00e1i<\/div>\n","protected":false},"excerpt":{"rendered":"<p>xanh l\u00e1- b\u00e9 trai m\u00e0u tr\u1eafng &#8211; b\u00e9 g\u00e1i<\/p>\n","protected":false},"featured_media":7216,"comment_status":"open","ping_status":"closed","template":"","meta":[],"product_cat":[169],"product_tag":[78],"_links":{"self":[{"href":"https:\/\/sansanhouse.com\/index.php\/wp-json\/wp\/v2\/product\/7214"}],"collection":[{"href":"https:\/\/sansanhouse.com\/index.php\/wp-json\/wp\/v2\/product"}],"about":[{"href":"https:\/\/sansanhouse.com\/index.php\/wp-json\/wp\/v2\/types\/product"}],"replies":[{"embeddable":true,"href":"https:\/\/sansanhouse.com\/index.php\/wp-json\/wp\/v2\/comments?post=7214"}],"wp:featuredmedia":[{"embeddable":true,"href":"https:\/\/sansanhouse.com\/index.php\/wp-json\/wp\/v2\/media\/7216"}],"wp:attachment":[{"href":"https:\/\/sansanhouse.com\/index.php\/wp-json\/wp\/v2\/media?parent=7214"}],"wp:term":[{"taxonomy":"product_cat","embeddable":true,"href":"https:\/\/sansanhouse.com\/index.php\/wp-json\/wp\/v2\/product_cat?post=7214"},{"taxonomy":"product_tag","embeddable":true,"href":"https:\/\/sansanhouse.com\/index.php\/wp-json\/wp\/v2\/product_tag?post=7214"}],"curies":[{"name":"wp","href":"https:\/\/api.w.org\/{rel}","templated":true}]}}