{"id":7217,"date":"2021-12-04T16:00:56","date_gmt":"2021-12-04T09:00:56","guid":{"rendered":"https:\/\/sansanhouse.com\/?post_type=product&#038;p=7217"},"modified":"2021-12-04T16:00:56","modified_gmt":"2021-12-04T09:00:56","slug":"kem-danh-rang-bao-ve-kep-aronal-elmex","status":"publish","type":"product","link":"https:\/\/sansanhouse.com\/index.php\/product\/kem-danh-rang-bao-ve-kep-aronal-elmex\/","title":{"rendered":"Kem \u0111\u00e1nh r\u0103ng b\u1ea3o v\u1ec7 k\u00e9p aronal \/ elmex"},"content":{"rendered":"<div dir=\"auto\">M\u1ed9t kh\u00e1i ni\u1ec7m nh\u1ea5t qu\u00e1n cho s\u1ee9c kh\u1ecfe r\u0103ng mi\u1ec7ng cung c\u1ea5p s\u1ef1 b\u1ea3o v\u1ec7 k\u00e9p aronal \/ elmex t\u1eeb elmex: K\u1ebdm c\u1ee7ng c\u1ed1 v\u00e0 b\u1ea3o v\u1ec7 n\u01b0\u1edbu r\u0103ng v\u00e0o bu\u1ed5i s\u00e1ng. V\u00e0o bu\u1ed5i t\u1ed1i, amine florua th\u00fac \u0111\u1ea9y s\u1ef1 h\u00ecnh th\u00e0nh ch\u1ea5t kho\u00e1ng l\u00e0m c\u1ee9ng men r\u0103ng b\u1eb1ng c\u00e1ch l\u01b0u tr\u1eef l\u1ea1i c\u00e1c kho\u00e1ng ch\u1ea5t v\u00e0o ban \u0111\u00eam.<\/div>\n<div dir=\"auto\">Th\u00edch h\u1ee3p cho tr\u1ebb em t\u1eeb 7 tu\u1ed5i. Aronal v\u00e0o bu\u1ed5i s\u00e1ng, elmex v\u00e0o bu\u1ed5i t\u1ed1i<\/div>\n<div dir=\"auto\">aronal: Aqua, Sorbitol, Hydrated Silica, Glycerin, PEG-12, Tetrapotassium, Pyrophosphate, Zinc Citrate, PVM\/MA Copolymer, Sodium Lauryl Sulfate, Aroma, Potassium Hydroxide, Cellulose Gum, Sodium Fluoride, Potassium Nitrate, Sodium Saccharin, Xanthan Gum, Limonene, CI 77891<\/div>\n","protected":false},"excerpt":{"rendered":"<p>M\u1ed9t kh\u00e1i ni\u1ec7m nh\u1ea5t qu\u00e1n cho s\u1ee9c kh\u1ecfe r\u0103ng mi\u1ec7ng cung c\u1ea5p s\u1ef1 b\u1ea3o v\u1ec7 k\u00e9p aronal \/ elmex t\u1eeb elmex: K\u1ebdm c\u1ee7ng c\u1ed1 v\u00e0 b\u1ea3o v\u1ec7 n\u01b0\u1edbu r\u0103ng v\u00e0o bu\u1ed5i s\u00e1ng. V\u00e0o bu\u1ed5i t\u1ed1i, amine florua th\u00fac \u0111\u1ea9y s\u1ef1 &hellip; <a href=\"https:\/\/sansanhouse.com\/index.php\/product\/kem-danh-rang-bao-ve-kep-aronal-elmex\/\">Readmore<\/a><\/p>\n","protected":false},"featured_media":7218,"comment_status":"open","ping_status":"closed","template":"","meta":[],"product_cat":[168],"product_tag":[],"_links":{"self":[{"href":"https:\/\/sansanhouse.com\/index.php\/wp-json\/wp\/v2\/product\/7217"}],"collection":[{"href":"https:\/\/sansanhouse.com\/index.php\/wp-json\/wp\/v2\/product"}],"about":[{"href":"https:\/\/sansanhouse.com\/index.php\/wp-json\/wp\/v2\/types\/product"}],"replies":[{"embeddable":true,"href":"https:\/\/sansanhouse.com\/index.php\/wp-json\/wp\/v2\/comments?post=7217"}],"wp:featuredmedia":[{"embeddable":true,"href":"https:\/\/sansanhouse.com\/index.php\/wp-json\/wp\/v2\/media\/7218"}],"wp:attachment":[{"href":"https:\/\/sansanhouse.com\/index.php\/wp-json\/wp\/v2\/media?parent=7217"}],"wp:term":[{"taxonomy":"product_cat","embeddable":true,"href":"https:\/\/sansanhouse.com\/index.php\/wp-json\/wp\/v2\/product_cat?post=7217"},{"taxonomy":"product_tag","embeddable":true,"href":"https:\/\/sansanhouse.com\/index.php\/wp-json\/wp\/v2\/product_tag?post=7217"}],"curies":[{"name":"wp","href":"https:\/\/api.w.org\/{rel}","templated":true}]}}