{"id":7219,"date":"2021-12-04T16:02:43","date_gmt":"2021-12-04T09:02:43","guid":{"rendered":"https:\/\/sansanhouse.com\/?post_type=product&#038;p=7219"},"modified":"2021-12-04T16:04:52","modified_gmt":"2021-12-04T09:04:52","slug":"kem-danh-rang-noi-dia-duc","status":"publish","type":"product","link":"https:\/\/sansanhouse.com\/index.php\/product\/kem-danh-rang-noi-dia-duc\/","title":{"rendered":"Kem \u0111\u00e1nh r\u0103ng n\u1ed9i \u0111\u1ecba \u0110\u1ee9c"},"content":{"rendered":"<div class=\"kvgmc6g5 cxmmr5t8 oygrvhab hcukyx3x c1et5uql ii04i59q\">\n<div dir=\"auto\">Cho h\u00e0m r\u0103ng tr\u1eafng h\u1ed3ng r\u1ea1ng r\u1ee1 t\u1ef1 nhi\u00ean<\/div>\n<div dir=\"auto\">B\u1ea3o v\u1ec7 hi\u1ec7u qu\u1ea3 ch\u1ed1ng l\u1ea1i s\u00e2u r\u0103ng **, m\u1ea3ng b\u00e1m v\u00e0 cao r\u0103ng<\/div>\n<div dir=\"auto\">Nh\u1eb9 nh\u00e0ng lo\u1ea1i b\u1ecf s\u1ef1 \u0111\u1ed5i m\u00e0u<\/div>\n<div dir=\"auto\">M\u00e0u kh\u00f4ng s\u1eafc t\u1ed1<\/div>\n<div dir=\"auto\">Cho h\u00e0m r\u0103ng tr\u1eafng kh\u1ecfe v\u00e0 t\u1ef1 nhi\u00ean: Kem \u0111\u00e1nh r\u0103ng Dontodent Brillant white nh\u1eb9 nh\u00e0ng lo\u1ea1i b\u1ecf s\u1ef1 \u0111\u1ed5i m\u00e0u v\u00e0 tr\u1ea3 l\u1ea1i v\u1ebb tr\u1eafng s\u00e1ng t\u1ef1 nhi\u00ean cho r\u0103ng. \u0110\u1ed3ng th\u1eddi, kem \u0111\u00e1nh r\u0103ng ch\u1ed1ng l\u1ea1i s\u00e2u r\u0103ng **, m\u1ea3ng b\u00e1m v\u00e0 cao r\u0103ng. V\u1edbi s\u1ef1 h\u1ed7 tr\u1ee3 c\u1ee7a vi\u1ec7c l\u00e0m s\u1ea1ch c\u01a1 th\u1ec3 b\u1eb1ng vi sinh nh\u1eb9, kem \u0111\u00e1nh r\u0103ng Dontodent Brillant White c\u0169ng t\u00edch c\u1ef1c \u0111\u00e1nh tan s\u1ef1 \u0111\u1ed5i m\u00e0u v\u00e0 c\u1eb7n b\u1ea9n v\u00e0 tr\u1ea3 l\u1ea1i cho r\u0103ng c\u1ee7a b\u1ea1n m\u00e0u tr\u1eafng t\u1ef1 nhi\u00ean. Th\u00edch h\u1ee3p \u0111\u1ec3 s\u1eed d\u1ee5ng h\u00e0ng ng\u00e0y. Ch\u1ec9 th\u00edch h\u1ee3p cho ng\u01b0\u1eddi l\u1edbn. * K\u1ebft qu\u1ea3 t\u00f9y thu\u1ed9c v\u00e0o m\u00e0u s\u1eafc ban \u0111\u1ea7u c\u1ee7a r\u0103ng.<\/div>\n<div dir=\"auto\">Ch\u1ee9a natri florua (1,450 ppm F-).<\/div>\n<\/div>\n<div class=\"o9v6fnle cxmmr5t8 oygrvhab hcukyx3x c1et5uql ii04i59q\">\n<div dir=\"auto\">C\u00f4ng th\u1ee9c kh\u00f4ng c\u00f3 vi nh\u1ef1a v\u00e0 polyme t\u1ed5ng h\u1ee3p ho\u00e0n to\u00e0n, h\u00f2a tan trong n\u01b0\u1edbc.<\/div>\n<\/div>\n","protected":false},"excerpt":{"rendered":"<p>Cho h\u00e0m r\u0103ng tr\u1eafng h\u1ed3ng r\u1ea1ng r\u1ee1 t\u1ef1 nhi\u00ean B\u1ea3o v\u1ec7 hi\u1ec7u qu\u1ea3 ch\u1ed1ng l\u1ea1i s\u00e2u r\u0103ng **, m\u1ea3ng b\u00e1m v\u00e0 cao r\u0103ng Nh\u1eb9 nh\u00e0ng lo\u1ea1i b\u1ecf s\u1ef1 \u0111\u1ed5i m\u00e0u M\u00e0u kh\u00f4ng s\u1eafc t\u1ed1 Cho h\u00e0m r\u0103ng tr\u1eafng kh\u1ecfe v\u00e0 &hellip; <a href=\"https:\/\/sansanhouse.com\/index.php\/product\/kem-danh-rang-noi-dia-duc\/\">Readmore<\/a><\/p>\n","protected":false},"featured_media":7225,"comment_status":"open","ping_status":"closed","template":"","meta":[],"product_cat":[168],"product_tag":[80],"_links":{"self":[{"href":"https:\/\/sansanhouse.com\/index.php\/wp-json\/wp\/v2\/product\/7219"}],"collection":[{"href":"https:\/\/sansanhouse.com\/index.php\/wp-json\/wp\/v2\/product"}],"about":[{"href":"https:\/\/sansanhouse.com\/index.php\/wp-json\/wp\/v2\/types\/product"}],"replies":[{"embeddable":true,"href":"https:\/\/sansanhouse.com\/index.php\/wp-json\/wp\/v2\/comments?post=7219"}],"wp:featuredmedia":[{"embeddable":true,"href":"https:\/\/sansanhouse.com\/index.php\/wp-json\/wp\/v2\/media\/7225"}],"wp:attachment":[{"href":"https:\/\/sansanhouse.com\/index.php\/wp-json\/wp\/v2\/media?parent=7219"}],"wp:term":[{"taxonomy":"product_cat","embeddable":true,"href":"https:\/\/sansanhouse.com\/index.php\/wp-json\/wp\/v2\/product_cat?post=7219"},{"taxonomy":"product_tag","embeddable":true,"href":"https:\/\/sansanhouse.com\/index.php\/wp-json\/wp\/v2\/product_tag?post=7219"}],"curies":[{"name":"wp","href":"https:\/\/api.w.org\/{rel}","templated":true}]}}