{"id":7230,"date":"2021-12-04T16:10:44","date_gmt":"2021-12-04T09:10:44","guid":{"rendered":"https:\/\/sansanhouse.com\/?post_type=product&#038;p=7230"},"modified":"2021-12-04T16:10:44","modified_gmt":"2021-12-04T09:10:44","slug":"nuk-freezer-khay-ra-dong","status":"publish","type":"product","link":"https:\/\/sansanhouse.com\/index.php\/product\/nuk-freezer-khay-ra-dong\/","title":{"rendered":"NUK Freezer &#8211; Khay r\u00e3 \u0111\u00f4ng"},"content":{"rendered":"<p>Th\u00e0nh ph\u1ea7n nh\u1ef1a th\u00e2n thi\u1ec7n v\u1edbi tr\u1ebb em.<br \/>\n\u0110\u1ec3 l\u01b0u tr\u1eef v\u00e0 \u0111\u00f4ng l\u1ea1nh th\u1ee9c \u0103n tr\u1ebb em m\u1edbi ch\u1ebf bi\u1ebfn.<\/p>\n<div class=\"o9v6fnle cxmmr5t8 oygrvhab hcukyx3x c1et5uql ii04i59q\">\n<div dir=\"auto\">9 khu\u00f4n \u0111\u1ef1ng ph\u1ea7n nh\u1ecf 60 ml, k\u00edch th\u01b0\u1edbc kh\u1ea9u ph\u1ea7n l\u00fd t\u01b0\u1edfng cho tr\u1ebb s\u01a1 sinh v\u00e0 tr\u1ebb m\u1edbi bi\u1ebft \u0111i.\\<\/div>\n<div dir=\"auto\">C\u00e1c ph\u1ea7n c\u00f3 th\u1ec3 \u0111\u01b0\u1ee3c l\u1ea5y ra ri\u00eang l\u1ebb<\/div>\n<div dir=\"auto\">H\u00ecnh d\u1ea1ng d\u1ebbo l\u00e0m b\u1eb1ng silicone m\u1ec1m, kh\u00f4ng ch\u1ee9a BPA<\/div>\n<\/div>\n","protected":false},"excerpt":{"rendered":"<p>Th\u00e0nh ph\u1ea7n nh\u1ef1a th\u00e2n thi\u1ec7n v\u1edbi tr\u1ebb em. \u0110\u1ec3 l\u01b0u tr\u1eef v\u00e0 \u0111\u00f4ng l\u1ea1nh th\u1ee9c \u0103n tr\u1ebb em m\u1edbi ch\u1ebf bi\u1ebfn. 9 khu\u00f4n \u0111\u1ef1ng ph\u1ea7n nh\u1ecf 60 ml, k\u00edch th\u01b0\u1edbc kh\u1ea9u ph\u1ea7n l\u00fd t\u01b0\u1edfng cho tr\u1ebb s\u01a1 sinh v\u00e0 tr\u1ebb &hellip; <a href=\"https:\/\/sansanhouse.com\/index.php\/product\/nuk-freezer-khay-ra-dong\/\">Readmore<\/a><\/p>\n","protected":false},"featured_media":7231,"comment_status":"open","ping_status":"closed","template":"","meta":[],"product_cat":[167],"product_tag":[80],"_links":{"self":[{"href":"https:\/\/sansanhouse.com\/index.php\/wp-json\/wp\/v2\/product\/7230"}],"collection":[{"href":"https:\/\/sansanhouse.com\/index.php\/wp-json\/wp\/v2\/product"}],"about":[{"href":"https:\/\/sansanhouse.com\/index.php\/wp-json\/wp\/v2\/types\/product"}],"replies":[{"embeddable":true,"href":"https:\/\/sansanhouse.com\/index.php\/wp-json\/wp\/v2\/comments?post=7230"}],"wp:featuredmedia":[{"embeddable":true,"href":"https:\/\/sansanhouse.com\/index.php\/wp-json\/wp\/v2\/media\/7231"}],"wp:attachment":[{"href":"https:\/\/sansanhouse.com\/index.php\/wp-json\/wp\/v2\/media?parent=7230"}],"wp:term":[{"taxonomy":"product_cat","embeddable":true,"href":"https:\/\/sansanhouse.com\/index.php\/wp-json\/wp\/v2\/product_cat?post=7230"},{"taxonomy":"product_tag","embeddable":true,"href":"https:\/\/sansanhouse.com\/index.php\/wp-json\/wp\/v2\/product_tag?post=7230"}],"curies":[{"name":"wp","href":"https:\/\/api.w.org\/{rel}","templated":true}]}}