{"id":7232,"date":"2021-12-04T16:13:02","date_gmt":"2021-12-04T09:13:02","guid":{"rendered":"https:\/\/sansanhouse.com\/?post_type=product&#038;p=7232"},"modified":"2023-04-21T11:14:58","modified_gmt":"2023-04-21T04:14:58","slug":"bo-muong-nia-tap-an-cho-be-9-thang","status":"publish","type":"product","link":"https:\/\/sansanhouse.com\/index.php\/product\/bo-muong-nia-tap-an-cho-be-9-thang\/","title":{"rendered":"B\u1ed9 mu\u1ed7ng, n\u0129a t\u1eadp \u0103n cho b\u00e9 9 th\u00e1ng"},"content":{"rendered":"<div class=\"o9v6fnle cxmmr5t8 oygrvhab hcukyx3x c1et5uql ii04i59q\">\n<div dir=\"auto\">Thi\u1ebft k\u1ebf tr\u1ebb th\u01a1 v\u1edbi m\u00e0u s\u1eafc nh\u1eb9 nh\u00e0ng<\/div>\n<div dir=\"auto\">Ch\u1ea5t li\u1ec7u \u1ed5n \u0111\u1ecbnh kh\u00f4ng ch\u1ee9a BPA v\u00e0 ph\u00f9 h\u1ee3p v\u1edbi m\u00e1y r\u1eeda b\u00e1t<\/div>\n<div dir=\"auto\">S\u1ea3n xu\u1ea5t t\u1ea1i \u0110\u1ee9c<\/div>\n<div dir=\"auto\">B\u1ed9 dao k\u00e9o \u0103n m\u00e0u xanh l\u00e1 c\u00e2y cam c\u1ee7a Nip bao g\u1ed3m h\u01a1n 94% nguy\u00ean li\u1ec7u th\u00f4 t\u00e1i t\u1ea1o (\u0111\u01b0\u1eddng m\u00eda).<\/div>\n<div dir=\"auto\">Bao b\u00ec b\u1ec1n v\u1eefng v\u00e0 kh\u00f4ng g\u00e2y h\u1ea1i cho m\u00f4i tr\u01b0\u1eddng, gi\u1ea5y bao g\u1ed3m h\u01a1n 90% c\u00e1c t\u00f4ng t\u00e1i ch\u1ebf.<\/div>\n<div dir=\"auto\">B\u1ed9 2 c\u00e1i, g\u1ed3m m\u1ed9t c\u00e1i n\u0129a v\u00e0 m\u1ed9t c\u00e1i th\u00eca.<\/div>\n<div dir=\"auto\">Th\u00eca d\u1eb9t \u0111\u1eb7c bi\u1ec7t \u0111\u1ec3 cho tr\u1ebb \u0111\u1ed9c l\u1eadp x\u00fac th\u1ee9c \u0103n<\/div>\n<\/div>\n<div class=\"o9v6fnle cxmmr5t8 oygrvhab hcukyx3x c1et5uql ii04i59q\">\n<div dir=\"auto\">H\u01b0\u1edbng d\u1eabn s\u1eed d\u1ee5ng<\/div>\n<div dir=\"auto\">Tr\u01b0\u1edbc l\u1ea7n s\u1eed d\u1ee5ng \u0111\u1ea7u ti\u00ean v\u00e0 sau m\u1ed7i l\u1ea7n s\u1eed d\u1ee5ng ti\u1ebfp theo, h\u00e3y v\u1ec7 sinh th\u1eadt s\u1ea1ch b\u1eb1ng ch\u1ea5t t\u1ea9y r\u1eeda nh\u1eb9 ho\u1eb7c trong m\u00e1y r\u1eeda b\u00e1t.<\/div>\n<div dir=\"auto\">Kh\u00f4ng bao gi\u1edd ti\u1ebfp x\u00fac v\u1edbi nhi\u1ec7t \u0111\u1ed9 qu\u00e1 cao, v\u00ed d\u1ee5 nh\u01b0 trong l\u00f2 &#8211; c\u00f3 th\u1ec3 l\u00e0m h\u1ecfng v\u1eadt li\u1ec7u.<\/div>\n<\/div>\n","protected":false},"excerpt":{"rendered":"<p>Thi\u1ebft k\u1ebf tr\u1ebb th\u01a1 v\u1edbi m\u00e0u s\u1eafc nh\u1eb9 nh\u00e0ng Ch\u1ea5t li\u1ec7u \u1ed5n \u0111\u1ecbnh kh\u00f4ng ch\u1ee9a BPA v\u00e0 ph\u00f9 h\u1ee3p v\u1edbi m\u00e1y r\u1eeda b\u00e1t S\u1ea3n xu\u1ea5t t\u1ea1i \u0110\u1ee9c B\u1ed9 dao k\u00e9o \u0103n m\u00e0u xanh l\u00e1 c\u00e2y cam c\u1ee7a Nip bao g\u1ed3m &hellip; <a href=\"https:\/\/sansanhouse.com\/index.php\/product\/bo-muong-nia-tap-an-cho-be-9-thang\/\">Readmore<\/a><\/p>\n","protected":false},"featured_media":7490,"comment_status":"open","ping_status":"closed","template":"","meta":[],"product_cat":[168],"product_tag":[],"_links":{"self":[{"href":"https:\/\/sansanhouse.com\/index.php\/wp-json\/wp\/v2\/product\/7232"}],"collection":[{"href":"https:\/\/sansanhouse.com\/index.php\/wp-json\/wp\/v2\/product"}],"about":[{"href":"https:\/\/sansanhouse.com\/index.php\/wp-json\/wp\/v2\/types\/product"}],"replies":[{"embeddable":true,"href":"https:\/\/sansanhouse.com\/index.php\/wp-json\/wp\/v2\/comments?post=7232"}],"wp:featuredmedia":[{"embeddable":true,"href":"https:\/\/sansanhouse.com\/index.php\/wp-json\/wp\/v2\/media\/7490"}],"wp:attachment":[{"href":"https:\/\/sansanhouse.com\/index.php\/wp-json\/wp\/v2\/media?parent=7232"}],"wp:term":[{"taxonomy":"product_cat","embeddable":true,"href":"https:\/\/sansanhouse.com\/index.php\/wp-json\/wp\/v2\/product_cat?post=7232"},{"taxonomy":"product_tag","embeddable":true,"href":"https:\/\/sansanhouse.com\/index.php\/wp-json\/wp\/v2\/product_tag?post=7232"}],"curies":[{"name":"wp","href":"https:\/\/api.w.org\/{rel}","templated":true}]}}