{"id":7245,"date":"2021-12-04T16:22:52","date_gmt":"2021-12-04T09:22:52","guid":{"rendered":"https:\/\/sansanhouse.com\/?post_type=product&#038;p=7245"},"modified":"2021-12-04T16:22:52","modified_gmt":"2021-12-04T09:22:52","slug":"hu-giu-am-thuc-an-cho-be","status":"publish","type":"product","link":"https:\/\/sansanhouse.com\/index.php\/product\/hu-giu-am-thuc-an-cho-be\/","title":{"rendered":"H\u0169 gi\u1eef \u1ea5m th\u1ee9c \u0103n cho b\u00e9"},"content":{"rendered":"<div class=\"o9v6fnle cxmmr5t8 oygrvhab hcukyx3x c1et5uql ii04i59q\">\n<div dir=\"auto\">Cho d\u00f9 \u0111\u00f3 ch\u1ec9 l\u00e0 m\u1ed9t b\u1eefa \u0103n nh\u1eb9 nh\u1ecf hay c\u1ea3 b\u1eefa \u0103n &#8211; n\u1ebfu b\u1ea1n \u0111ang \u0111i du l\u1ecbch v\u1edbi tr\u1ebb em, b\u1ea1n n\u00ean lu\u00f4n c\u00f3 s\u1eb5n th\u1ee9 g\u00ec \u0111\u00f3 \u0111\u1ec3 \u0103n.<\/div>\n<div dir=\"auto\">Khi nh\u1eefng \u0111\u1ee9a tr\u1ebb nh\u1ecf c\u1ea7n m\u1ed9t b\u1eefa \u0103n no n\u00ea xa nh\u00e0, th\u00ec m\u1ed9t chi\u1ebfc h\u1ed9p \u0111\u1ef1ng \u0111\u1ed3 c\u00f3 gi\u00e1 tr\u1ecb b\u1eb1ng v\u00e0ng.<\/div>\n<div dir=\"auto\">H\u1ed9p h\u00e2m n\u00f3ng \u0111\u1ea3m b\u1ea3o v\u1eadn chuy\u1ec3n th\u1ee9c \u0103n kh\u00f4ng b\u1ecb r\u00f2 r\u1ec9, kh\u00f4ng g\u00e2y h\u1ea1i v\u00e0 gi\u1eef \u1ea5m l\u00ean \u0111\u1ebfn 6 gi\u1edd.<\/div>\n<\/div>\n<div class=\"o9v6fnle cxmmr5t8 oygrvhab hcukyx3x c1et5uql ii04i59q\">\n<div dir=\"auto\">Gi\u1eef th\u1ee9c \u0103n v\u00e0 \u0111\u1ed3 u\u1ed1ng \u1ea5m ho\u1eb7c l\u1ea1nh trong nhi\u1ec1u gi\u1edd<\/div>\n<div dir=\"auto\">l\u00fd t\u01b0\u1edfng cho \u1edf nh\u00e0 v\u00e0 khi di chuy\u1ec3n<\/div>\n<div dir=\"auto\">l\u00fd t\u01b0\u1edfng cho vi\u1ec7c chu\u1ea9n b\u1ecb v\u00e0 l\u01b0u tr\u1eef th\u1ee9c \u0103n tr\u1ebb em<\/div>\n<div dir=\"auto\">kh\u00f4ng th\u1ec3 ph\u00e1 v\u1ee1, th\u00e9p kh\u00f4ng g\u1ec9 b\u00ean trong v\u00e0 b\u00ean ngo\u00e0i<\/div>\n<div dir=\"auto\">l\u00e0m b\u1eb1ng th\u00e9p kh\u00f4ng g\u1ec9 ch\u1ea5t l\u01b0\u1ee3ng cao, h\u1ee3p v\u1ec7 sinh 18\/10<\/div>\n<div dir=\"auto\">Kh\u00f3a an to\u00e0n<\/div>\n<div dir=\"auto\">D\u1ec5 d\u00e0ng l\u1ea5p \u0111\u1ea7y nh\u1edd l\u1ed7 chi\u1ebft r\u00f3t l\u1edbn<\/div>\n<\/div>\n<div class=\"o9v6fnle cxmmr5t8 oygrvhab hcukyx3x c1et5uql ii04i59q\">\n<div dir=\"auto\">\u0110\u1ec3 tr\u00e1nh b\u1ecb b\u1ecfng, tuy\u1ec7t \u0111\u1ed1i kh\u00f4ng \u0111\u01b0\u1ee3c u\u1ed1ng ho\u1eb7c \u0103n tr\u1ef1c ti\u1ebfp t\u1eeb h\u1ed9p \u0111\u1ef1ng!<\/div>\n<div dir=\"auto\">\u0110\u1ed5 \u0111\u1ea7y h\u0169 ch\u1ee9a t\u1ed1i \u0111a d\u01b0\u1edbi m\u00e9p kho\u1ea3ng 3 cm. Kh\u00f4ng \u0111\u1ed5 \u0111\u1ea7y h\u1ee7.<\/div>\n<div dir=\"auto\">Kh\u00f4ng th\u00eam \u0111\u1ed3 u\u1ed1ng c\u00f3 ga.<\/div>\n<div dir=\"auto\">Kh\u00f4ng \u0111\u1eb7t h\u1ed9p c\u00e1ch nhi\u1ec7t tr\u00ean c\u00e1c b\u1ec1 m\u1eb7t n\u00f3ng, trong l\u00f2 vi s\u00f3ng ho\u1eb7c trong l\u00f2 n\u01b0\u1edbng.<\/div>\n<div dir=\"auto\">Kh\u00f4ng \u0111\u01b0\u1ee3c r\u1eeda b\u1eb1ng<\/div>\n<div dir=\"auto\">N\u1ebfu h\u1ed9p ch\u1ee9a b\u1ecb h\u01b0 h\u1ecfng r\u00f5 r\u00e0ng, vui l\u00f2ng kh\u00f4ng s\u1eed d\u1ee5ng l\u1ea1i: nguy c\u01a1 b\u1ecb b\u1ecfng! Kh\u00f4ng \u0111\u1ed5 \u0111\u1ea7y \u0111\u00e1 v\u00e0o h\u1ed9p.<\/div>\n<div dir=\"auto\">H\u1ed9p \u0111\u1ef1ng c\u00f3 th\u1ec3 l\u00e0m x\u01b0\u1edbc c\u00e1c khung kim lo\u1ea1i, \u0111i\u1ec1u n\u00e0y kh\u00f4ng \u1ea3nh h\u01b0\u1edfng \u0111\u1ebfn ch\u1ee9c n\u0103ng.<\/div>\n<\/div>\n<div class=\"o9v6fnle cxmmr5t8 oygrvhab hcukyx3x c1et5uql ii04i59q\">\n<div dir=\"auto\">L\u01b0u \u00fd s\u1eed d\u1ee5ng:<\/div>\n<div dir=\"auto\">L\u00e0m s\u1ea1ch k\u1ef9 h\u1ed9p \u0111\u1ef1ng tr\u01b0\u1edbc khi s\u1eed d\u1ee5ng l\u1ea7n \u0111\u1ea7u ti\u00ean.<\/div>\n<div dir=\"auto\">H\u1ed9p c\u00f3 th\u1ec3 tr\u00e1ng b\u1eb1ng n\u01b0\u1edbc n\u00f3ng ti\u1ec7t tr\u00f9ng tr\u01b0\u1edbc khi s\u1eed d\u1ee5ng, kh\u00f4ng s\u1eed d\u1ee5ng m\u00e1y ti\u1ec7t tr\u00f9ng ho\u1eb7c m\u00e1y s\u1eeda ch\u00e9n.<\/div>\n<div dir=\"auto\">Sau khi \u0111\u1ed5 \u0111\u1ea7y, \u0111\u00f3ng ch\u1eb7t n\u1eafp l\u1ea1i.<\/div>\n<\/div>\n<div class=\"o9v6fnle cxmmr5t8 oygrvhab hcukyx3x c1et5uql ii04i59q\">\n<div dir=\"auto\">H\u00e0ng \u0110\u1ee9c.<\/div>\n<\/div>\n","protected":false},"excerpt":{"rendered":"<p>Cho d\u00f9 \u0111\u00f3 ch\u1ec9 l\u00e0 m\u1ed9t b\u1eefa \u0103n nh\u1eb9 nh\u1ecf hay c\u1ea3 b\u1eefa \u0103n &#8211; n\u1ebfu b\u1ea1n \u0111ang \u0111i du l\u1ecbch v\u1edbi tr\u1ebb em, b\u1ea1n n\u00ean lu\u00f4n c\u00f3 s\u1eb5n th\u1ee9 g\u00ec \u0111\u00f3 \u0111\u1ec3 \u0103n. Khi nh\u1eefng \u0111\u1ee9a tr\u1ebb nh\u1ecf c\u1ea7n &hellip; <a href=\"https:\/\/sansanhouse.com\/index.php\/product\/hu-giu-am-thuc-an-cho-be\/\">Readmore<\/a><\/p>\n","protected":false},"featured_media":7246,"comment_status":"open","ping_status":"closed","template":"","meta":[],"product_cat":[168],"product_tag":[80],"_links":{"self":[{"href":"https:\/\/sansanhouse.com\/index.php\/wp-json\/wp\/v2\/product\/7245"}],"collection":[{"href":"https:\/\/sansanhouse.com\/index.php\/wp-json\/wp\/v2\/product"}],"about":[{"href":"https:\/\/sansanhouse.com\/index.php\/wp-json\/wp\/v2\/types\/product"}],"replies":[{"embeddable":true,"href":"https:\/\/sansanhouse.com\/index.php\/wp-json\/wp\/v2\/comments?post=7245"}],"wp:featuredmedia":[{"embeddable":true,"href":"https:\/\/sansanhouse.com\/index.php\/wp-json\/wp\/v2\/media\/7246"}],"wp:attachment":[{"href":"https:\/\/sansanhouse.com\/index.php\/wp-json\/wp\/v2\/media?parent=7245"}],"wp:term":[{"taxonomy":"product_cat","embeddable":true,"href":"https:\/\/sansanhouse.com\/index.php\/wp-json\/wp\/v2\/product_cat?post=7245"},{"taxonomy":"product_tag","embeddable":true,"href":"https:\/\/sansanhouse.com\/index.php\/wp-json\/wp\/v2\/product_tag?post=7245"}],"curies":[{"name":"wp","href":"https:\/\/api.w.org\/{rel}","templated":true}]}}