{"id":7247,"date":"2021-12-04T16:24:07","date_gmt":"2021-12-04T09:24:07","guid":{"rendered":"https:\/\/sansanhouse.com\/?post_type=product&#038;p=7247"},"modified":"2023-04-21T11:27:11","modified_gmt":"2023-04-21T04:27:11","slug":"thia-cam-bien-nhiet-nuby","status":"publish","type":"product","link":"https:\/\/sansanhouse.com\/index.php\/product\/thia-cam-bien-nhiet-nuby\/","title":{"rendered":"Th\u00eca c\u1ea3m bi\u1ebfn nhi\u1ec7t NUBY"},"content":{"rendered":"<div class=\"o9v6fnle cxmmr5t8 oygrvhab hcukyx3x c1et5uql ii04i59q\">\n<div dir=\"auto\">Nh\u1eefng chi\u1ebfc th\u00eca m\u1ec1m, nh\u1ea1y nhi\u1ec7t t\u1eeb N\u00fbbyTM l\u00e0 s\u1ef1 h\u1ed7 tr\u1ee3 ho\u00e0n h\u1ea3o \u0111\u1ec3 cho tr\u1ebb \u0103n th\u1ee9c \u0103n \u0111\u1eb7c \u0111\u1ea7u ti\u00ean.<\/div>\n<div dir=\"auto\">Ch\u00fang kh\u00f4ng ch\u1ec9 nh\u1eb9 nh\u00e0ng tr\u00ean v\u00f2m mi\u1ec7ng tr\u1ebb m\u00e0 c\u00f2n bi\u1ec3u hi\u1ec7n b\u1eb1ng s\u1ef1 \u0111\u1ed5i m\u00e0u khi th\u1ee9c \u0103n qu\u00e1 n\u00f3ng kh\u00f4ng th\u1ec3 cho tr\u1ebb \u0103n.<\/div>\n<\/div>\n<div class=\"o9v6fnle cxmmr5t8 oygrvhab hcukyx3x c1et5uql ii04i59q\">\n<div dir=\"auto\">C\u1ea3m bi\u1ebfn nhi\u1ec7t: \u0111\u1ea7u th\u00eca chuy\u1ec3n sang m\u00e0u tr\u1eafng khi th\u1ee9c \u0103n qu\u00e1 n\u00f3ng v\u00e0 do \u0111\u00f3 g\u00f3p ph\u1ea7n \u0111\u1ea3m b\u1ea3o an to\u00e0n cho con b\u1ea1n (t\u1eeb 37 \u00b0 C)<\/div>\n<div dir=\"auto\">C\u00e1c c\u1ea1nh m\u1ec1m b\u1ea3o v\u1ec7 n\u01b0\u1edbu nh\u1ea1y c\u1ea3m c\u1ee7a b\u00e9 v\u00e0 nh\u1eefng chi\u1ebfc r\u0103ng \u0111\u1ea7u ti\u00ean<\/div>\n<div dir=\"auto\">Tay c\u1ea7m Easy Grip \u2122 \u0111\u1ec3 c\u1ea7m tho\u1ea3i m\u00e1i<\/div>\n<div dir=\"auto\">\u0110\u1ea7u th\u00eca nh\u1ecf v\u00e0 d\u1eb9t, ho\u00e0n h\u1ea3o cho th\u1ee9c \u0103n \u0111\u1eb7c \u0111\u1ea7u ti\u00ean<\/div>\n<div dir=\"auto\">C\u00f3 3 m\u00e0u kh\u00e1c nhau<\/div>\n<div dir=\"auto\">Khuy\u1ebfn ngh\u1ecb \u0111\u1ed9 tu\u1ed5i: t\u1eeb th\u00e1ng th\u1ee9 3<\/div>\n<\/div>\n","protected":false},"excerpt":{"rendered":"<p>Nh\u1eefng chi\u1ebfc th\u00eca m\u1ec1m, nh\u1ea1y nhi\u1ec7t t\u1eeb N\u00fbbyTM l\u00e0 s\u1ef1 h\u1ed7 tr\u1ee3 ho\u00e0n h\u1ea3o \u0111\u1ec3 cho tr\u1ebb \u0103n th\u1ee9c \u0103n \u0111\u1eb7c \u0111\u1ea7u ti\u00ean. Ch\u00fang kh\u00f4ng ch\u1ec9 nh\u1eb9 nh\u00e0ng tr\u00ean v\u00f2m mi\u1ec7ng tr\u1ebb m\u00e0 c\u00f2n bi\u1ec3u hi\u1ec7n b\u1eb1ng s\u1ef1 \u0111\u1ed5i m\u00e0u &hellip; <a href=\"https:\/\/sansanhouse.com\/index.php\/product\/thia-cam-bien-nhiet-nuby\/\">Readmore<\/a><\/p>\n","protected":false},"featured_media":7248,"comment_status":"open","ping_status":"closed","template":"","meta":[],"product_cat":[168],"product_tag":[80],"_links":{"self":[{"href":"https:\/\/sansanhouse.com\/index.php\/wp-json\/wp\/v2\/product\/7247"}],"collection":[{"href":"https:\/\/sansanhouse.com\/index.php\/wp-json\/wp\/v2\/product"}],"about":[{"href":"https:\/\/sansanhouse.com\/index.php\/wp-json\/wp\/v2\/types\/product"}],"replies":[{"embeddable":true,"href":"https:\/\/sansanhouse.com\/index.php\/wp-json\/wp\/v2\/comments?post=7247"}],"wp:featuredmedia":[{"embeddable":true,"href":"https:\/\/sansanhouse.com\/index.php\/wp-json\/wp\/v2\/media\/7248"}],"wp:attachment":[{"href":"https:\/\/sansanhouse.com\/index.php\/wp-json\/wp\/v2\/media?parent=7247"}],"wp:term":[{"taxonomy":"product_cat","embeddable":true,"href":"https:\/\/sansanhouse.com\/index.php\/wp-json\/wp\/v2\/product_cat?post=7247"},{"taxonomy":"product_tag","embeddable":true,"href":"https:\/\/sansanhouse.com\/index.php\/wp-json\/wp\/v2\/product_tag?post=7247"}],"curies":[{"name":"wp","href":"https:\/\/api.w.org\/{rel}","templated":true}]}}