{"id":7254,"date":"2021-12-04T16:33:28","date_gmt":"2021-12-04T09:33:28","guid":{"rendered":"https:\/\/sansanhouse.com\/?post_type=product&#038;p=7254"},"modified":"2023-04-21T11:23:14","modified_gmt":"2023-04-21T04:23:14","slug":"may-xay-cam-tay-silvercrest","status":"publish","type":"product","link":"https:\/\/sansanhouse.com\/index.php\/product\/may-xay-cam-tay-silvercrest\/","title":{"rendered":"M\u00e1y xay c\u1ea7m tay SILVERCREST"},"content":{"rendered":"<div dir=\"auto\">C\u00f4ng su\u1ea5t: 600 watt<\/div>\n<div dir=\"auto\">tr\u1ed9n, xay nhuy\u1ec5n v\u00e0 c\u1eaft nh\u1ecf<\/div>\n<div dir=\"auto\">Ch\u00e2n tr\u1ed9n v\u00e0 que \u0111\u00e1nh tr\u1ee9ng l\u00e0m b\u1eb1ng th\u00e9p kh\u00f4ng g\u1ec9 ch\u1ea5t l\u01b0\u1ee3ng cao<\/div>\n<div dir=\"auto\">N\u00fat Turbo \u0111\u1ec3 tr\u1ed9n xung l\u1ef1c m\u1ea1nh m\u1ebd<\/div>\n<div dir=\"auto\">T\u1ed1c \u0111\u1ed9 \u0111i\u1ec1u ch\u1ec9nh v\u00f4 h\u1ea1n<\/div>\n<div dir=\"auto\">Bao g\u1ed3m c\u1ed1c \u0111o l\u01b0\u1eddng<\/div>\n<div dir=\"auto\">C\u00f3 h\u01b0\u1edbng d\u1eabn v\u1eadn h\u00e0nh b\u00ean trong<\/div>\n","protected":false},"excerpt":{"rendered":"<p>C\u00f4ng su\u1ea5t: 600 watt tr\u1ed9n, xay nhuy\u1ec5n v\u00e0 c\u1eaft nh\u1ecf Ch\u00e2n tr\u1ed9n v\u00e0 que \u0111\u00e1nh tr\u1ee9ng l\u00e0m b\u1eb1ng th\u00e9p kh\u00f4ng g\u1ec9 ch\u1ea5t l\u01b0\u1ee3ng cao N\u00fat Turbo \u0111\u1ec3 tr\u1ed9n xung l\u1ef1c m\u1ea1nh m\u1ebd T\u1ed1c \u0111\u1ed9 \u0111i\u1ec1u ch\u1ec9nh v\u00f4 h\u1ea1n Bao g\u1ed3m &hellip; <a href=\"https:\/\/sansanhouse.com\/index.php\/product\/may-xay-cam-tay-silvercrest\/\">Readmore<\/a><\/p>\n","protected":false},"featured_media":7256,"comment_status":"open","ping_status":"closed","template":"","meta":[],"product_cat":[167],"product_tag":[80],"_links":{"self":[{"href":"https:\/\/sansanhouse.com\/index.php\/wp-json\/wp\/v2\/product\/7254"}],"collection":[{"href":"https:\/\/sansanhouse.com\/index.php\/wp-json\/wp\/v2\/product"}],"about":[{"href":"https:\/\/sansanhouse.com\/index.php\/wp-json\/wp\/v2\/types\/product"}],"replies":[{"embeddable":true,"href":"https:\/\/sansanhouse.com\/index.php\/wp-json\/wp\/v2\/comments?post=7254"}],"wp:featuredmedia":[{"embeddable":true,"href":"https:\/\/sansanhouse.com\/index.php\/wp-json\/wp\/v2\/media\/7256"}],"wp:attachment":[{"href":"https:\/\/sansanhouse.com\/index.php\/wp-json\/wp\/v2\/media?parent=7254"}],"wp:term":[{"taxonomy":"product_cat","embeddable":true,"href":"https:\/\/sansanhouse.com\/index.php\/wp-json\/wp\/v2\/product_cat?post=7254"},{"taxonomy":"product_tag","embeddable":true,"href":"https:\/\/sansanhouse.com\/index.php\/wp-json\/wp\/v2\/product_tag?post=7254"}],"curies":[{"name":"wp","href":"https:\/\/api.w.org\/{rel}","templated":true}]}}