{"id":7260,"date":"2021-12-04T16:44:11","date_gmt":"2021-12-04T09:44:11","guid":{"rendered":"https:\/\/sansanhouse.com\/?post_type=product&#038;p=7260"},"modified":"2023-04-21T11:18:53","modified_gmt":"2023-04-21T04:18:53","slug":"hop-giu-nong-lanh-thuc-an-bang-thep-khong-gi-cho-be","status":"publish","type":"product","link":"https:\/\/sansanhouse.com\/index.php\/product\/hop-giu-nong-lanh-thuc-an-bang-thep-khong-gi-cho-be\/","title":{"rendered":"H\u1ed9p gi\u1eef nhi\u1ec7t th\u00e9p kh\u00f4ng g\u1ec9"},"content":{"rendered":"<div class=\"o9v6fnle cxmmr5t8 oygrvhab hcukyx3x c1et5uql ii04i59q\">\n<div dir=\"auto\">Dung t\u00edch: 350ml<\/div>\n<div dir=\"auto\">L\u00fd t\u01b0\u1edfng cho vi\u1ec7c chu\u1ea9n b\u1ecb v\u00e0 l\u01b0u tr\u1eef th\u1ee9c \u0103n tr\u1ebb em<\/div>\n<div dir=\"auto\">gi\u1eef th\u1ee9c \u0103n v\u00e0 \u0111\u1ed3 u\u1ed1ng \u1ea5m ho\u1eb7c l\u1ea1nh trong nhi\u1ec1u gi\u1edd<\/div>\n<\/div>\n<div class=\"o9v6fnle cxmmr5t8 oygrvhab hcukyx3x c1et5uql ii04i59q\">\n<div dir=\"auto\">Nh\u1eefng ch\u1ec9 d\u1eabn an to\u00e0n:<\/div>\n<div dir=\"auto\">H\u1ed9p h\u00e2m n\u00f3ng kh\u00f4ng \u0111\u01b0\u1ee3c d\u00f9ng \u0111\u1ec3 \u0111\u1ef1ng ho\u1eb7c v\u1eadn chuy\u1ec3n \u0111\u1ed3 u\u1ed1ng c\u00f3 ga.<\/div>\n<div dir=\"auto\">Kh\u00f4ng \u0111\u01b0\u1ee3c s\u1eed d\u1ee5ng b\u00ecnh c\u00e1ch nhi\u1ec7t \u0111\u1ec3 gi\u1eef \u1ea5m th\u1ee9c \u0103n c\u00f3 ch\u1ee9a s\u1eefa cho tr\u1ebb (nguy c\u01a1 vi khu\u1ea9n ph\u00e1t tri\u1ec3n).<\/div>\n<div dir=\"auto\">Kh\u00f4ng s\u1eed d\u1ee5ng l\u00f2 vi s\u00f3ng ho\u1eb7c l\u00f2 n\u01b0\u1edbng th\u00f4ng th\u01b0\u1eddng \u0111\u1ec3 l\u00e0m n\u00f3ng h\u0169.<\/div>\n<div dir=\"auto\">Tr\u00e1nh xa t\u1ea7m tay tr\u1ebb em.<\/div>\n<div dir=\"auto\">Ch\u1ec9 s\u1eed d\u1ee5ngkhi c\u00f3 s\u1ef1 quan s\u00e1t c\u1ee7a ng\u01b0\u1eddi l\u1edbn.<\/div>\n<\/div>\n<div class=\"o9v6fnle cxmmr5t8 oygrvhab hcukyx3x c1et5uql ii04i59q\">\n<div dir=\"auto\">C\u00e1ch v\u1ec7 sinh h\u1ed9p h\u00e2m n\u00f3ng inox:<\/div>\n<\/div>\n<div class=\"o9v6fnle cxmmr5t8 oygrvhab hcukyx3x c1et5uql ii04i59q\">\n<div dir=\"auto\">H\u00e3y l\u00e0m s\u1ea1ch h\u1ed9p h\u00e2m n\u00f3ng c\u1ee7a b\u1ea1n th\u01b0\u1eddng xuy\u00ean.<\/div>\n<div dir=\"auto\">B\u1ea1n n\u00ean r\u1eeda v\u1edbi n\u01b0\u1edbc \u1ea5m v\u00e0 dung d\u1ecbch r\u1eeda b\u00ecnh d\u00e0nh cho b\u00e9.<\/div>\n<div dir=\"auto\">Kh\u00f4ng l\u00e0m s\u1ea1ch h\u1ed9p h\u00e2m n\u00f3ng trong m\u00e1y r\u1eeda b\u00e1t.<\/div>\n<div dir=\"auto\">V\u1ec7 sinh h\u1ed9p h\u00e2m n\u00f3ng tr\u01b0\u1edbc m\u1ed7i l\u1ea7n s\u1eed d\u1ee5ng v\u00e0 b\u1ea3o qu\u1ea3n khi m\u1edf n\u1eafp.<\/div>\n<div dir=\"auto\">H\u1ed9p h\u00e2m n\u00f3ng Babydream kh\u00f4ng th\u00edch h\u1ee3p \u0111\u1ec3 ti\u1ec7t tr\u00f9ng ho\u1eb7c \u0111un s\u00f4i<\/div>\n<\/div>\n","protected":false},"excerpt":{"rendered":"<p>Dung t\u00edch: 350ml L\u00fd t\u01b0\u1edfng cho vi\u1ec7c chu\u1ea9n b\u1ecb v\u00e0 l\u01b0u tr\u1eef th\u1ee9c \u0103n tr\u1ebb em gi\u1eef th\u1ee9c \u0103n v\u00e0 \u0111\u1ed3 u\u1ed1ng \u1ea5m ho\u1eb7c l\u1ea1nh trong nhi\u1ec1u gi\u1edd Nh\u1eefng ch\u1ec9 d\u1eabn an to\u00e0n: H\u1ed9p h\u00e2m n\u00f3ng kh\u00f4ng \u0111\u01b0\u1ee3c d\u00f9ng \u0111\u1ec3 &hellip; <a href=\"https:\/\/sansanhouse.com\/index.php\/product\/hop-giu-nong-lanh-thuc-an-bang-thep-khong-gi-cho-be\/\">Readmore<\/a><\/p>\n","protected":false},"featured_media":7262,"comment_status":"open","ping_status":"closed","template":"","meta":[],"product_cat":[168],"product_tag":[80],"_links":{"self":[{"href":"https:\/\/sansanhouse.com\/index.php\/wp-json\/wp\/v2\/product\/7260"}],"collection":[{"href":"https:\/\/sansanhouse.com\/index.php\/wp-json\/wp\/v2\/product"}],"about":[{"href":"https:\/\/sansanhouse.com\/index.php\/wp-json\/wp\/v2\/types\/product"}],"replies":[{"embeddable":true,"href":"https:\/\/sansanhouse.com\/index.php\/wp-json\/wp\/v2\/comments?post=7260"}],"wp:featuredmedia":[{"embeddable":true,"href":"https:\/\/sansanhouse.com\/index.php\/wp-json\/wp\/v2\/media\/7262"}],"wp:attachment":[{"href":"https:\/\/sansanhouse.com\/index.php\/wp-json\/wp\/v2\/media?parent=7260"}],"wp:term":[{"taxonomy":"product_cat","embeddable":true,"href":"https:\/\/sansanhouse.com\/index.php\/wp-json\/wp\/v2\/product_cat?post=7260"},{"taxonomy":"product_tag","embeddable":true,"href":"https:\/\/sansanhouse.com\/index.php\/wp-json\/wp\/v2\/product_tag?post=7260"}],"curies":[{"name":"wp","href":"https:\/\/api.w.org\/{rel}","templated":true}]}}