{"id":7263,"date":"2021-12-04T16:53:06","date_gmt":"2021-12-04T09:53:06","guid":{"rendered":"https:\/\/sansanhouse.com\/?post_type=product&#038;p=7263"},"modified":"2021-12-22T10:08:13","modified_gmt":"2021-12-22T03:08:13","slug":"bodysuite-bang-len-va-lua-huu-co-alana-duc","status":"publish","type":"product","link":"https:\/\/sansanhouse.com\/index.php\/product\/bodysuite-bang-len-va-lua-huu-co-alana-duc\/","title":{"rendered":"BodySuite l\u1ee5a h\u1eefu c\u01a1"},"content":{"rendered":"<div class=\"o9v6fnle cxmmr5t8 oygrvhab hcukyx3x c1et5uql ii04i59q\">\n<div dir=\"auto\">Size: 12 -20 th\u00e1ng<\/div>\n<div dir=\"auto\">3-4 tu\u1ed5i<\/div>\n<\/div>\n<div class=\"o9v6fnle cxmmr5t8 oygrvhab hcukyx3x c1et5uql ii04i59q\">\n<div dir=\"auto\">Ti\u00eau chu\u1ea9n d\u1ec7t h\u1eefu c\u01a1 to\u00e0n c\u1ea7u (GOTS)<\/div>\n<div dir=\"auto\">\u0110\u1eb7c t\u00ednh \u0111i\u1ec1u ch\u1ec9nh nhi\u1ec7t \u0111\u1ed9 v\u00e0 \u0111\u1ed9 \u1ea9m nh\u1edd h\u1ed7n h\u1ee3p len v\u00e0 t\u01a1<\/div>\n<div dir=\"auto\">70% len m\u1edbi h\u1eefu c\u01a1 (GOTS ch\u1ee9ng nh\u1eadn), 30% l\u1ee5a gi\u00fap b\u1ea3o v\u1ec7 t\u1ed1i \u01b0u trong nh\u1eefng ng\u00e0y l\u1ea1nh.<\/div>\n<\/div>\n<div class=\"o9v6fnle cxmmr5t8 oygrvhab hcukyx3x c1et5uql ii04i59q\">\n<div dir=\"auto\">\u0110\u1eb7c t\u00ednh \u0111i\u1ec1u h\u00f2a kh\u00ed h\u1eadu c\u1ee7a len h\u1eefu c\u01a1 c\u00f3 \u1ea3nh h\u01b0\u1edfng t\u00edch c\u1ef1c \u0111\u1ebfn nh\u1eadn th\u1ee9c c\u1ee7a em b\u00e9 v\u1ec1 \u0111\u1ed9 \u1ea5m.<\/div>\n<\/div>\n<div class=\"o9v6fnle cxmmr5t8 oygrvhab hcukyx3x c1et5uql ii04i59q\">\n<div dir=\"auto\">Nh\u1eefng chi\u1ebfc \u00e1o d\u00e0i c\u00f2n c\u00f3 t\u00e1c d\u1ee5ng b\u1ea3o v\u1ec7 v\u00e0 s\u01b0\u1edfi \u1ea5m cho \u0111\u00f4i tay b\u00e9 nh\u1ecf.<\/div>\n<div dir=\"auto\">\u0110\u01b0\u1eddng c\u1eaft thi\u1ebft th\u1ef1c gi\u00fap b\u1ea1n d\u1ec5 d\u00e0ng m\u1eb7c v\u00e0o v\u00e0 c\u1edfi ra v\u00e0 \u0111\u1ea3m b\u1ea3o r\u1eb1ng kh\u00f4ng c\u00f3 v\u1eadt g\u00ec b\u1ecb tr\u01b0\u1ee3t ngay c\u1ea3 khi c\u00f3 nhu c\u1ea7u di chuy\u1ec3n m\u1ea1nh m\u1ebd.<\/div>\n<\/div>\n<div class=\"o9v6fnle cxmmr5t8 oygrvhab hcukyx3x c1et5uql ii04i59q\">\n<div dir=\"auto\">Nh\u1edd s\u1ef1 pha tr\u1ed9n gi\u1eefa len v\u00e0 l\u1ee5a, chi\u1ebfc \u00e1o mang l\u1ea1i cho con b\u1ea1n c\u1ea3m gi\u00e1c d\u1ec5 ch\u1ecbu khi m\u1eb7c tr\u00ean l\u00e0n da nh\u1ea1y c\u1ea3m. Qu\u1ea7n \u00e1o tr\u1ebb em b\u1eb1ng len v\u00e0 l\u1ee5a l\u00e0 s\u1ef1 k\u1ebft h\u1ee3p \u01b0u \u0111i\u1ec3m c\u1ee7a c\u1ea3 hai ch\u1ea5t li\u1ec7u v\u00e0 c\u00f3 \u0111\u1eb7c t\u00ednh \u0111i\u1ec1u ch\u1ec9nh nhi\u1ec7t \u0111\u1ed9 v\u00e0 \u0111\u1ed9 \u1ea9m.<\/div>\n<div dir=\"auto\">Nh\u1edd \u0111\u1eb7c t\u00ednh nh\u1eb9 nh\u00e0ng, l\u1ee5a \u0111\u1eb7c bi\u1ec7t tho\u1ea3i m\u00e1i khi m\u1eb7c v\u00e0 c\u0169ng th\u00edch h\u1ee3p cho da nh\u1ea1y c\u1ea3m. Len \u00f4m nh\u1eb9 v\u00e0o da v\u00e0 c\u00f3 t\u00e1c d\u1ee5ng \u0111i\u1ec1u ch\u1ec9nh nhi\u1ec7t \u0111\u1ed9. Khi tr\u1eddi l\u1ea1nh, s\u1ee3i t\u1ef1 nhi\u00ean mang \u0111\u1ebfn cho b\u00e9 s\u1ef1 \u1ea5m \u00e1p nh\u1eb9 nh\u00e0ng; khi tr\u1eddi \u1ea5m, len c\u00f3 t\u00e1c d\u1ee5ng l\u00e0m m\u00e1t da d\u1ec5 ch\u1ecbu.<\/div>\n<div dir=\"auto\">Nh\u1eefng b\u1ed9 \u0111\u1ed3 li\u1ec1n th\u00e2n lu\u00f4n c\u00f3 trong t\u1ee7 \u0111\u1ed3 c\u1ee7a m\u1ecdi b\u00e9 v\u00ec ch\u00fang mang l\u1ea1i cho tr\u1ebb c\u1ea3m gi\u00e1c an to\u00e0n v\u00e0 t\u1ef1 do v\u1eadn \u0111\u1ed9ng \u0111\u1ed3ng th\u1eddi.<\/div>\n<div dir=\"auto\">Cho d\u00f9 v\u00e0o m\u00f9a h\u00e8 v\u1edbi \u00e1o tay ng\u1eafn l\u00e0m t\u1eeb b\u00f4ng h\u1eefu c\u01a1 hay v\u00e0o m\u00f9a \u0111\u00f4ng v\u1edbi \u00e1o tay d\u00e0i l\u00e0m b\u1eb1ng len h\u1eefu c\u01a1 \u0111i\u1ec1u nhi\u1ec7t &#8211; ALANA cung c\u1ea5p nhi\u1ec1u l\u1ef1a ch\u1ecdn \u0111\u1ec3 gi\u00fap tr\u1ebb \u0111\u01b0\u1ee3c b\u1ea3o v\u1ec7 t\u1ed1t trong su\u1ed1t c\u1ea3 n\u0103m.<\/div>\n<\/div>\n","protected":false},"excerpt":{"rendered":"<p>Size: 12 -20 th\u00e1ng 3-4 tu\u1ed5i Ti\u00eau chu\u1ea9n d\u1ec7t h\u1eefu c\u01a1 to\u00e0n c\u1ea7u (GOTS) \u0110\u1eb7c t\u00ednh \u0111i\u1ec1u ch\u1ec9nh nhi\u1ec7t \u0111\u1ed9 v\u00e0 \u0111\u1ed9 \u1ea9m nh\u1edd h\u1ed7n h\u1ee3p len v\u00e0 t\u01a1 70% len m\u1edbi h\u1eefu c\u01a1 (GOTS ch\u1ee9ng nh\u1eadn), 30% l\u1ee5a gi\u00fap &hellip; <a href=\"https:\/\/sansanhouse.com\/index.php\/product\/bodysuite-bang-len-va-lua-huu-co-alana-duc\/\">Readmore<\/a><\/p>\n","protected":false},"featured_media":7266,"comment_status":"open","ping_status":"closed","template":"","meta":[],"product_cat":[169],"product_tag":[78],"_links":{"self":[{"href":"https:\/\/sansanhouse.com\/index.php\/wp-json\/wp\/v2\/product\/7263"}],"collection":[{"href":"https:\/\/sansanhouse.com\/index.php\/wp-json\/wp\/v2\/product"}],"about":[{"href":"https:\/\/sansanhouse.com\/index.php\/wp-json\/wp\/v2\/types\/product"}],"replies":[{"embeddable":true,"href":"https:\/\/sansanhouse.com\/index.php\/wp-json\/wp\/v2\/comments?post=7263"}],"wp:featuredmedia":[{"embeddable":true,"href":"https:\/\/sansanhouse.com\/index.php\/wp-json\/wp\/v2\/media\/7266"}],"wp:attachment":[{"href":"https:\/\/sansanhouse.com\/index.php\/wp-json\/wp\/v2\/media?parent=7263"}],"wp:term":[{"taxonomy":"product_cat","embeddable":true,"href":"https:\/\/sansanhouse.com\/index.php\/wp-json\/wp\/v2\/product_cat?post=7263"},{"taxonomy":"product_tag","embeddable":true,"href":"https:\/\/sansanhouse.com\/index.php\/wp-json\/wp\/v2\/product_tag?post=7263"}],"curies":[{"name":"wp","href":"https:\/\/api.w.org\/{rel}","templated":true}]}}