{"id":7273,"date":"2021-12-04T16:59:03","date_gmt":"2021-12-04T09:59:03","guid":{"rendered":"https:\/\/sansanhouse.com\/?post_type=product&#038;p=7273"},"modified":"2021-12-22T10:06:38","modified_gmt":"2021-12-22T03:06:38","slug":"ao-thun-dai-tay-tre-em-bang-bong-huu-co-alana-duc","status":"publish","type":"product","link":"https:\/\/sansanhouse.com\/index.php\/product\/ao-thun-dai-tay-tre-em-bang-bong-huu-co-alana-duc\/","title":{"rendered":"\u00c1o thun d\u00e0i tay b\u00f4ng h\u1eefu c\u01a1"},"content":{"rendered":"<div class=\"kvgmc6g5 cxmmr5t8 oygrvhab hcukyx3x c1et5uql ii04i59q\">\n<div dir=\"auto\">Size: 1-2 tu\u1ed5i<\/div>\n<div dir=\"auto\">\u00c1o d\u00e0i tay ALANA m\u1ecfng c\u00f3 h\u1ecda ti\u1ebft chim c\u00e1nh c\u1ee5t v\u00e0 c\u1ed5 \u00e1o m\u00e0u cam.<\/div>\n<div dir=\"auto\">B\u00f4ng h\u1eefu c\u01a1 m\u1ec1m \u00e1o d\u00e0i tay m\u1ec1m m\u1ea1i d\u1ec5 ch\u1ecbu .<\/div>\n<\/div>\n<div class=\"o9v6fnle cxmmr5t8 oygrvhab hcukyx3x c1et5uql ii04i59q\">\n<div dir=\"auto\">\u00c1o d\u00e0i tay m\u00e0u xanh c\u1ee7a ALANA in v\u1edbi c\u00e1c lo\u00e0i \u0111\u1ed9ng v\u1eadt r\u1eebng nh\u01b0 g\u1ea5u, s\u00f3i, h\u01b0\u01a1u v\u00e0 g\u1ea5u tr\u00fac mang \u0111\u1ebfn r\u1ea5t nhi\u1ec1u \u0111i\u1ec1u \u0111\u1ec3 kh\u00e1m ph\u00e1<\/div>\n<div dir=\"auto\">B\u00f4ng h\u1eefu c\u01a1 m\u1ec1m m\u1ea1i, \u0111\u01b0\u1ee3c GOTS ch\u1ee9ng nh\u1eadn<\/div>\n<\/div>\n<div class=\"o9v6fnle cxmmr5t8 oygrvhab hcukyx3x c1et5uql ii04i59q\">\n<div dir=\"auto\">Nh\u1eefng chi\u1ebfc \u00e1o thun d\u00e0i tay d\u00e0nh cho tr\u1ebb em nh\u01b0 th\u1ebf n\u00e0y c\u1ee7a ALANA v\u1edbi k\u00edch th\u01b0\u1edbc r\u1ea5t tho\u1ea3i m\u00e1i v\u00e0 ph\u00f9 h\u1ee3p tuy\u1ec7t v\u1eddi cho giai \u0111o\u1ea1n chuy\u1ec3n m\u00f9a.<\/div>\n<div dir=\"auto\">V\u00e0o nh\u1eefng ng\u00e0y h\u00e8 m\u00e1t m\u1ebb v\u00e0 nh\u1eefng ng\u00e0y \u0111\u1ea7u thu \u00e1o thun c\u00f3 th\u1ec3 s\u1eed d\u1ee5ng \u0111\u01b0\u1ee3c.<\/div>\n<\/div>\n<div class=\"o9v6fnle cxmmr5t8 oygrvhab hcukyx3x c1et5uql ii04i59q\">\n<div dir=\"auto\">100% CH\u1ea4T LI\u1ec6U COTTON t\u1eeb canh t\u00e1c h\u1eefu c\u01a1 c\u00f3 ki\u1ec3m so\u00e1t<\/div>\n<\/div>\n","protected":false},"excerpt":{"rendered":"<p>Size: 1-2 tu\u1ed5i \u00c1o d\u00e0i tay ALANA m\u1ecfng c\u00f3 h\u1ecda ti\u1ebft chim c\u00e1nh c\u1ee5t v\u00e0 c\u1ed5 \u00e1o m\u00e0u cam. B\u00f4ng h\u1eefu c\u01a1 m\u1ec1m \u00e1o d\u00e0i tay m\u1ec1m m\u1ea1i d\u1ec5 ch\u1ecbu . \u00c1o d\u00e0i tay m\u00e0u xanh c\u1ee7a ALANA in v\u1edbi &hellip; <a href=\"https:\/\/sansanhouse.com\/index.php\/product\/ao-thun-dai-tay-tre-em-bang-bong-huu-co-alana-duc\/\">Readmore<\/a><\/p>\n","protected":false},"featured_media":7274,"comment_status":"open","ping_status":"closed","template":"","meta":[],"product_cat":[169],"product_tag":[78],"_links":{"self":[{"href":"https:\/\/sansanhouse.com\/index.php\/wp-json\/wp\/v2\/product\/7273"}],"collection":[{"href":"https:\/\/sansanhouse.com\/index.php\/wp-json\/wp\/v2\/product"}],"about":[{"href":"https:\/\/sansanhouse.com\/index.php\/wp-json\/wp\/v2\/types\/product"}],"replies":[{"embeddable":true,"href":"https:\/\/sansanhouse.com\/index.php\/wp-json\/wp\/v2\/comments?post=7273"}],"wp:featuredmedia":[{"embeddable":true,"href":"https:\/\/sansanhouse.com\/index.php\/wp-json\/wp\/v2\/media\/7274"}],"wp:attachment":[{"href":"https:\/\/sansanhouse.com\/index.php\/wp-json\/wp\/v2\/media?parent=7273"}],"wp:term":[{"taxonomy":"product_cat","embeddable":true,"href":"https:\/\/sansanhouse.com\/index.php\/wp-json\/wp\/v2\/product_cat?post=7273"},{"taxonomy":"product_tag","embeddable":true,"href":"https:\/\/sansanhouse.com\/index.php\/wp-json\/wp\/v2\/product_tag?post=7273"}],"curies":[{"name":"wp","href":"https:\/\/api.w.org\/{rel}","templated":true}]}}