{"id":7279,"date":"2021-12-04T17:05:19","date_gmt":"2021-12-04T10:05:19","guid":{"rendered":"https:\/\/sansanhouse.com\/?post_type=product&#038;p=7279"},"modified":"2023-04-21T11:17:45","modified_gmt":"2023-04-21T04:17:45","slug":"handcream","status":"publish","type":"product","link":"https:\/\/sansanhouse.com\/index.php\/product\/handcream\/","title":{"rendered":"Handcream"},"content":{"rendered":"<div class=\"o9v6fnle cxmmr5t8 oygrvhab hcukyx3x c1et5uql ii04i59q\">\n<div dir=\"auto\">Dung tich: 100ml<\/div>\n<div dir=\"auto\"><\/div>\n<\/div>\n<div class=\"o9v6fnle cxmmr5t8 oygrvhab hcukyx3x c1et5uql ii04i59q\">\n<div dir=\"auto\">ISANA HANDCREME GREEN OLIVE cung c\u1ea5p \u0111\u1ed9 \u1ea9m cho b\u00e0n tay v\u1edbi s\u1ef1 k\u1ebft h\u1ee3p th\u00e0nh ph\u1ea7n ho\u1ea1t ch\u1ea5t ch\u1ea5t l\u01b0\u1ee3ng cao c\u1ee7a panthenol v\u00e0 glycerine, gi\u00fap gi\u1ea3m b\u1edbt c\u1ea3m gi\u00e1c c\u0103ng th\u1eb3ng kh\u00f3 ch\u1ecbu. D\u1ea7u \u00f4 liu t\u1ef1 nhi\u00ean v\u00e0 b\u01a1 \u00f4 liu ho\u00e0n th\u00e0nh vi\u1ec7c ch\u0103m s\u00f3c v\u00e0 l\u00e0m cho l\u00e0n da tr\u1edf n\u00ean m\u1ecbn m\u00e0ng. Kem th\u1ea5m nhanh v\u00e0 kh\u00f4ng \u0111\u1ec3 l\u1ea1i m\u00e0ng nh\u1eddn.<\/div>\n<div dir=\"auto\">Kh\u1ea3 n\u0103ng t\u01b0\u01a1ng th\u00edch da \u0111\u00e3 \u0111\u01b0\u1ee3c ph\u00ea duy\u1ec7t v\u1ec1 m\u1eb7t da li\u1ec5u<\/div>\n<div dir=\"auto\">pH da trung t\u00ednh<\/div>\n<div dir=\"auto\"><\/div>\n<\/div>\n<div class=\"o9v6fnle cxmmr5t8 oygrvhab hcukyx3x c1et5uql ii04i59q\">\n<div dir=\"auto\">ISANA HAND &amp; NAIL BALM MILD CAMOMILE &#8211; hoa c\u00fac t\u1ef1 nhi\u00ean, ch\u0103m s\u00f3c cho \u0111\u00f4i tay kh\u00f4 r\u00e1p. S\u1ef1 k\u1ebft h\u1ee3p c\u00f3 gi\u00e1 tr\u1ecb c\u1ee7a c\u00e1c th\u00e0nh ph\u1ea7n ho\u1ea1t t\u00ednh v\u1edbi panthenol, glycerine v\u00e0 chi\u1ebft xu\u1ea5t hoa c\u00fac cung c\u1ea5p \u0111\u1ed9 \u1ea9m v\u00e0 c\u1ea3i thi\u1ec7n s\u1ef1 \u1ed5n \u0111\u1ecbnh v\u00e0 linh ho\u1ea1t c\u1ee7a m\u00f3ng tay. C\u00f4ng th\u1ee9c ch\u0103m s\u00f3c ch\u1ea5t l\u01b0\u1ee3ng cao h\u1ed7 tr\u1ee3 qu\u00e1 tr\u00ecnh t\u00e1i t\u1ea1o t\u1ef1 nhi\u00ean v\u00e0 \u0111\u1ea3m b\u1ea3o mang l\u1ea1i c\u1ea3m gi\u00e1c d\u1ec5 ch\u1ecbu cho \u0111\u00f4i tay m\u1ec1m m\u1ea1i v\u00e0 d\u1ebbo dai.<\/div>\n<div dir=\"auto\"><\/div>\n<\/div>\n<div class=\"o9v6fnle cxmmr5t8 oygrvhab hcukyx3x c1et5uql ii04i59q\">\n<div dir=\"auto\">Aloe vera &#8211; ch\u0103m s\u00f3c h\u1ed7 tr\u1ee3 t\u00e1i t\u1ea1o da v\u00e0 duy tr\u00ec \u0111\u1ed9 \u0111\u00e0n h\u1ed3i t\u1ef1 nhi\u00ean . V\u1edbi h\u01b0\u01a1ng th\u01a1m t\u01b0\u01a1i m\u00e1t d\u1ec5 ch\u1ecbu.<\/div>\n<\/div>\n<div class=\"o9v6fnle cxmmr5t8 oygrvhab hcukyx3x c1et5uql ii04i59q\">\n<div dir=\"auto\">Kamil &#8211; ch\u0103m s\u00f3c da tay c\u1ed5 \u0111i\u1ec3n d\u00e0nh cho da th\u01b0\u1eddng gi\u00fap ch\u0103m s\u00f3c, b\u1ea3o v\u1ec7, t\u00e1i t\u1ea1o v\u00e0 \u0111\u1ed9 \u1ea9m nh\u1eb9 nh\u00e0ng. Th\u00e0nh ph\u1ea7n ch\u1ee9a hoa c\u00fac h\u1eefu c\u01a1 v\u00e0 bisabolol<\/div>\n<\/div>\n<div class=\"o9v6fnle cxmmr5t8 oygrvhab hcukyx3x c1et5uql ii04i59q\">\n<div dir=\"auto\">Kem th\u1ea5m nhanh v\u00e0 kh\u00f4ng \u0111\u1ec3 l\u1ea1i m\u00e0ng nh\u1eddn.<\/div>\n<div dir=\"auto\">Ho\u00e0n to\u00e0n kh\u00f4ng ch\u1ee9a vi nh\u1ef1a<\/div>\n<div dir=\"auto\">Kh\u00f4ng ch\u1ee9a vi nh\u1ef1a, thu\u1ed1c nhu\u1ed9m, paraben, ch\u1ea5t nh\u0169 h\u00f3a PEG, d\u1ea7u kho\u00e1ng, parafin, th\u00e0nh ph\u1ea7n \u0111\u1ed9ng v\u1eadt<\/div>\n<div dir=\"auto\">Kh\u1ea3 n\u0103ng t\u01b0\u01a1ng th\u00edch da \u0111\u00e3 \u0111\u01b0\u1ee3c ph\u00ea duy\u1ec7t v\u1ec1 m\u1eb7t da li\u1ec5u<\/div>\n<\/div>\n","protected":false},"excerpt":{"rendered":"<p>Dung tich: 100ml ISANA HANDCREME GREEN OLIVE cung c\u1ea5p \u0111\u1ed9 \u1ea9m cho b\u00e0n tay v\u1edbi s\u1ef1 k\u1ebft h\u1ee3p th\u00e0nh ph\u1ea7n ho\u1ea1t ch\u1ea5t ch\u1ea5t l\u01b0\u1ee3ng cao c\u1ee7a panthenol v\u00e0 glycerine, gi\u00fap gi\u1ea3m b\u1edbt c\u1ea3m gi\u00e1c c\u0103ng th\u1eb3ng kh\u00f3 ch\u1ecbu. D\u1ea7u \u00f4 &hellip; <a href=\"https:\/\/sansanhouse.com\/index.php\/product\/handcream\/\">Readmore<\/a><\/p>\n","protected":false},"featured_media":7282,"comment_status":"open","ping_status":"closed","template":"","meta":[],"product_cat":[168],"product_tag":[80],"_links":{"self":[{"href":"https:\/\/sansanhouse.com\/index.php\/wp-json\/wp\/v2\/product\/7279"}],"collection":[{"href":"https:\/\/sansanhouse.com\/index.php\/wp-json\/wp\/v2\/product"}],"about":[{"href":"https:\/\/sansanhouse.com\/index.php\/wp-json\/wp\/v2\/types\/product"}],"replies":[{"embeddable":true,"href":"https:\/\/sansanhouse.com\/index.php\/wp-json\/wp\/v2\/comments?post=7279"}],"wp:featuredmedia":[{"embeddable":true,"href":"https:\/\/sansanhouse.com\/index.php\/wp-json\/wp\/v2\/media\/7282"}],"wp:attachment":[{"href":"https:\/\/sansanhouse.com\/index.php\/wp-json\/wp\/v2\/media?parent=7279"}],"wp:term":[{"taxonomy":"product_cat","embeddable":true,"href":"https:\/\/sansanhouse.com\/index.php\/wp-json\/wp\/v2\/product_cat?post=7279"},{"taxonomy":"product_tag","embeddable":true,"href":"https:\/\/sansanhouse.com\/index.php\/wp-json\/wp\/v2\/product_tag?post=7279"}],"curies":[{"name":"wp","href":"https:\/\/api.w.org\/{rel}","templated":true}]}}