{"id":7288,"date":"2021-12-05T11:15:59","date_gmt":"2021-12-05T04:15:59","guid":{"rendered":"https:\/\/sansanhouse.com\/?post_type=product&#038;p=7288"},"modified":"2021-12-05T11:20:21","modified_gmt":"2021-12-05T04:20:21","slug":"bodysuite-pusblu","status":"publish","type":"product","link":"https:\/\/sansanhouse.com\/index.php\/product\/bodysuite-pusblu\/","title":{"rendered":"Bodysuite &#8211; PUSBLU"},"content":{"rendered":"<div class=\"o9v6fnle cxmmr5t8 oygrvhab hcukyx3x c1et5uql ii04i59q\">\n<div dir=\"auto\">M\u00ecnh note th\u00eam : v\u00ec m\u1eb7c h\u00e0ng qu\u1ea7n \u00e1o s\u1ebd c\u00f3 1 s\u1ed1 m\u1eabu s\u1ebd re-orders thay v\u00ec c\u00f3 s\u1eb5n n\u00ean m\u00ecnh \u0111\u1ec3 th\u00f4ng tin b\u1ea3ng \u01b0\u1edbc ch\u1eebng size c\u1ee7a b\u00e9 \u0111\u1ec3 ba m\u1eb9 ti\u1ec7n \u0111\u1eb7t h\u00e0ng theo size c\u1ee7a con m\u00ecnh nh\u00e9<\/div>\n<div dir=\"auto\"><\/div>\n<\/div>\n<div class=\"o9v6fnle cxmmr5t8 oygrvhab hcukyx3x c1et5uql ii04i59q\">\n<div dir=\"auto\">100% CH\u1ea4T LI\u1ec6U COTTON t\u1eeb canh t\u00e1c h\u1eefu c\u01a1 c\u00f3 ki\u1ec3m so\u00e1t<\/div>\n<div dir=\"auto\">B\u1ed9 \u0111\u1ed3 ng\u1ee7 m\u00e0u tr\u1eafng c\u1ee7a PUSBLU v\u1edbi \u00e1o c\u00e0i c\u00fac<\/div>\n<div dir=\"auto\">H\u1ecda ti\u1ebft ng\u1ecdt ng\u00e0o v\u1edbi c\u00e1c chi ti\u1ebft m\u00e0u xanh v\u00e0ng<\/div>\n<div dir=\"auto\">\u1ea4m v\u00e0 m\u1ec1m m\u1ea1i nh\u1edd ch\u1ea5t li\u1ec7u cotton tinh khi\u1ebft<\/div>\n<div dir=\"auto\">B\u1ed9 \u0111\u1ed3 ng\u1ee7 gi\u1eef \u1ea5m cho con y\u00eau c\u1ee7a b\u1ea1n nh\u1edd ph\u1ea7n ch\u00e2n d\u00e0i \u0111\u1ebfn \u0111\u1ea7u ng\u00f3n ch\u00e2n.<\/div>\n<div dir=\"auto\">H\u1ecda ti\u1ebft ch\u00fa h\u1ea3i c\u1ea9u xinh x\u1eafn c\u00f9ng ch\u1ea5t li\u1ec7u m\u1ec1m m\u1ea1i nhanh ch\u00f3ng khi\u1ebfn b\u1ed9 \u0111\u1ed3 ng\u1ee7 pijama tr\u1edf th\u00e0nh m\u1eabu m\u1edbi \u0111\u01b0\u1ee3c y\u00eau th\u00edch trong \u0111\u00eam.<\/div>\n<div dir=\"auto\"><img loading=\"lazy\" class=\" wp-image-7289 aligncenter\" src=\"https:\/\/sansanhouse.com\/wp-content\/uploads\/2021\/12\/256259984_971286240399396_6250211031343642222_n-300x206.png\" alt=\"\" width=\"672\" height=\"461\" srcset=\"https:\/\/sansanhouse.com\/wp-content\/uploads\/2021\/12\/256259984_971286240399396_6250211031343642222_n-300x206.png 300w, https:\/\/sansanhouse.com\/wp-content\/uploads\/2021\/12\/256259984_971286240399396_6250211031343642222_n.png 503w\" sizes=\"(max-width: 672px) 100vw, 672px\" \/><\/div>\n<\/div>\n","protected":false},"excerpt":{"rendered":"<p>M\u00ecnh note th\u00eam : v\u00ec m\u1eb7c h\u00e0ng qu\u1ea7n \u00e1o s\u1ebd c\u00f3 1 s\u1ed1 m\u1eabu s\u1ebd re-orders thay v\u00ec c\u00f3 s\u1eb5n n\u00ean m\u00ecnh \u0111\u1ec3 th\u00f4ng tin b\u1ea3ng \u01b0\u1edbc ch\u1eebng size c\u1ee7a b\u00e9 \u0111\u1ec3 ba m\u1eb9 ti\u1ec7n \u0111\u1eb7t h\u00e0ng theo size c\u1ee7a &hellip; <a href=\"https:\/\/sansanhouse.com\/index.php\/product\/bodysuite-pusblu\/\">Readmore<\/a><\/p>\n","protected":false},"featured_media":7291,"comment_status":"open","ping_status":"closed","template":"","meta":[],"product_cat":[169],"product_tag":[78],"_links":{"self":[{"href":"https:\/\/sansanhouse.com\/index.php\/wp-json\/wp\/v2\/product\/7288"}],"collection":[{"href":"https:\/\/sansanhouse.com\/index.php\/wp-json\/wp\/v2\/product"}],"about":[{"href":"https:\/\/sansanhouse.com\/index.php\/wp-json\/wp\/v2\/types\/product"}],"replies":[{"embeddable":true,"href":"https:\/\/sansanhouse.com\/index.php\/wp-json\/wp\/v2\/comments?post=7288"}],"wp:featuredmedia":[{"embeddable":true,"href":"https:\/\/sansanhouse.com\/index.php\/wp-json\/wp\/v2\/media\/7291"}],"wp:attachment":[{"href":"https:\/\/sansanhouse.com\/index.php\/wp-json\/wp\/v2\/media?parent=7288"}],"wp:term":[{"taxonomy":"product_cat","embeddable":true,"href":"https:\/\/sansanhouse.com\/index.php\/wp-json\/wp\/v2\/product_cat?post=7288"},{"taxonomy":"product_tag","embeddable":true,"href":"https:\/\/sansanhouse.com\/index.php\/wp-json\/wp\/v2\/product_tag?post=7288"}],"curies":[{"name":"wp","href":"https:\/\/api.w.org\/{rel}","templated":true}]}}