{"id":7293,"date":"2021-12-05T11:22:09","date_gmt":"2021-12-05T04:22:09","guid":{"rendered":"https:\/\/sansanhouse.com\/?post_type=product&#038;p=7293"},"modified":"2021-12-05T11:22:09","modified_gmt":"2021-12-05T04:22:09","slug":"tui-tre-em-kieu-dang-ky-lan","status":"publish","type":"product","link":"https:\/\/sansanhouse.com\/index.php\/product\/tui-tre-em-kieu-dang-ky-lan\/","title":{"rendered":"T\u00fai tr\u1ebb em ki\u1ec3u d\u00e1ng k\u1ef3 l\u00e2n"},"content":{"rendered":"<div dir=\"auto\">100% POLYESTER<\/div>\n<div dir=\"auto\">Thi\u1ebft k\u1ebf 3D v\u1edbi tai v\u00e0 s\u1eebng<\/div>\n<div dir=\"auto\">C\u00f3 th\u1ec3 mang theo nhi\u1ec1u c\u00e1ch nh\u1edd d\u00e2y \u0111eo c\u00f3 th\u1ec3 \u0111i\u1ec1u ch\u1ec9nh: nh\u01b0 m\u1ed9t t\u00fai th\u1eaft l\u01b0ng, t\u00fai \u0111eo vai ho\u1eb7c t\u00fai \u0111eo vai<\/div>\n<div dir=\"auto\">Chi\u1ec1u d\u00e0i kho\u1ea3ng 14 cm, chi\u1ec1u r\u1ed9ng kho\u1ea3ng 15 cm<\/div>\n<div dir=\"auto\">Chi\u1ebfc t\u00fai m\u00e0u h\u1ed3ng c\u1ee7a PUSBLU r\u1ea5t l\u00fd t\u01b0\u1edfng khi di chuy\u1ec3n nh\u1edd k\u00edch th\u01b0\u1edbc ti\u1ec7n d\u1ee5ng.<\/div>\n<div dir=\"auto\">Con b\u1ea1n c\u00f3 th\u1ec3 c\u1ea5t gi\u1eef nh\u1eefng \u0111\u1ed3 v\u1eadt, \u0111\u1ed3 ch\u01a1i y\u00eau th\u00edch c\u1ee7a m\u00ecnh trong \u0111\u00f3 v\u00e0 mang theo m\u1ecdi l\u00fac m\u1ecdi n\u01a1i.<\/div>\n<div dir=\"auto\">C\u00e1c y\u1ebfu t\u1ed1 3D l\u00e0 nh\u1eefng chi ti\u1ebft \u0111\u1eb7c bi\u1ec7t l\u00e0m cho chi\u1ebfc t\u00fai tr\u1edf n\u00ean b\u1eaft m\u1eaft d\u1ec5 th\u01b0\u01a1ng.<\/div>\n<div dir=\"auto\">Nh\u1edd c\u00f3 \u0111ai \u0111i\u1ec1u ch\u1ec9nh, t\u00fai c\u00f3 th\u1ec3 \u0111\u01b0\u1ee3c \u0111eo theo nhi\u1ec1u c\u00e1ch.<\/div>\n","protected":false},"excerpt":{"rendered":"<p>100% POLYESTER Thi\u1ebft k\u1ebf 3D v\u1edbi tai v\u00e0 s\u1eebng C\u00f3 th\u1ec3 mang theo nhi\u1ec1u c\u00e1ch nh\u1edd d\u00e2y \u0111eo c\u00f3 th\u1ec3 \u0111i\u1ec1u ch\u1ec9nh: nh\u01b0 m\u1ed9t t\u00fai th\u1eaft l\u01b0ng, t\u00fai \u0111eo vai ho\u1eb7c t\u00fai \u0111eo vai Chi\u1ec1u d\u00e0i kho\u1ea3ng 14 cm, chi\u1ec1u &hellip; <a href=\"https:\/\/sansanhouse.com\/index.php\/product\/tui-tre-em-kieu-dang-ky-lan\/\">Readmore<\/a><\/p>\n","protected":false},"featured_media":7296,"comment_status":"open","ping_status":"closed","template":"","meta":[],"product_cat":[169],"product_tag":[78],"_links":{"self":[{"href":"https:\/\/sansanhouse.com\/index.php\/wp-json\/wp\/v2\/product\/7293"}],"collection":[{"href":"https:\/\/sansanhouse.com\/index.php\/wp-json\/wp\/v2\/product"}],"about":[{"href":"https:\/\/sansanhouse.com\/index.php\/wp-json\/wp\/v2\/types\/product"}],"replies":[{"embeddable":true,"href":"https:\/\/sansanhouse.com\/index.php\/wp-json\/wp\/v2\/comments?post=7293"}],"wp:featuredmedia":[{"embeddable":true,"href":"https:\/\/sansanhouse.com\/index.php\/wp-json\/wp\/v2\/media\/7296"}],"wp:attachment":[{"href":"https:\/\/sansanhouse.com\/index.php\/wp-json\/wp\/v2\/media?parent=7293"}],"wp:term":[{"taxonomy":"product_cat","embeddable":true,"href":"https:\/\/sansanhouse.com\/index.php\/wp-json\/wp\/v2\/product_cat?post=7293"},{"taxonomy":"product_tag","embeddable":true,"href":"https:\/\/sansanhouse.com\/index.php\/wp-json\/wp\/v2\/product_tag?post=7293"}],"curies":[{"name":"wp","href":"https:\/\/api.w.org\/{rel}","templated":true}]}}