{"id":7300,"date":"2021-12-05T11:26:46","date_gmt":"2021-12-05T04:26:46","guid":{"rendered":"https:\/\/sansanhouse.com\/?post_type=product&#038;p=7300"},"modified":"2021-12-05T11:28:12","modified_gmt":"2021-12-05T04:28:12","slug":"bodysuit-pusblus","status":"publish","type":"product","link":"https:\/\/sansanhouse.com\/index.php\/product\/bodysuit-pusblus\/","title":{"rendered":"Bodysuit PUSBLUs"},"content":{"rendered":"<div class=\"o9v6fnle cxmmr5t8 oygrvhab hcukyx3x c1et5uql ii04i59q\">\n<div dir=\"auto\">100% CH\u1ea4T LI\u1ec6U COTTON t\u1eeb canh t\u00e1c h\u1eefu c\u01a1 c\u00f3 ki\u1ec3m so\u00e1t<\/div>\n<div dir=\"auto\">B\u1ed9 body ng\u1eafn tay m\u00e0u xanh c\u1ee7a PUSBLU c\u00f3 in nhi\u1ec1u m\u00e0u s\u1eafc<\/div>\n<div dir=\"auto\">In v\u1edbi c\u00e0 chua v\u00e0 c\u00e0 r\u1ed1t<\/div>\n<div dir=\"auto\">L\u00e0m b\u1eb1ng b\u00f4ng h\u1eefu c\u01a1 tinh khi\u1ebft cho c\u1ea3m gi\u00e1c d\u1ec5 ch\u1ecbu tr\u00ean da<\/div>\n<\/div>\n<div class=\"o9v6fnle cxmmr5t8 oygrvhab hcukyx3x c1et5uql ii04i59q\">\n<div dir=\"auto\">Ph\u1ea7n th\u00e2n m\u00e0u xanh l\u00e0m b\u1eb1ng b\u00f4ng h\u1eefu c\u01a1 m\u1ec1m m\u1ea1i n\u1eb1m tho\u1ea3i m\u00e1i tr\u00ean l\u00e0n da c\u1ee7a con b\u1ea1n. H\u1ecda ti\u1ebft d\u1ec5 th\u01b0\u01a1ng v\u1edbi rau c\u1ee7 \u0111\u00e2y l\u00e0 phi\u00ean b\u1ea3n m\u1eebng sinh nh\u1eadt Babylove n\u00ean PUSBLU cho ra m\u1eaft \u0111\u1ebfn c\u00e1c b\u1ed1 m\u1eb9 c\u0169ng nh\u01b0 c\u00e1c b\u00e9.<\/div>\n<div dir=\"auto\">Nh\u1edd hai \u0111inh b\u1ea5m \u1edf vai v\u00e0 \u0111inh b\u1ea5m \u1edf v\u00f9ng t\u00e3, c\u01a1 th\u1ec3 d\u1ec5 d\u00e0ng m\u1eb7c v\u00e0o v\u00e0 c\u1edfi ra. Nh\u1edd c\u00f3 \u1ed1ng tay ng\u1eafn, c\u01a1 th\u1ec3 cho ph\u00e9p nhi\u1ec1u kh\u00f4ng kh\u00ed v\u00e0o da v\u00e0 do \u0111\u00f3 r\u1ea5t l\u00fd t\u01b0\u1edfng cho nh\u1eefng ng\u00e0y \u1ea5m \u00e1p.<\/div>\n<\/div>\n<div dir=\"auto\"><img loading=\"lazy\" class=\" wp-image-7289 aligncenter\" src=\"https:\/\/sansanhouse.com\/wp-content\/uploads\/2021\/12\/256259984_971286240399396_6250211031343642222_n-300x206.png\" alt=\"\" width=\"685\" height=\"471\" srcset=\"https:\/\/sansanhouse.com\/wp-content\/uploads\/2021\/12\/256259984_971286240399396_6250211031343642222_n-300x206.png 300w, https:\/\/sansanhouse.com\/wp-content\/uploads\/2021\/12\/256259984_971286240399396_6250211031343642222_n.png 503w\" sizes=\"(max-width: 685px) 100vw, 685px\" \/><\/div>\n","protected":false},"excerpt":{"rendered":"<p>100% CH\u1ea4T LI\u1ec6U COTTON t\u1eeb canh t\u00e1c h\u1eefu c\u01a1 c\u00f3 ki\u1ec3m so\u00e1t B\u1ed9 body ng\u1eafn tay m\u00e0u xanh c\u1ee7a PUSBLU c\u00f3 in nhi\u1ec1u m\u00e0u s\u1eafc In v\u1edbi c\u00e0 chua v\u00e0 c\u00e0 r\u1ed1t L\u00e0m b\u1eb1ng b\u00f4ng h\u1eefu c\u01a1 tinh khi\u1ebft cho &hellip; <a href=\"https:\/\/sansanhouse.com\/index.php\/product\/bodysuit-pusblus\/\">Readmore<\/a><\/p>\n","protected":false},"featured_media":7301,"comment_status":"open","ping_status":"closed","template":"","meta":[],"product_cat":[169],"product_tag":[78],"_links":{"self":[{"href":"https:\/\/sansanhouse.com\/index.php\/wp-json\/wp\/v2\/product\/7300"}],"collection":[{"href":"https:\/\/sansanhouse.com\/index.php\/wp-json\/wp\/v2\/product"}],"about":[{"href":"https:\/\/sansanhouse.com\/index.php\/wp-json\/wp\/v2\/types\/product"}],"replies":[{"embeddable":true,"href":"https:\/\/sansanhouse.com\/index.php\/wp-json\/wp\/v2\/comments?post=7300"}],"wp:featuredmedia":[{"embeddable":true,"href":"https:\/\/sansanhouse.com\/index.php\/wp-json\/wp\/v2\/media\/7301"}],"wp:attachment":[{"href":"https:\/\/sansanhouse.com\/index.php\/wp-json\/wp\/v2\/media?parent=7300"}],"wp:term":[{"taxonomy":"product_cat","embeddable":true,"href":"https:\/\/sansanhouse.com\/index.php\/wp-json\/wp\/v2\/product_cat?post=7300"},{"taxonomy":"product_tag","embeddable":true,"href":"https:\/\/sansanhouse.com\/index.php\/wp-json\/wp\/v2\/product_tag?post=7300"}],"curies":[{"name":"wp","href":"https:\/\/api.w.org\/{rel}","templated":true}]}}