{"id":7304,"date":"2021-12-05T11:31:21","date_gmt":"2021-12-05T04:31:21","guid":{"rendered":"https:\/\/sansanhouse.com\/?post_type=product&#038;p=7304"},"modified":"2021-12-05T11:31:21","modified_gmt":"2021-12-05T04:31:21","slug":"nhiet-ke-phong-tam","status":"publish","type":"product","link":"https:\/\/sansanhouse.com\/index.php\/product\/nhiet-ke-phong-tam\/","title":{"rendered":"Nhi\u1ec7t k\u1ebf ph\u00f2ng t\u1eafm"},"content":{"rendered":"<div dir=\"auto\">\u0110o nhi\u1ec7t \u0111\u1ed9 n\u01b0\u1edbc t\u1eafm m\u1ed9t c\u00e1ch \u0111\u00e1ng tin c\u1eady<\/div>\n<div dir=\"auto\">D\u1ea3i \u0111o 0 \u00b0 C \u0111\u1ebfn 50 \u00b0 C<\/div>\n<div dir=\"auto\">Thang \u0111o r\u00f5 r\u00e0ng v\u1edbi \u0111\u00e1nh d\u1ea5u cho nhi\u1ec7t \u0111\u1ed9 t\u1eafm t\u1ed1i \u01b0u<\/div>\n<div dir=\"auto\">Nhi\u1ec7t k\u1ebf n\u01b0\u1edbc t\u1eafm babylove \u0111o nhi\u1ec7t \u0111\u1ed9 n\u01b0\u1edbc t\u1eafm m\u1ed9t c\u00e1ch \u0111\u00e1ng tin c\u1eady.<\/div>\n<div dir=\"auto\">Khi t\u1eafm cho con vi\u1ec7c ki\u1ec3m tra \u0111\u00f3ng m\u1ed9t vai tr\u00f2 thi\u1ebft y\u1ebfu \u0111\u1ec3 \u0111\u1ea3m b\u1ea3o ni\u1ec1m vui khi t\u1eafm an to\u00e0n. N\u1ebfu n\u01b0\u1edbc qu\u00e1 l\u1ea1nh, nh\u1eefng con nh\u1ecf s\u1ebd nhanh ch\u00f3ng b\u1ecb \u0111\u00f4ng c\u1ee9ng. N\u01b0\u1edbc qu\u00e1 n\u00f3ng c\u00f3 th\u1ec3 khi\u1ebfn c\u01a1 th\u1ec3 qu\u00e1 n\u00f3ng ho\u1eb7c l\u00e0m b\u1ecfng da tr\u1ebb s\u01a1 sinh nh\u1ea1y c\u1ea3m.K\u00edch \u1ee9ng da c\u00f3 th\u1ec3 x\u1ea3y ra \u1edf nhi\u1ec7t \u0111\u1ed9 n\u01b0\u1edbc kho\u1ea3ng 41 \u00b0 C. V\u00ec v\u1eady, nhi\u1ec7t \u0111\u1ed9 n\u01b0\u1edbc t\u1eafm c\u1ea7n \u0111\u01b0\u1ee3c ki\u1ec3m tra th\u01b0\u1eddng xuy\u00ean tr\u01b0\u1edbc v\u00e0 trong khi t\u1eafm.<\/div>\n","protected":false},"excerpt":{"rendered":"<p>\u0110o nhi\u1ec7t \u0111\u1ed9 n\u01b0\u1edbc t\u1eafm m\u1ed9t c\u00e1ch \u0111\u00e1ng tin c\u1eady D\u1ea3i \u0111o 0 \u00b0 C \u0111\u1ebfn 50 \u00b0 C Thang \u0111o r\u00f5 r\u00e0ng v\u1edbi \u0111\u00e1nh d\u1ea5u cho nhi\u1ec7t \u0111\u1ed9 t\u1eafm t\u1ed1i \u01b0u Nhi\u1ec7t k\u1ebf n\u01b0\u1edbc t\u1eafm babylove \u0111o nhi\u1ec7t \u0111\u1ed9 &hellip; <a href=\"https:\/\/sansanhouse.com\/index.php\/product\/nhiet-ke-phong-tam\/\">Readmore<\/a><\/p>\n","protected":false},"featured_media":7305,"comment_status":"open","ping_status":"closed","template":"","meta":[],"product_cat":[168],"product_tag":[80],"_links":{"self":[{"href":"https:\/\/sansanhouse.com\/index.php\/wp-json\/wp\/v2\/product\/7304"}],"collection":[{"href":"https:\/\/sansanhouse.com\/index.php\/wp-json\/wp\/v2\/product"}],"about":[{"href":"https:\/\/sansanhouse.com\/index.php\/wp-json\/wp\/v2\/types\/product"}],"replies":[{"embeddable":true,"href":"https:\/\/sansanhouse.com\/index.php\/wp-json\/wp\/v2\/comments?post=7304"}],"wp:featuredmedia":[{"embeddable":true,"href":"https:\/\/sansanhouse.com\/index.php\/wp-json\/wp\/v2\/media\/7305"}],"wp:attachment":[{"href":"https:\/\/sansanhouse.com\/index.php\/wp-json\/wp\/v2\/media?parent=7304"}],"wp:term":[{"taxonomy":"product_cat","embeddable":true,"href":"https:\/\/sansanhouse.com\/index.php\/wp-json\/wp\/v2\/product_cat?post=7304"},{"taxonomy":"product_tag","embeddable":true,"href":"https:\/\/sansanhouse.com\/index.php\/wp-json\/wp\/v2\/product_tag?post=7304"}],"curies":[{"name":"wp","href":"https:\/\/api.w.org\/{rel}","templated":true}]}}