{"id":7312,"date":"2021-12-05T11:47:57","date_gmt":"2021-12-05T04:47:57","guid":{"rendered":"https:\/\/sansanhouse.com\/?post_type=product&#038;p=7312"},"modified":"2025-07-13T18:01:28","modified_gmt":"2025-07-13T11:01:28","slug":"yem-nhua","status":"publish","type":"product","link":"https:\/\/sansanhouse.com\/index.php\/product\/yem-nhua\/","title":{"rendered":"Y\u1ebfm nh\u1ef1a"},"content":{"rendered":"<div dir=\"auto\">M\u1eb7t tr\u01b0\u1edbc: 100% cotton &amp; m\u1eb7t sau: 80% cotton \/ 20% polyester<\/div>\n<div dir=\"auto\">D\u1ec5 v\u1ec7 sinh v\u00e0 b\u1ec1n<\/div>\n<div dir=\"auto\">\u0110\u01b0\u1eddng vi\u1ec1n c\u1ed5 \u00e1o c\u00f3 th\u1ec3 \u0111\u01b0\u1ee3c \u0111i\u1ec1u ch\u1ec9nh ri\u00eang b\u1eb1ng Velcro<\/div>\n<div dir=\"auto\">L\u1edbp trung gian ch\u1ed1ng th\u1ea5m n\u01b0\u1edbc<\/div>\n<div dir=\"auto\"><\/div>\n<div dir=\"auto\">T\u01b0\u01a1ng \u1ee9ng v\u1edbi TI\u00caU CHU\u1ea8N 100 c\u1ee7a OEKO-TEX\u00ae &#8211; www.oeko-tex.com\/standard100<\/div>\n<div dir=\"auto\">B\u1ed9 2 chi\u1ebfc y\u1ebfm babylove n\u00e0y \u0111\u01b0\u1ee3c l\u00e0m t\u1eeb ch\u1ea5t li\u1ec7u cotton m\u1ec1m m\u1ea1i v\u1edbi h\u1ecda ti\u1ebft, c\u00f3 l\u1edbp trung gian ch\u1ed1ng th\u1ea5m n\u01b0\u1edbc, do \u0111\u00f3 c\u00f3 kh\u1ea3 n\u0103ng ch\u1ed1ng th\u1ea5m n\u01b0\u1edbc \u0111\u1eb7c bi\u1ec7t v\u00e0 d\u1ec5 ch\u0103m s\u00f3c. N\u00f3 \u0111\u01b0\u1ee3c l\u00e0m t\u1eeb c\u00e1c v\u1eadt li\u1ec7u \u0111\u00e3 \u0111\u01b0\u1ee3c ki\u1ec3m tra c\u1ea9n th\u1eadn v\u00e0 tu\u00e2n theo TI\u00caU CHU\u1ea8N 100 c\u1ee7a OEKO-TEX.<\/div>\n<div dir=\"auto\">C\u00e1c s\u1ea3n ph\u1ea9m babylove \u0111\u01b0\u1ee3c ki\u1ec3m tra th\u01b0\u1eddng xuy\u00ean b\u1edfi c\u00e1c vi\u1ec7n ki\u1ec3m nghi\u1ec7m \u0111\u1ed9c l\u1eadp \u0111\u01b0\u1ee3c c\u00f4ng nh\u1eadn.<\/div>\n","protected":false},"excerpt":{"rendered":"<p>M\u1eb7t tr\u01b0\u1edbc: 100% cotton &amp; m\u1eb7t sau: 80% cotton \/ 20% polyester D\u1ec5 v\u1ec7 sinh v\u00e0 b\u1ec1n \u0110\u01b0\u1eddng vi\u1ec1n c\u1ed5 \u00e1o c\u00f3 th\u1ec3 \u0111\u01b0\u1ee3c \u0111i\u1ec1u ch\u1ec9nh ri\u00eang b\u1eb1ng Velcro L\u1edbp trung gian ch\u1ed1ng th\u1ea5m n\u01b0\u1edbc T\u01b0\u01a1ng \u1ee9ng v\u1edbi TI\u00caU CHU\u1ea8N &hellip; <a href=\"https:\/\/sansanhouse.com\/index.php\/product\/yem-nhua\/\">Readmore<\/a><\/p>\n","protected":false},"featured_media":7316,"comment_status":"open","ping_status":"closed","template":"","meta":[],"product_cat":[168],"product_tag":[80],"_links":{"self":[{"href":"https:\/\/sansanhouse.com\/index.php\/wp-json\/wp\/v2\/product\/7312"}],"collection":[{"href":"https:\/\/sansanhouse.com\/index.php\/wp-json\/wp\/v2\/product"}],"about":[{"href":"https:\/\/sansanhouse.com\/index.php\/wp-json\/wp\/v2\/types\/product"}],"replies":[{"embeddable":true,"href":"https:\/\/sansanhouse.com\/index.php\/wp-json\/wp\/v2\/comments?post=7312"}],"wp:featuredmedia":[{"embeddable":true,"href":"https:\/\/sansanhouse.com\/index.php\/wp-json\/wp\/v2\/media\/7316"}],"wp:attachment":[{"href":"https:\/\/sansanhouse.com\/index.php\/wp-json\/wp\/v2\/media?parent=7312"}],"wp:term":[{"taxonomy":"product_cat","embeddable":true,"href":"https:\/\/sansanhouse.com\/index.php\/wp-json\/wp\/v2\/product_cat?post=7312"},{"taxonomy":"product_tag","embeddable":true,"href":"https:\/\/sansanhouse.com\/index.php\/wp-json\/wp\/v2\/product_tag?post=7312"}],"curies":[{"name":"wp","href":"https:\/\/api.w.org\/{rel}","templated":true}]}}