{"id":7317,"date":"2021-12-05T11:52:03","date_gmt":"2021-12-05T04:52:03","guid":{"rendered":"https:\/\/sansanhouse.com\/?post_type=product&#038;p=7317"},"modified":"2021-12-05T11:52:03","modified_gmt":"2021-12-05T04:52:03","slug":"do-choi","status":"publish","type":"product","link":"https:\/\/sansanhouse.com\/index.php\/product\/do-choi\/","title":{"rendered":"\u0110\u1ed3 ch\u01a1i"},"content":{"rendered":"<div dir=\"auto\">V\u1edbi ch\u1ee9c n\u0103ng phun t\u1eeb mi\u1ec7ng c\u1ee7a c\u00e1c b\u1ea1n th\u00fa.<\/div>\n<div dir=\"auto\">Th\u00edch h\u1ee3p cho b\u1ed3n t\u1eafm<\/div>\n<div dir=\"auto\">C\u00e1c \u0111\u1ed9ng v\u1eadt t\u1eafm babylove b\u01a1i tr\u00ean m\u1eb7t n\u01b0\u1edbc v\u00e0 do \u0111\u00f3 l\u00e0 b\u1ea1n \u0111\u1ed3ng h\u00e0nh l\u00fd t\u01b0\u1edfng cho b\u1ed3n t\u1eafm. Nh\u1eefng h\u00ecnh v\u1ebd vui nh\u1ed9n v\u00e0 \u0111\u1ea7y m\u00e0u s\u1eafc v\u1edbi ch\u1ee9c n\u0103ng phun l\u00e0m cho vi\u1ec7c t\u1eafm r\u1eeda tr\u1edf n\u00ean th\u00fa v\u1ecb h\u01a1n.<\/div>\n<div dir=\"auto\">\u0110\u01b0\u1ee3c l\u00e0m t\u1eeb c\u00e1c v\u1eadt li\u1ec7u \u0111\u00e3 qua ki\u1ec3m tra k\u1ef9 l\u01b0\u1ee1ng.<\/div>\n<div dir=\"auto\">Ph\u00f9 h\u1ee3p v\u1edbi ti\u00eau chu\u1ea9n an to\u00e0n EN 71.<\/div>\n","protected":false},"excerpt":{"rendered":"<p>V\u1edbi ch\u1ee9c n\u0103ng phun t\u1eeb mi\u1ec7ng c\u1ee7a c\u00e1c b\u1ea1n th\u00fa. Th\u00edch h\u1ee3p cho b\u1ed3n t\u1eafm C\u00e1c \u0111\u1ed9ng v\u1eadt t\u1eafm babylove b\u01a1i tr\u00ean m\u1eb7t n\u01b0\u1edbc v\u00e0 do \u0111\u00f3 l\u00e0 b\u1ea1n \u0111\u1ed3ng h\u00e0nh l\u00fd t\u01b0\u1edfng cho b\u1ed3n t\u1eafm. Nh\u1eefng h\u00ecnh v\u1ebd vui &hellip; <a href=\"https:\/\/sansanhouse.com\/index.php\/product\/do-choi\/\">Readmore<\/a><\/p>\n","protected":false},"featured_media":7319,"comment_status":"open","ping_status":"closed","template":"","meta":[],"product_cat":[170],"product_tag":[84],"_links":{"self":[{"href":"https:\/\/sansanhouse.com\/index.php\/wp-json\/wp\/v2\/product\/7317"}],"collection":[{"href":"https:\/\/sansanhouse.com\/index.php\/wp-json\/wp\/v2\/product"}],"about":[{"href":"https:\/\/sansanhouse.com\/index.php\/wp-json\/wp\/v2\/types\/product"}],"replies":[{"embeddable":true,"href":"https:\/\/sansanhouse.com\/index.php\/wp-json\/wp\/v2\/comments?post=7317"}],"wp:featuredmedia":[{"embeddable":true,"href":"https:\/\/sansanhouse.com\/index.php\/wp-json\/wp\/v2\/media\/7319"}],"wp:attachment":[{"href":"https:\/\/sansanhouse.com\/index.php\/wp-json\/wp\/v2\/media?parent=7317"}],"wp:term":[{"taxonomy":"product_cat","embeddable":true,"href":"https:\/\/sansanhouse.com\/index.php\/wp-json\/wp\/v2\/product_cat?post=7317"},{"taxonomy":"product_tag","embeddable":true,"href":"https:\/\/sansanhouse.com\/index.php\/wp-json\/wp\/v2\/product_tag?post=7317"}],"curies":[{"name":"wp","href":"https:\/\/api.w.org\/{rel}","templated":true}]}}