{"id":7320,"date":"2021-12-05T11:56:56","date_gmt":"2021-12-05T04:56:56","guid":{"rendered":"https:\/\/sansanhouse.com\/?post_type=product&#038;p=7320"},"modified":"2023-04-21T11:27:53","modified_gmt":"2023-04-21T04:27:53","slug":"vong-kich-thich-giac-quan-cho-be","status":"publish","type":"product","link":"https:\/\/sansanhouse.com\/index.php\/product\/vong-kich-thich-giac-quan-cho-be\/","title":{"rendered":"V\u00f2ng k\u00edch th\u00edch gi\u00e1c quan cho b\u00e9"},"content":{"rendered":"<div class=\"o9v6fnle cxmmr5t8 oygrvhab hcukyx3x c1et5uql ii04i59q\">\n<div dir=\"auto\">Th\u00fac \u0111\u1ea9y s\u1ef1 x\u1eed l\u00fd v\u00e0 k\u00edch th\u00edch th\u1ecb gi\u00e1c, \u00e2m thanh v\u00e0 x\u00fac gi\u00e1c<\/div>\n<div dir=\"auto\">Ph\u00e1t tri\u1ec3n nh\u1eadn th\u1ee9c m\u00e0u s\u1eafc<\/div>\n<div dir=\"auto\">PVC free<\/div>\n<div dir=\"auto\"><\/div>\n<div dir=\"auto\">M\u00e0u s\u1eafc: h\u1ed3ng, xanh<\/div>\n<\/div>\n<div class=\"o9v6fnle cxmmr5t8 oygrvhab hcukyx3x c1et5uql ii04i59q\">\n<div dir=\"auto\">Chu\u00f4ng l\u1eafc babylove th\u00fac \u0111\u1ea9y nh\u1eadn th\u1ee9c v\u00e0 ph\u00e1t tri\u1ec3n v\u1eadn \u0111\u1ed9ng \u1edf tr\u1ebb s\u01a1 sinh.<\/div>\n<div dir=\"auto\">N\u00f3 \u0111\u01b0\u1ee3c l\u00e0m t\u1eeb nh\u1ef1a ch\u1ea5t l\u01b0\u1ee3ng cao, \u0111\u00e3 \u0111\u01b0\u1ee3c ki\u1ec3m tra c\u1ea9n th\u1eadn, \u1ed5n \u0111\u1ecbnh v\u00e0 kh\u00f4ng ch\u1ee9a PVC. Do \u0111\u00f3, ti\u1ebfng k\u00eau l\u1ee5c c\u1ee5c t\u01b0\u01a1ng \u1ee9ng v\u1edbi ti\u00eau chu\u1ea9n an to\u00e0n EN 71.<\/div>\n<div dir=\"auto\">Vi\u1ec7c c\u1ed1 \u0111\u1ecbnh v\u1eadt th\u1ec3 s\u1ebd th\u00fac \u0111\u1ea9y qu\u00e1 tr\u00ecnh h\u1ea5p th\u1ee5 v\u00e0 x\u1eed l\u00fd c\u00e1c k\u00edch th\u00edch th\u1ecb gi\u00e1c. Ngo\u00e0i ra, c\u1ea3m nh\u1eadn \u00e2m thanh v\u00e0 ph\u1ea3n x\u1ea1 c\u1ea7m n\u1eafm c\u0169ng \u0111\u01b0\u1ee3c k\u00edch th\u00edch. L\u00fd t\u01b0\u1edfng \u0111\u1ec3 r\u00e8n luy\u1ec7n k\u1ef9 n\u0103ng v\u1eadn \u0111\u1ed9ng v\u00e0 ph\u1ed1i h\u1ee3p tay m\u1eaft.<\/div>\n<\/div>\n<div class=\"o9v6fnle cxmmr5t8 oygrvhab hcukyx3x c1et5uql ii04i59q\">\n<div dir=\"auto\">Lau s\u1ea1ch \u0111\u1ed3 ch\u01a1i b\u1eb1ng kh\u0103n \u1ea9m, sau \u0111\u00f3 lau kh\u00f4 ho\u00e0n to\u00e0n.<\/div>\n<div dir=\"auto\">Kh\u00f4ng s\u1eed d\u1ee5ng ch\u1ea5t t\u1ea9y r\u1eeda ho\u1eb7c ch\u1ea5t kh\u1eed tr\u00f9ng m\u1ea1nh. Kh\u00f4ng l\u00e0m s\u1ea1ch d\u01b0\u1edbi v\u00f2i n\u01b0\u1edbc \u0111ang ch\u1ea3y. Kh\u00f4ng l\u00e0m s\u1ea1ch trong m\u00e1y r\u1eeda ch\u00e9n. Kh\u00f4ng h\u1ea5p ti\u1ec7t tr\u00f9ng ho\u1eb7c \u0111un s\u00f4i.<\/div>\n<div dir=\"auto\">Kh\u00f4ng ti\u1ec7t tr\u00f9ng trong l\u00f2 vi s\u00f3ng. B\u1ea3o qu\u1ea3n s\u1ea1ch b\u1ee5i, kh\u00f4 r\u00e1o v\u00e0 h\u1ee3p v\u1ec7 sinh.<\/div>\n<div dir=\"auto\"><\/div>\n<\/div>\n<div class=\"o9v6fnle cxmmr5t8 oygrvhab hcukyx3x c1et5uql ii04i59q\">\n<div dir=\"auto\">TH\u1eacN TR\u1eccNG! &#8211; V\u00cc S\u1ef0 AN TO\u00c0N V\u00c0 S\u1ee8C KH\u1eceE C\u1ee6A CON B\u1ea0N . Kh\u00f4ng bao gi\u1edd \u0111\u1ec3 con b\u1ea1n ch\u01a1i v\u1edbi \u0111\u1ed3 v\u1eadt n\u00e0y m\u00e0 kh\u00f4ng c\u00f3 ng\u01b0\u1eddi gi\u00e1m s\u00e1t. Kh\u00f4ng th\u00edch h\u1ee3p \u0111\u1ec3 ch\u01a1i d\u01b0\u1edbi n\u01b0\u1edbc. Ki\u1ec3m tra s\u1ea3n ph\u1ea9m n\u00e0y tr\u01b0\u1edbc m\u1ed7i l\u1ea7n s\u1eed d\u1ee5ng.<\/div>\n<\/div>\n","protected":false},"excerpt":{"rendered":"<p>Th\u00fac \u0111\u1ea9y s\u1ef1 x\u1eed l\u00fd v\u00e0 k\u00edch th\u00edch th\u1ecb gi\u00e1c, \u00e2m thanh v\u00e0 x\u00fac gi\u00e1c Ph\u00e1t tri\u1ec3n nh\u1eadn th\u1ee9c m\u00e0u s\u1eafc PVC free M\u00e0u s\u1eafc: h\u1ed3ng, xanh Chu\u00f4ng l\u1eafc babylove th\u00fac \u0111\u1ea9y nh\u1eadn th\u1ee9c v\u00e0 ph\u00e1t tri\u1ec3n v\u1eadn \u0111\u1ed9ng \u1edf &hellip; <a href=\"https:\/\/sansanhouse.com\/index.php\/product\/vong-kich-thich-giac-quan-cho-be\/\">Readmore<\/a><\/p>\n","protected":false},"featured_media":7322,"comment_status":"open","ping_status":"closed","template":"","meta":[],"product_cat":[168],"product_tag":[80],"_links":{"self":[{"href":"https:\/\/sansanhouse.com\/index.php\/wp-json\/wp\/v2\/product\/7320"}],"collection":[{"href":"https:\/\/sansanhouse.com\/index.php\/wp-json\/wp\/v2\/product"}],"about":[{"href":"https:\/\/sansanhouse.com\/index.php\/wp-json\/wp\/v2\/types\/product"}],"replies":[{"embeddable":true,"href":"https:\/\/sansanhouse.com\/index.php\/wp-json\/wp\/v2\/comments?post=7320"}],"wp:featuredmedia":[{"embeddable":true,"href":"https:\/\/sansanhouse.com\/index.php\/wp-json\/wp\/v2\/media\/7322"}],"wp:attachment":[{"href":"https:\/\/sansanhouse.com\/index.php\/wp-json\/wp\/v2\/media?parent=7320"}],"wp:term":[{"taxonomy":"product_cat","embeddable":true,"href":"https:\/\/sansanhouse.com\/index.php\/wp-json\/wp\/v2\/product_cat?post=7320"},{"taxonomy":"product_tag","embeddable":true,"href":"https:\/\/sansanhouse.com\/index.php\/wp-json\/wp\/v2\/product_tag?post=7320"}],"curies":[{"name":"wp","href":"https:\/\/api.w.org\/{rel}","templated":true}]}}