{"id":7325,"date":"2021-12-05T12:04:16","date_gmt":"2021-12-05T05:04:16","guid":{"rendered":"https:\/\/sansanhouse.com\/?post_type=product&#038;p=7325"},"modified":"2023-04-21T11:18:36","modified_gmt":"2023-04-21T04:18:36","slug":"hop-dung-theo-phan-beaba-beaba-babycook","status":"publish","type":"product","link":"https:\/\/sansanhouse.com\/index.php\/product\/hop-dung-theo-phan-beaba-beaba-babycook\/","title":{"rendered":"H\u1ed9p \u0111\u1ef1ng Beaba B\u00c9ABA\u00ae Babycook\u00ae"},"content":{"rendered":"<div class=\"o9v6fnle cxmmr5t8 oygrvhab hcukyx3x c1et5uql ii04i59q\">\n<div dir=\"auto\">L\u00e0m b\u1eb1ng th\u1ee7y tinh<\/div>\n<div dir=\"auto\">Khuy\u1ebfn ngh\u1ecb \u0111\u1ed9 tu\u1ed5i: t\u1eeb 4 th\u00e1ng<\/div>\n<div dir=\"auto\">B\u1ed9 h\u1ed9p \u0111\u1ef1ng ph\u1ea7n Beaba l\u00e0m b\u1eb1ng th\u1ee7y tinh ch\u1ea5t l\u01b0\u1ee3ng cao nh\u1ea5t<\/div>\n<div dir=\"auto\">H\u1ed9p ch\u1ee9a ph\u1ea7n c\u00f3 v\u1ea1ch d\u1ea5u chi\u1ebft r\u00f3t c\u00f3 th\u1ec3 nh\u00ecn th\u1ea5y \u0111\u01b0\u1ee3c t\u00ednh b\u1eb1ng ml v\u00e0 oz.<\/div>\n<div dir=\"auto\"><\/div>\n<div dir=\"auto\">K\u00ednh c\u1ef1c k\u1ef3 ch\u1eafc ch\u1eafn.<\/div>\n<div dir=\"auto\">Kh\u00f4ng c\u00f3 d\u1ea5u hi\u1ec7u hao m\u00f2n nh\u01b0 \u0111\u1ed5i m\u00e0u, bi\u1ebfn d\u1ea1ng ho\u1eb7c t\u01b0\u01a1ng t\u1ef1. V\u1eadt ch\u1ee9a ph\u1ea7n c\u00f3 th\u1ec3 ch\u1ecbu \u0111\u01b0\u1ee3c nhi\u1ec7t \u0111\u1ed9 kh\u1eafc nghi\u1ec7t ngay c\u1ea3, v\u00ed d\u1ee5 nh\u01b0 gia nhi\u1ec7t, \u0111\u00f3ng b\u0103ng v\u00e0 kh\u1eed tr\u00f9ng.<\/div>\n<div dir=\"auto\">N\u1eafp m\u1ec1m, c\u00f3 th\u1ec3 \u0111\u00f3ng b\u1eb1ng k\u1eb9p, gi\u1eef m\u00f9i h\u01b0\u01a1ng t\u1ed1t.<\/div>\n<div dir=\"auto\"><\/div>\n<\/div>\n<div class=\"o9v6fnle cxmmr5t8 oygrvhab hcukyx3x c1et5uql ii04i59q\">\n<div dir=\"auto\">H\u00e0ng c\u1ee7a Ph\u00e1p<\/div>\n<\/div>\n<div class=\"o9v6fnle cxmmr5t8 oygrvhab hcukyx3x c1et5uql ii04i59q\">\n<div dir=\"auto\">B\u1ed9 3 h\u1ed9p \u0111\u1ef1ng ph\u1ea7n th\u1ee7y tinh<\/div>\n<div dir=\"auto\">L\u01b0\u1ee3ng chi\u1ebft r\u00f3t: 150 ml m\u00e0u v\u00e0ng, 250 ml m\u00e0u xanh lam nh\u1ea1t,400 ml m\u00e0u xanh lam \u0111\u1eadm<\/div>\n<div dir=\"auto\">N\u1eafp m\u1ec1m, c\u00f3 th\u1ec3 \u0111\u00f3ng b\u1eb1ng k\u1eb9p<\/div>\n<div dir=\"auto\">M\u00e1y r\u1eeda ch\u00e9n an to\u00e0n<\/div>\n<div dir=\"auto\">N\u1eafp: nh\u1ef1a<\/div>\n<div dir=\"auto\">Th\u00f9ng ch\u1ee9a: th\u1ee7y tinh<\/div>\n<div dir=\"auto\"><\/div>\n<div dir=\"auto\">K\u00edch th\u01b0\u1edbc<\/div>\n<div dir=\"auto\">150 ml: R\u1ed9ng 10,8 x Cao 8,5 x L 6,7 cm<\/div>\n<div dir=\"auto\">250 ml: R\u1ed9ng 10,8 x Cao 8,5 x L 9,5 cm<\/div>\n<div dir=\"auto\">400 ml: R\u1ed9ng 10,8 x Cao 8,5 x L 14 cm<\/div>\n<\/div>\n","protected":false},"excerpt":{"rendered":"<p>L\u00e0m b\u1eb1ng th\u1ee7y tinh Khuy\u1ebfn ngh\u1ecb \u0111\u1ed9 tu\u1ed5i: t\u1eeb 4 th\u00e1ng B\u1ed9 h\u1ed9p \u0111\u1ef1ng ph\u1ea7n Beaba l\u00e0m b\u1eb1ng th\u1ee7y tinh ch\u1ea5t l\u01b0\u1ee3ng cao nh\u1ea5t H\u1ed9p ch\u1ee9a ph\u1ea7n c\u00f3 v\u1ea1ch d\u1ea5u chi\u1ebft r\u00f3t c\u00f3 th\u1ec3 nh\u00ecn th\u1ea5y \u0111\u01b0\u1ee3c t\u00ednh b\u1eb1ng ml &hellip; <a href=\"https:\/\/sansanhouse.com\/index.php\/product\/hop-dung-theo-phan-beaba-beaba-babycook\/\">Readmore<\/a><\/p>\n","protected":false},"featured_media":7326,"comment_status":"open","ping_status":"closed","template":"","meta":[],"product_cat":[167],"product_tag":[80],"_links":{"self":[{"href":"https:\/\/sansanhouse.com\/index.php\/wp-json\/wp\/v2\/product\/7325"}],"collection":[{"href":"https:\/\/sansanhouse.com\/index.php\/wp-json\/wp\/v2\/product"}],"about":[{"href":"https:\/\/sansanhouse.com\/index.php\/wp-json\/wp\/v2\/types\/product"}],"replies":[{"embeddable":true,"href":"https:\/\/sansanhouse.com\/index.php\/wp-json\/wp\/v2\/comments?post=7325"}],"wp:featuredmedia":[{"embeddable":true,"href":"https:\/\/sansanhouse.com\/index.php\/wp-json\/wp\/v2\/media\/7326"}],"wp:attachment":[{"href":"https:\/\/sansanhouse.com\/index.php\/wp-json\/wp\/v2\/media?parent=7325"}],"wp:term":[{"taxonomy":"product_cat","embeddable":true,"href":"https:\/\/sansanhouse.com\/index.php\/wp-json\/wp\/v2\/product_cat?post=7325"},{"taxonomy":"product_tag","embeddable":true,"href":"https:\/\/sansanhouse.com\/index.php\/wp-json\/wp\/v2\/product_tag?post=7325"}],"curies":[{"name":"wp","href":"https:\/\/api.w.org\/{rel}","templated":true}]}}