{"id":7329,"date":"2021-12-05T12:07:31","date_gmt":"2021-12-05T05:07:31","guid":{"rendered":"https:\/\/sansanhouse.com\/?post_type=product&#038;p=7329"},"modified":"2023-06-03T23:57:54","modified_gmt":"2023-06-03T16:57:54","slug":"dung-cu-hut-mui-babylove","status":"publish","type":"product","link":"https:\/\/sansanhouse.com\/index.php\/product\/dung-cu-hut-mui-babylove\/","title":{"rendered":"D\u1ee5ng c\u1ee5 h\u00fat m\u0169i babylove"},"content":{"rendered":"<div class=\"o9v6fnle cxmmr5t8 oygrvhab hcukyx3x c1et5uql ii04i59q\">\n<div dir=\"auto\">L\u00e0m s\u1ea1ch m\u0169i cho tr\u1ebb nh\u1eb9 nh\u00e0ng, an to\u00e0n, h\u1ee3p v\u1ec7 sinh v\u00e0 hi\u1ec7u qu\u1ea3<\/div>\n<div dir=\"auto\">Gi\u00fap lo\u1ea1i b\u1ecf c\u00e1c ch\u1ea5t ti\u1ebft kh\u00f4ng mong mu\u1ed1n \u1edf m\u0169i<\/div>\n<div dir=\"auto\">Gi\u00fap tr\u1ebb d\u1ec5 ng\u1ee7, d\u1ec5 \u0103n v\u00e0 d\u1ec5 th\u1edf khi b\u1ecb c\u1ea3m<\/div>\n<div dir=\"auto\">\u0110\u1ea7u silicone c\u1ef1c m\u1ec1m \u0111\u1ec3 s\u1eed d\u1ee5ng an to\u00e0n<\/div>\n<\/div>\n<div class=\"o9v6fnle cxmmr5t8 oygrvhab hcukyx3x c1et5uql ii04i59q\">\n<div dir=\"auto\">M\u00e1y h\u00fat m\u0169i babylove n\u00e0y \u0111\u01b0\u1ee3c ph\u00e1t tri\u1ec3n \u0111\u1eb7c bi\u1ec7t cho tr\u1ebb s\u01a1 sinh v\u00e0 tr\u1ebb m\u1edbi bi\u1ebft \u0111i.<\/div>\n<div dir=\"auto\">Tr\u1ebb v\u1eabn ch\u01b0a th\u1ec3 t\u1ef1 x\u00ec m\u0169i qua m\u0169i. Tr\u1ebb ch\u1ec9 h\u1ecdc c\u00e1ch x\u00ec m\u0169i sau \u0111\u00f3. Khi b\u1ecb s\u1ed5 m\u0169i v\u00e0 c\u00e1c b\u1ec7nh c\u1ea3m c\u00fam kh\u00e1c, m\u0169i nh\u1ecf do \u0111\u00f3 b\u1ecb t\u1eafc ngh\u1ebdn v\u00e0 khi\u1ebfn tr\u1ebb kh\u00f4ng th\u1edf \u0111\u01b0\u1ee3c.<\/div>\n<div dir=\"auto\">V\u1edbi m\u00e1y x\u00f4ng m\u0169i h\u1ecdng babylove, b\u1ed1 m\u1eb9 ch\u1ec9 c\u1ea7n lo\u1ea1i b\u1ecf d\u1ecbch ti\u1ebft b\u1eb1ng c\u00e1ch s\u1eed d\u1ee5ng \u00e1p su\u1ea5t \u00e2m. \u0110\u1ea7u n\u00fam m\u1ec1m nh\u1eb9 nh\u00e0ng \u0111\u1eb7t v\u00e0o l\u1ed7 m\u0169i b\u00ean ngo\u00e0i.<\/div>\n<div dir=\"auto\">M\u1ed9t b\u1ed9 l\u1ecdc v\u1ec7 sinh c\u00f3 th\u1ec3 thay th\u1ebf ng\u0103n ch\u1ea5t nh\u1ea7y x\u00e2m nh\u1eadp v\u00e0o \u1ed1ng.<\/div>\n<\/div>\n","protected":false},"excerpt":{"rendered":"<p>L\u00e0m s\u1ea1ch m\u0169i cho tr\u1ebb nh\u1eb9 nh\u00e0ng, an to\u00e0n, h\u1ee3p v\u1ec7 sinh v\u00e0 hi\u1ec7u qu\u1ea3 Gi\u00fap lo\u1ea1i b\u1ecf c\u00e1c ch\u1ea5t ti\u1ebft kh\u00f4ng mong mu\u1ed1n \u1edf m\u0169i Gi\u00fap tr\u1ebb d\u1ec5 ng\u1ee7, d\u1ec5 \u0103n v\u00e0 d\u1ec5 th\u1edf khi b\u1ecb c\u1ea3m \u0110\u1ea7u silicone &hellip; <a href=\"https:\/\/sansanhouse.com\/index.php\/product\/dung-cu-hut-mui-babylove\/\">Readmore<\/a><\/p>\n","protected":false},"featured_media":7332,"comment_status":"open","ping_status":"closed","template":"","meta":[],"product_cat":[168],"product_tag":[80],"_links":{"self":[{"href":"https:\/\/sansanhouse.com\/index.php\/wp-json\/wp\/v2\/product\/7329"}],"collection":[{"href":"https:\/\/sansanhouse.com\/index.php\/wp-json\/wp\/v2\/product"}],"about":[{"href":"https:\/\/sansanhouse.com\/index.php\/wp-json\/wp\/v2\/types\/product"}],"replies":[{"embeddable":true,"href":"https:\/\/sansanhouse.com\/index.php\/wp-json\/wp\/v2\/comments?post=7329"}],"wp:featuredmedia":[{"embeddable":true,"href":"https:\/\/sansanhouse.com\/index.php\/wp-json\/wp\/v2\/media\/7332"}],"wp:attachment":[{"href":"https:\/\/sansanhouse.com\/index.php\/wp-json\/wp\/v2\/media?parent=7329"}],"wp:term":[{"taxonomy":"product_cat","embeddable":true,"href":"https:\/\/sansanhouse.com\/index.php\/wp-json\/wp\/v2\/product_cat?post=7329"},{"taxonomy":"product_tag","embeddable":true,"href":"https:\/\/sansanhouse.com\/index.php\/wp-json\/wp\/v2\/product_tag?post=7329"}],"curies":[{"name":"wp","href":"https:\/\/api.w.org\/{rel}","templated":true}]}}