{"id":7333,"date":"2021-12-05T12:11:32","date_gmt":"2021-12-05T05:11:32","guid":{"rendered":"https:\/\/sansanhouse.com\/?post_type=product&#038;p=7333"},"modified":"2025-06-15T22:37:20","modified_gmt":"2025-06-15T15:37:20","slug":"dung-cu-hut-mui","status":"publish","type":"product","link":"https:\/\/sansanhouse.com\/index.php\/product\/dung-cu-hut-mui\/","title":{"rendered":"D\u1ee5ng c\u1ee5 h\u00fat m\u0169i"},"content":{"rendered":"<div dir=\"auto\">H\u01b0\u1edbng d\u1eabn s\u1eed d\u1ee5ng: <a class=\"oajrlxb2 g5ia77u1 qu0x051f esr5mh6w e9989ue4 r7d6kgcz rq0escxv nhd2j8a9 nc684nl6 p7hjln8o kvgmc6g5 cxmmr5t8 oygrvhab hcukyx3x jb3vyjys rz4wbd8a qt6c0cv9 a8nywdso i1ao9s8h esuyzwwr f1sip0of lzcic4wl py34i1dx gpro0wi8\" tabindex=\"0\" role=\"link\" href=\"https:\/\/l.facebook.com\/l.php?u=https%3A%2F%2Fyoutu.be%2FKq-nzAfOKyU%3Ffbclid%3DIwAR2kzu-a6cnTQZZ0T4N3PYnHjo1EANAjjoLU-umD2xKVv0SKTBnryz5OkwY&amp;h=AT3bpwKr-jH935q20vI3mZMsL9oE5AJtPJ4x5mUfHjnGdyl_UczuVUE-sX3J9SWjCS6LyOgjpZxNxNTZe38rQkeq5sJhOHnPm62dv1ETTiO2FeOnQws4a3EEW5qkt_gO-PB8JEMPGwG0EB5uvMkw&amp;__tn__=-UK-R&amp;c[0]=AT3L8xoQeCU1Y-fKKPE_H77hfqULUTwej-JOUD_grYJxtm_1klbrRh_-JAF5WEYsRyX4bV-1x7POBfvqnqM0RgL99OSyGJPq4_u5ASwfvY3P1EEWRmbyFT989LxPr3_Igj77Qx80PSBmYW0p8EPIqTGcxKOubYXxBF6p6ZdI_aPU_g\" target=\"_blank\" rel=\"nofollow noopener\">https:\/\/youtu.be\/Kq-nzAfOKyU<\/a><\/div>\n<div dir=\"auto\">D\u1ee5ng c\u1ee5 h\u00fat m\u0169i Nosefrida gi\u00fap tr\u1ebb d\u1ec5 th\u1edf, d\u1ec5 ng\u1ee7 v\u00e0 \u0103n u\u1ed1ng khi b\u1ecb c\u1ea3m l\u1ea1nh.<\/div>\n<div dir=\"auto\">N\u00f3 l\u00e0m s\u1ea1ch m\u0169i c\u1ee7a tr\u1ebb em b\u1ecb t\u1eafc m\u1ed9t c\u00e1ch nh\u1eb9 nh\u00e0ng v\u00e0 h\u1ee3p v\u1ec7 sinh.<\/div>\n<div dir=\"auto\">Ngo\u00e0i ra, vi\u1ec7c s\u1eed d\u1ee5ng r\u1ea5t d\u1ec5 d\u00e0ng, an to\u00e0n v\u00e0 kh\u00f4ng g\u00e2y \u0111au \u0111\u1edbn cho c\u00e1c b\u00e9.<\/div>\n","protected":false},"excerpt":{"rendered":"<p>H\u01b0\u1edbng d\u1eabn s\u1eed d\u1ee5ng: https:\/\/youtu.be\/Kq-nzAfOKyU D\u1ee5ng c\u1ee5 h\u00fat m\u0169i Nosefrida gi\u00fap tr\u1ebb d\u1ec5 th\u1edf, d\u1ec5 ng\u1ee7 v\u00e0 \u0103n u\u1ed1ng khi b\u1ecb c\u1ea3m l\u1ea1nh. N\u00f3 l\u00e0m s\u1ea1ch m\u0169i c\u1ee7a tr\u1ebb em b\u1ecb t\u1eafc m\u1ed9t c\u00e1ch nh\u1eb9 nh\u00e0ng v\u00e0 h\u1ee3p v\u1ec7 sinh. &hellip; <a href=\"https:\/\/sansanhouse.com\/index.php\/product\/dung-cu-hut-mui\/\">Readmore<\/a><\/p>\n","protected":false},"featured_media":7335,"comment_status":"open","ping_status":"closed","template":"","meta":[],"product_cat":[168],"product_tag":[80],"_links":{"self":[{"href":"https:\/\/sansanhouse.com\/index.php\/wp-json\/wp\/v2\/product\/7333"}],"collection":[{"href":"https:\/\/sansanhouse.com\/index.php\/wp-json\/wp\/v2\/product"}],"about":[{"href":"https:\/\/sansanhouse.com\/index.php\/wp-json\/wp\/v2\/types\/product"}],"replies":[{"embeddable":true,"href":"https:\/\/sansanhouse.com\/index.php\/wp-json\/wp\/v2\/comments?post=7333"}],"wp:featuredmedia":[{"embeddable":true,"href":"https:\/\/sansanhouse.com\/index.php\/wp-json\/wp\/v2\/media\/7335"}],"wp:attachment":[{"href":"https:\/\/sansanhouse.com\/index.php\/wp-json\/wp\/v2\/media?parent=7333"}],"wp:term":[{"taxonomy":"product_cat","embeddable":true,"href":"https:\/\/sansanhouse.com\/index.php\/wp-json\/wp\/v2\/product_cat?post=7333"},{"taxonomy":"product_tag","embeddable":true,"href":"https:\/\/sansanhouse.com\/index.php\/wp-json\/wp\/v2\/product_tag?post=7333"}],"curies":[{"name":"wp","href":"https:\/\/api.w.org\/{rel}","templated":true}]}}