{"id":7336,"date":"2021-12-05T12:12:54","date_gmt":"2021-12-05T05:12:54","guid":{"rendered":"https:\/\/sansanhouse.com\/?post_type=product&#038;p=7336"},"modified":"2021-12-22T09:49:37","modified_gmt":"2021-12-22T02:49:37","slug":"may-xay-muoi-va-tieu-silvercrest","status":"publish","type":"product","link":"https:\/\/sansanhouse.com\/index.php\/product\/may-xay-muoi-va-tieu-silvercrest\/","title":{"rendered":"M\u00e1y xay mu\u1ed1i &#8211; ti\u00eau SILVERCREST\u00ae"},"content":{"rendered":"<div class=\"o9v6fnle cxmmr5t8 oygrvhab hcukyx3x c1et5uql ii04i59q\">\n<div dir=\"auto\">L\u1edbp ph\u1ee7 cao su m\u1ec1m c\u1ea3m \u1ee9ng: c\u00f3<\/div>\n<div dir=\"auto\">V\u1ecf b\u1ea3o v\u1ec7 h\u01b0\u01a1ng th\u01a1m: c\u00f3<\/div>\n<\/div>\n<div class=\"o9v6fnle cxmmr5t8 oygrvhab hcukyx3x c1et5uql ii04i59q\">\n<div dir=\"auto\">M\u00e1y m\u00e0i g\u1ed1m ch\u1ea5t l\u01b0\u1ee3ng cao v\u1edbi m\u1ee9c \u0111\u1ed9 m\u00e0i c\u00f3 th\u1ec3 \u0111i\u1ec1u ch\u1ec9nh li\u00ean t\u1ee5c<\/div>\n<div dir=\"auto\">Thao t\u00e1c th\u1ef1c t\u1ebf b\u1eb1ng m\u1ed9t tay<\/div>\n<div dir=\"auto\">L\u1edbp ph\u1ee7 cao su m\u1ec1m c\u1ea3m \u1ee9ng<\/div>\n<div dir=\"auto\">C\u00f3 n\u1eafp b\u1ea3o v\u1ec7<\/div>\n<\/div>\n<div class=\"o9v6fnle cxmmr5t8 oygrvhab hcukyx3x c1et5uql ii04i59q\">\n<div dir=\"auto\">Bao g\u1ed3m 4 x pin AA (LR6)<\/div>\n<\/div>\n","protected":false},"excerpt":{"rendered":"<p>L\u1edbp ph\u1ee7 cao su m\u1ec1m c\u1ea3m \u1ee9ng: c\u00f3 V\u1ecf b\u1ea3o v\u1ec7 h\u01b0\u01a1ng th\u01a1m: c\u00f3 M\u00e1y m\u00e0i g\u1ed1m ch\u1ea5t l\u01b0\u1ee3ng cao v\u1edbi m\u1ee9c \u0111\u1ed9 m\u00e0i c\u00f3 th\u1ec3 \u0111i\u1ec1u ch\u1ec9nh li\u00ean t\u1ee5c Thao t\u00e1c th\u1ef1c t\u1ebf b\u1eb1ng m\u1ed9t tay L\u1edbp ph\u1ee7 cao &hellip; <a href=\"https:\/\/sansanhouse.com\/index.php\/product\/may-xay-muoi-va-tieu-silvercrest\/\">Readmore<\/a><\/p>\n","protected":false},"featured_media":7337,"comment_status":"open","ping_status":"closed","template":"","meta":[],"product_cat":[167],"product_tag":[80],"_links":{"self":[{"href":"https:\/\/sansanhouse.com\/index.php\/wp-json\/wp\/v2\/product\/7336"}],"collection":[{"href":"https:\/\/sansanhouse.com\/index.php\/wp-json\/wp\/v2\/product"}],"about":[{"href":"https:\/\/sansanhouse.com\/index.php\/wp-json\/wp\/v2\/types\/product"}],"replies":[{"embeddable":true,"href":"https:\/\/sansanhouse.com\/index.php\/wp-json\/wp\/v2\/comments?post=7336"}],"wp:featuredmedia":[{"embeddable":true,"href":"https:\/\/sansanhouse.com\/index.php\/wp-json\/wp\/v2\/media\/7337"}],"wp:attachment":[{"href":"https:\/\/sansanhouse.com\/index.php\/wp-json\/wp\/v2\/media?parent=7336"}],"wp:term":[{"taxonomy":"product_cat","embeddable":true,"href":"https:\/\/sansanhouse.com\/index.php\/wp-json\/wp\/v2\/product_cat?post=7336"},{"taxonomy":"product_tag","embeddable":true,"href":"https:\/\/sansanhouse.com\/index.php\/wp-json\/wp\/v2\/product_tag?post=7336"}],"curies":[{"name":"wp","href":"https:\/\/api.w.org\/{rel}","templated":true}]}}