{"id":7338,"date":"2021-12-05T12:14:15","date_gmt":"2021-12-05T05:14:15","guid":{"rendered":"https:\/\/sansanhouse.com\/?post_type=product&#038;p=7338"},"modified":"2025-07-13T17:55:37","modified_gmt":"2025-07-13T10:55:37","slug":"bat-chong-nang-cho-xe-day","status":"publish","type":"product","link":"https:\/\/sansanhouse.com\/index.php\/product\/bat-chong-nang-cho-xe-day\/","title":{"rendered":"B\u1ea1t ch\u1ed1ng n\u1eafng cho xe \u0111\u1ea9y"},"content":{"rendered":"<div dir=\"auto\">B\u1ea3o v\u1ec7 \u0111\u00e1ng tin c\u1eady kh\u1ecfi \u00e1nh s\u00e1ng m\u1eb7t tr\u1eddi v\u00e0 b\u1ee9c x\u1ea1 UV c\u00f3 h\u1ea1i<\/div>\n<div dir=\"auto\">H\u1ec7 s\u1ed1 b\u1ea3o v\u1ec7 tia c\u1ef1c t\u00edm 50+ theo ti\u00eau chu\u1ea9n \u00dac<\/div>\n<div dir=\"auto\">Th\u00edch h\u1ee3p cho t\u1ea5t c\u1ea3 c\u00e1c lo\u1ea1i xe \u0111\u1ea9y th\u00f4ng th\u01b0\u1eddng v\u00e0 xe th\u1ec3 thao<\/div>\n<div dir=\"auto\">M\u00e1i hi\u00ean xe \u0111\u1ea9y &amp; xe \u0111\u1ea9y babylove b\u1eb1ng ch\u1ea5t li\u1ec7u than antraxit b\u1ea3o v\u1ec7 tr\u1ebb kh\u1ecfi \u00e1nh s\u00e1ng m\u1eb7t tr\u1eddi v\u00e0 b\u1ee9c x\u1ea1 tia c\u1ef1c t\u00edm c\u00f3 h\u1ea1i m\u1ed9t c\u00e1ch \u0111\u00e1ng tin c\u1eady.<\/div>\n<div dir=\"auto\">N\u00f3 bao g\u1ed3m c\u00e1c v\u1eadt li\u1ec7u \u0111\u01b0\u1ee3c ki\u1ec3m tra c\u1ea9n th\u1eadn v\u00e0 bao g\u1ed3m 100% polyester v\u00e0 h\u1ea5p th\u1ee5 98% tia UV nguy hi\u1ec3m.<\/div>\n","protected":false},"excerpt":{"rendered":"<p>B\u1ea3o v\u1ec7 \u0111\u00e1ng tin c\u1eady kh\u1ecfi \u00e1nh s\u00e1ng m\u1eb7t tr\u1eddi v\u00e0 b\u1ee9c x\u1ea1 UV c\u00f3 h\u1ea1i H\u1ec7 s\u1ed1 b\u1ea3o v\u1ec7 tia c\u1ef1c t\u00edm 50+ theo ti\u00eau chu\u1ea9n \u00dac Th\u00edch h\u1ee3p cho t\u1ea5t c\u1ea3 c\u00e1c lo\u1ea1i xe \u0111\u1ea9y th\u00f4ng th\u01b0\u1eddng v\u00e0 &hellip; <a href=\"https:\/\/sansanhouse.com\/index.php\/product\/bat-chong-nang-cho-xe-day\/\">Readmore<\/a><\/p>\n","protected":false},"featured_media":7339,"comment_status":"open","ping_status":"closed","template":"","meta":[],"product_cat":[168],"product_tag":[80],"_links":{"self":[{"href":"https:\/\/sansanhouse.com\/index.php\/wp-json\/wp\/v2\/product\/7338"}],"collection":[{"href":"https:\/\/sansanhouse.com\/index.php\/wp-json\/wp\/v2\/product"}],"about":[{"href":"https:\/\/sansanhouse.com\/index.php\/wp-json\/wp\/v2\/types\/product"}],"replies":[{"embeddable":true,"href":"https:\/\/sansanhouse.com\/index.php\/wp-json\/wp\/v2\/comments?post=7338"}],"wp:featuredmedia":[{"embeddable":true,"href":"https:\/\/sansanhouse.com\/index.php\/wp-json\/wp\/v2\/media\/7339"}],"wp:attachment":[{"href":"https:\/\/sansanhouse.com\/index.php\/wp-json\/wp\/v2\/media?parent=7338"}],"wp:term":[{"taxonomy":"product_cat","embeddable":true,"href":"https:\/\/sansanhouse.com\/index.php\/wp-json\/wp\/v2\/product_cat?post=7338"},{"taxonomy":"product_tag","embeddable":true,"href":"https:\/\/sansanhouse.com\/index.php\/wp-json\/wp\/v2\/product_tag?post=7338"}],"curies":[{"name":"wp","href":"https:\/\/api.w.org\/{rel}","templated":true}]}}