{"id":7341,"date":"2021-12-05T12:16:02","date_gmt":"2021-12-05T05:16:02","guid":{"rendered":"https:\/\/sansanhouse.com\/?post_type=product&#038;p=7341"},"modified":"2023-04-21T11:22:40","modified_gmt":"2023-04-21T04:22:40","slug":"man-bao-ve-con-trung","status":"publish","type":"product","link":"https:\/\/sansanhouse.com\/index.php\/product\/man-bao-ve-con-trung\/","title":{"rendered":"M\u00e0n b\u1ea3o v\u1ec7 c\u00f4n tr\u00f9ng"},"content":{"rendered":"<div class=\"o9v6fnle cxmmr5t8 oygrvhab hcukyx3x c1et5uql ii04i59q\">\n<div dir=\"auto\">M\u00e0u x\u00e1m<\/div>\n<div dir=\"auto\">B\u1ea3o v\u1ec7 b\u00e9 kh\u1ecfi c\u00f4n tr\u00f9ng<\/div>\n<div dir=\"auto\">Cho t\u1ea7m nh\u00ecn tho\u00e1ng ra b\u00ean ngo\u00e0i<\/div>\n<div dir=\"auto\">L\u01b0u th\u00f4ng kh\u00f4ng kh\u00ed t\u1ed1i \u01b0u<\/div>\n<div dir=\"auto\">Ch\u1ed1ng m\u1ed3 h\u00f4i v\u00e0 n\u01b0\u1edbc b\u1ecdt<\/div>\n<div dir=\"auto\">B\u1ea3o v\u1ec7 ch\u1ed1ng c\u00f4n tr\u00f9ng babylove b\u1ea3o v\u1ec7 b\u00e9 an to\u00e0n kh\u1ecfi c\u00f4n tr\u00f9ng, \u0111\u1ed3ng th\u1eddi gi\u00fap l\u01b0u th\u00f4ng kh\u00f4ng kh\u00ed t\u1ed1i \u01b0u v\u00e0 t\u1ea7m nh\u00ecn tho\u00e1ng ra b\u00ean ngo\u00e0i. N\u00f3 \u0111\u01b0\u1ee3c l\u00e0m b\u1eb1ng 100% polyester v\u00e0 c\u0169ng kh\u00f4ng th\u1ea5m m\u1ed3 h\u00f4i v\u00e0 n\u01b0\u1edbc b\u1ecdt. M\u00e0n ch\u1eafn c\u00f4n tr\u00f9ng \u0111a n\u0103ng ph\u00f9 h\u1ee3p cho t\u1ea5t c\u1ea3 c\u00e1c lo\u1ea1i xe \u0111\u1ea9y th\u00f4ng th\u01b0\u1eddng v\u00e0 xe \u0111\u1ea9y, xe \u0111\u1ea9y v\u00e0 gi\u01b0\u1eddng du l\u1ecbch.<\/div>\n<\/div>\n<div class=\"o9v6fnle cxmmr5t8 oygrvhab hcukyx3x c1et5uql ii04i59q\">\n<div dir=\"auto\">* Bao b\u00ec ch\u1ee9a \u00edt nh\u1ea5t 70% n\u1ed9i dung t\u00e1i ch\u1ebf<\/div>\n<div dir=\"auto\">Tr\u01b0\u1ee3t l\u01b0\u1edbi c\u00f3 g\u1edd \u0111\u00e0n h\u1ed3i l\u00ean xe \u0111\u1ea9y, xe \u0111\u1ea9y ho\u1eb7c c\u0169i du l\u1ecbch.<\/div>\n<div dir=\"auto\">V\u00cc S\u1ef0 AN TO\u00c0N V\u00c0 S\u1ee8C KH\u1eceE C\u1ee6A CON B\u1ea0N &#8211; CH\u00da \u00dd!<\/div>\n<div dir=\"auto\">M\u00e0n ch\u1ed1ng c\u00f4n tr\u00f9ng ph\u1ea3i lu\u00f4n \u0111\u01b0\u1ee3c g\u1eafn ch\u1eafc ch\u1eafn v\u00e0 kh\u00f4ng \u0111\u01b0\u1ee3c \u0111\u1ec3 con b\u1ea1n c\u1ea7m v\u00e0 k\u00e9o. Kh\u00f4ng s\u1eed d\u1ee5ng n\u1ebfu l\u01b0\u1edbi b\u1ecb h\u1ecfng.S\u1ea3n ph\u1ea9m n\u00e0y kh\u00f4ng ph\u1ea3i l\u00e0 m\u1ed9t m\u00f3n \u0111\u1ed3 ch\u01a1i. Ch\u1ec9 s\u1eed d\u1ee5ng b\u1edfi ng\u01b0\u1eddi l\u1edbn.<\/div>\n<div dir=\"auto\">Kh\u00f4ng bao gi\u1edd \u0111\u1ec3 con b\u1ea1n kh\u00f4ng \u0111\u01b0\u1ee3c gi\u00e1m s\u00e1t v\u1edbi s\u1ea3n ph\u1ea9m n\u00e0y.<\/div>\n<div dir=\"auto\">Khi kh\u00f4ng s\u1eed d\u1ee5ng, vui l\u00f2ng th\u00e1o ra v\u00e0 \u0111\u1ec3 xa t\u1ea7m tay tr\u1ebb em.<\/div>\n<\/div>\n","protected":false},"excerpt":{"rendered":"<p>M\u00e0u x\u00e1m B\u1ea3o v\u1ec7 b\u00e9 kh\u1ecfi c\u00f4n tr\u00f9ng Cho t\u1ea7m nh\u00ecn tho\u00e1ng ra b\u00ean ngo\u00e0i L\u01b0u th\u00f4ng kh\u00f4ng kh\u00ed t\u1ed1i \u01b0u Ch\u1ed1ng m\u1ed3 h\u00f4i v\u00e0 n\u01b0\u1edbc b\u1ecdt B\u1ea3o v\u1ec7 ch\u1ed1ng c\u00f4n tr\u00f9ng babylove b\u1ea3o v\u1ec7 b\u00e9 an to\u00e0n kh\u1ecfi c\u00f4n &hellip; <a href=\"https:\/\/sansanhouse.com\/index.php\/product\/man-bao-ve-con-trung\/\">Readmore<\/a><\/p>\n","protected":false},"featured_media":7342,"comment_status":"open","ping_status":"closed","template":"","meta":[],"product_cat":[168],"product_tag":[80],"_links":{"self":[{"href":"https:\/\/sansanhouse.com\/index.php\/wp-json\/wp\/v2\/product\/7341"}],"collection":[{"href":"https:\/\/sansanhouse.com\/index.php\/wp-json\/wp\/v2\/product"}],"about":[{"href":"https:\/\/sansanhouse.com\/index.php\/wp-json\/wp\/v2\/types\/product"}],"replies":[{"embeddable":true,"href":"https:\/\/sansanhouse.com\/index.php\/wp-json\/wp\/v2\/comments?post=7341"}],"wp:featuredmedia":[{"embeddable":true,"href":"https:\/\/sansanhouse.com\/index.php\/wp-json\/wp\/v2\/media\/7342"}],"wp:attachment":[{"href":"https:\/\/sansanhouse.com\/index.php\/wp-json\/wp\/v2\/media?parent=7341"}],"wp:term":[{"taxonomy":"product_cat","embeddable":true,"href":"https:\/\/sansanhouse.com\/index.php\/wp-json\/wp\/v2\/product_cat?post=7341"},{"taxonomy":"product_tag","embeddable":true,"href":"https:\/\/sansanhouse.com\/index.php\/wp-json\/wp\/v2\/product_tag?post=7341"}],"curies":[{"name":"wp","href":"https:\/\/api.w.org\/{rel}","templated":true}]}}