{"id":7344,"date":"2021-12-05T12:17:52","date_gmt":"2021-12-05T05:17:52","guid":{"rendered":"https:\/\/sansanhouse.com\/?post_type=product&#038;p=7344"},"modified":"2025-07-13T17:54:32","modified_gmt":"2025-07-13T10:54:32","slug":"ao-che-mua-xe-the-thao-xe-buggies","status":"publish","type":"product","link":"https:\/\/sansanhouse.com\/index.php\/product\/ao-che-mua-xe-the-thao-xe-buggies\/","title":{"rendered":"\u00c1o che m\u01b0a cho xe b\u00e9"},"content":{"rendered":"<div class=\"o9v6fnle cxmmr5t8 oygrvhab hcukyx3x c1et5uql ii04i59q\">\n<div dir=\"auto\">B\u1ea3o v\u1ec7 \u0111\u00e1ng tin c\u1eady kh\u1ecfi m\u01b0a, tuy\u1ebft v\u00e0 gi\u00f3<\/div>\n<div dir=\"auto\">L\u1ed7 th\u00f4ng gi\u00f3 b\u00ean<\/div>\n<div dir=\"auto\"><\/div>\n<div dir=\"auto\">Th\u00edch h\u1ee3p cho m\u1ecdi lo\u1ea1i xe th\u1ec3 thao th\u00f4ng th\u01b0\u1eddng v\u00e0 xe c\u00f4n<\/div>\n<div dir=\"auto\">T\u01b0\u01a1ng \u1ee9ng v\u1edbi TI\u00caU CHU\u1ea8N 100 c\u1ee7a OEKO-TEX\u00ae<\/div>\n<div dir=\"auto\">\u00e1o m\u01b0a c\u00f3 m\u0169 tr\u00f9m \u0111\u1ea7u b\u1ea3o v\u1ec7 tr\u1ebb kh\u1ecfi m\u01b0a, tuy\u1ebft v\u00e0 gi\u00f3 m\u1ed9t c\u00e1ch \u0111\u00e1ng tin c\u1eady v\u1edbi c\u00e1c v\u1eadt li\u1ec7u \u0111\u01b0\u1ee3c ki\u1ec3m tra c\u1ea9n th\u1eadn v\u00e0 c\u00e1c l\u1ed7 th\u00f4ng gi\u00f3 b\u00ean h\u00f4ng. Vi\u1ec7c bu\u1ed9c b\u1ed5 sung \u1edf ph\u00eda tr\u01b0\u1edbc gi\u00fap b\u1ea3o v\u1ec7 kh\u1ecfi gi\u00f3 m\u1ea1nh.<\/div>\n<\/div>\n<div class=\"o9v6fnle cxmmr5t8 oygrvhab hcukyx3x c1et5uql ii04i59q\">\n<div dir=\"auto\">Bao b\u00ec ch\u1ee9a \u00edt nh\u1ea5t 70% n\u1ed9i dung t\u00e1i ch\u1ebf.<\/div>\n<div dir=\"auto\"><\/div>\n<div dir=\"auto\">Kh\u00f4ng s\u1eed d\u1ee5ng ch\u1ea5t t\u1ea9y r\u1eeda m\u1ea1nh. Kh\u00f4ng ti\u1ebfp x\u00fac v\u1edbi \u00e1nh s\u00e1ng m\u1eb7t tr\u1eddi tr\u1ef1c ti\u1ebfp. B\u1ea3o qu\u1ea3n s\u1ea1ch b\u1ee5i, kh\u00f4 r\u00e1o v\u00e0 h\u1ee3p v\u1ec7 sinh.<\/div>\n<div dir=\"auto\">\u0110\u1eb7t v\u00e8 che m\u01b0a \u00f4 t\u00f4, \u0111\u00f3ng ch\u1eb7t kh\u00f3a Velcro ph\u00eda sau, \u0111\u1eb7t d\u00e2y thun ph\u00eda tr\u01b0\u1edbc xung quanh khung v\u00e0 m\u00f3c v\u00e0o khoen nh\u1ef1a. M\u1eb7t tr\u01b0\u1edbc c\u00f3 th\u1ec3 \u0111\u01b0\u1ee3c m\u1edf nhanh ch\u00f3ng v\u00e0 d\u1ec5 d\u00e0ng nh\u1edd kh\u00f3a k\u00e9o \u1edf c\u1ea3 hai b\u00ean &#8211; v\u00ec v\u1eady c\u00f3 th\u1ec3 v\u1edbi tr\u1ebb em m\u00e0 kh\u00f4ng c\u1ea7n ph\u1ea3i th\u00e1o m\u0169 tr\u00f9m \u0111\u1ea7u.<\/div>\n<\/div>\n<div class=\"o9v6fnle cxmmr5t8 oygrvhab hcukyx3x c1et5uql ii04i59q\">\n<div dir=\"auto\">V\u00cc S\u1ef0 AN TO\u00c0N V\u00c0 S\u1ee8C KH\u1eceE C\u1ee6A CON B\u1ea0N &#8211; CH\u00da \u00dd! S\u1ea3n ph\u1ea9m n\u00e0y kh\u00f4ng ph\u1ea3i l\u00e0 m\u1ed9t m\u00f3n \u0111\u1ed3 ch\u01a1i. Ch\u1ec9 s\u1eed d\u1ee5ng b\u1edfi ng\u01b0\u1eddi l\u1edbn. Khi s\u1eed d\u1ee5ng t\u1ea5m che m\u01b0a babylove, h\u00e3y \u0111\u1ea3m b\u1ea3o r\u1eb1ng t\u1ea5m che kh\u00f4ng ti\u1ebfp x\u00fac v\u1edbi m\u1eb7t c\u1ee7a tr\u1ebb. Tr\u00e1nh s\u1eed d\u1ee5ng t\u1ea5m che \u1edf n\u01a1i c\u00f3 nhi\u1ec7t \u0111\u1ed9 qu\u00e1 cao v\u00e0 th\u1eddi ti\u1ebft n\u1eafng. Khi kh\u00f4ng s\u1eed d\u1ee5ng, vui l\u00f2ng th\u00e1o ra v\u00e0 \u0111\u1ec3 xa t\u1ea7m tay tr\u1ebb em.<\/div>\n<div dir=\"auto\"><\/div>\n<\/div>\n<div class=\"o9v6fnle cxmmr5t8 oygrvhab hcukyx3x c1et5uql ii04i59q\">\n<div dir=\"auto\">PVC free<\/div>\n<\/div>\n","protected":false},"excerpt":{"rendered":"<p>B\u1ea3o v\u1ec7 \u0111\u00e1ng tin c\u1eady kh\u1ecfi m\u01b0a, tuy\u1ebft v\u00e0 gi\u00f3 L\u1ed7 th\u00f4ng gi\u00f3 b\u00ean Th\u00edch h\u1ee3p cho m\u1ecdi lo\u1ea1i xe th\u1ec3 thao th\u00f4ng th\u01b0\u1eddng v\u00e0 xe c\u00f4n T\u01b0\u01a1ng \u1ee9ng v\u1edbi TI\u00caU CHU\u1ea8N 100 c\u1ee7a OEKO-TEX\u00ae \u00e1o m\u01b0a c\u00f3 m\u0169 tr\u00f9m &hellip; <a href=\"https:\/\/sansanhouse.com\/index.php\/product\/ao-che-mua-xe-the-thao-xe-buggies\/\">Readmore<\/a><\/p>\n","protected":false},"featured_media":7345,"comment_status":"open","ping_status":"closed","template":"","meta":[],"product_cat":[168],"product_tag":[80],"_links":{"self":[{"href":"https:\/\/sansanhouse.com\/index.php\/wp-json\/wp\/v2\/product\/7344"}],"collection":[{"href":"https:\/\/sansanhouse.com\/index.php\/wp-json\/wp\/v2\/product"}],"about":[{"href":"https:\/\/sansanhouse.com\/index.php\/wp-json\/wp\/v2\/types\/product"}],"replies":[{"embeddable":true,"href":"https:\/\/sansanhouse.com\/index.php\/wp-json\/wp\/v2\/comments?post=7344"}],"wp:featuredmedia":[{"embeddable":true,"href":"https:\/\/sansanhouse.com\/index.php\/wp-json\/wp\/v2\/media\/7345"}],"wp:attachment":[{"href":"https:\/\/sansanhouse.com\/index.php\/wp-json\/wp\/v2\/media?parent=7344"}],"wp:term":[{"taxonomy":"product_cat","embeddable":true,"href":"https:\/\/sansanhouse.com\/index.php\/wp-json\/wp\/v2\/product_cat?post=7344"},{"taxonomy":"product_tag","embeddable":true,"href":"https:\/\/sansanhouse.com\/index.php\/wp-json\/wp\/v2\/product_tag?post=7344"}],"curies":[{"name":"wp","href":"https:\/\/api.w.org\/{rel}","templated":true}]}}