{"id":7346,"date":"2021-12-05T12:19:14","date_gmt":"2021-12-05T05:19:14","guid":{"rendered":"https:\/\/sansanhouse.com\/?post_type=product&#038;p=7346"},"modified":"2021-12-05T12:19:14","modified_gmt":"2021-12-05T05:19:14","slug":"do-ngu-tre-em","status":"publish","type":"product","link":"https:\/\/sansanhouse.com\/index.php\/product\/do-ngu-tre-em\/","title":{"rendered":"\u0110\u1ed3 ng\u1ee7 tr\u1ebb em"},"content":{"rendered":"<div dir=\"auto\">\u0110\u1ed3 ng\u1ee7 hai m\u1ea3nh c\u1ee7a PUSBLU<\/div>\n<div dir=\"auto\">V\u1edbi m\u00f4 h\u00ecnh ajour m\u00e0u h\u1ed3ng<\/div>\n<div dir=\"auto\">M\u1ec1m m\u1ea1i v\u00e0 \u1ea5m c\u00fang nh\u1edd b\u00f4ng h\u1eefu c\u01a1 tinh khi\u1ebft<\/div>\n<div dir=\"auto\">B\u1ed9 \u0111\u1ed3 ng\u1ee7 PUSBLU hai m\u1ea3nh th\u00e2n thi\u1ec7n v\u1edbi l\u00e0n da nh\u1edd ch\u1ea5t li\u1ec7u nhung tinh khi\u1ebft v\u00e0 \u0111\u1eb7c bi\u1ec7t m\u1ec1m m\u1ea1i tr\u00ean l\u00e0n da m\u1ecfng manh c\u1ee7a tr\u1ebb.<\/div>\n<div dir=\"auto\">B\u1ed9 \u0111\u1ed3 ng\u1ee7 m\u1ec1m m\u1ea1i mang \u0111\u1ebfn s\u1ef1 \u1ea5m \u00e1p v\u00e0 an to\u00e0n, g\u00f3p ph\u1ea7n t\u1ea1o n\u00ean m\u1ed9t gi\u1ea5c ng\u1ee7 y\u00ean b\u00ecnh.<\/div>\n","protected":false},"excerpt":{"rendered":"<p>\u0110\u1ed3 ng\u1ee7 hai m\u1ea3nh c\u1ee7a PUSBLU V\u1edbi m\u00f4 h\u00ecnh ajour m\u00e0u h\u1ed3ng M\u1ec1m m\u1ea1i v\u00e0 \u1ea5m c\u00fang nh\u1edd b\u00f4ng h\u1eefu c\u01a1 tinh khi\u1ebft B\u1ed9 \u0111\u1ed3 ng\u1ee7 PUSBLU hai m\u1ea3nh th\u00e2n thi\u1ec7n v\u1edbi l\u00e0n da nh\u1edd ch\u1ea5t li\u1ec7u nhung tinh khi\u1ebft &hellip; <a href=\"https:\/\/sansanhouse.com\/index.php\/product\/do-ngu-tre-em\/\">Readmore<\/a><\/p>\n","protected":false},"featured_media":7347,"comment_status":"open","ping_status":"closed","template":"","meta":[],"product_cat":[169],"product_tag":[78],"_links":{"self":[{"href":"https:\/\/sansanhouse.com\/index.php\/wp-json\/wp\/v2\/product\/7346"}],"collection":[{"href":"https:\/\/sansanhouse.com\/index.php\/wp-json\/wp\/v2\/product"}],"about":[{"href":"https:\/\/sansanhouse.com\/index.php\/wp-json\/wp\/v2\/types\/product"}],"replies":[{"embeddable":true,"href":"https:\/\/sansanhouse.com\/index.php\/wp-json\/wp\/v2\/comments?post=7346"}],"wp:featuredmedia":[{"embeddable":true,"href":"https:\/\/sansanhouse.com\/index.php\/wp-json\/wp\/v2\/media\/7347"}],"wp:attachment":[{"href":"https:\/\/sansanhouse.com\/index.php\/wp-json\/wp\/v2\/media?parent=7346"}],"wp:term":[{"taxonomy":"product_cat","embeddable":true,"href":"https:\/\/sansanhouse.com\/index.php\/wp-json\/wp\/v2\/product_cat?post=7346"},{"taxonomy":"product_tag","embeddable":true,"href":"https:\/\/sansanhouse.com\/index.php\/wp-json\/wp\/v2\/product_tag?post=7346"}],"curies":[{"name":"wp","href":"https:\/\/api.w.org\/{rel}","templated":true}]}}