{"id":7350,"date":"2021-12-05T12:23:21","date_gmt":"2021-12-05T05:23:21","guid":{"rendered":"https:\/\/sansanhouse.com\/?post_type=product&#038;p=7350"},"modified":"2021-12-22T09:44:46","modified_gmt":"2021-12-22T02:44:46","slug":"hop-dung-thuc-an-bao-gom-muong-va-nia","status":"publish","type":"product","link":"https:\/\/sansanhouse.com\/index.php\/product\/hop-dung-thuc-an-bao-gom-muong-va-nia\/","title":{"rendered":"H\u1ed9p \u0111\u1ef1ng th\u1ee9c \u0103n (g\u1ed3m mu\u1ed7ng n\u0129a)"},"content":{"rendered":"<div dir=\"auto\">Nh\u1eefng kh\u1ea9u ph\u1ea7n \u0103n ri\u00eang s\u1ebd gi\u00fap b\u00e9 h\u1ecdc c\u00e1ch \u0103n u\u1ed1ng \u0111\u1ed9c l\u1eadp.<\/div>\n<div dir=\"auto\">BPA Free<\/div>\n<div dir=\"auto\">V\u00ec s\u1ef1 an to\u00e0n v\u00e0 s\u1ee9c kh\u1ecfe c\u1ee7a con b\u1ea1n C\u1ea2NH B\u00c1O! M\u1ee5c n\u00e0y kh\u00f4ng ph\u1ea3i l\u00e0 m\u1ed9t m\u00f3n \u0111\u1ed3 ch\u01a1i. S\u1ea3n ph\u1ea9m n\u00e0y ch\u1ec9 \u0111\u01b0\u1ee3c s\u1eed d\u1ee5ng d\u01b0\u1edbi s\u1ef1 gi\u00e1m s\u00e1t c\u1ee7a ng\u01b0\u1eddi l\u1edbn.<\/div>\n<div dir=\"auto\">S\u1ea3n ph\u1ea9m ph\u1ea3i \u0111\u01b0\u1ee3c ki\u1ec3m tra tr\u01b0\u1edbc m\u1ed7i l\u1ea7n s\u1eed d\u1ee5ng. V\u1ee9t n\u00f3 \u0111i khi c\u00f3 d\u1ea5u hi\u1ec7u h\u01b0 h\u1ecfng.<\/div>\n<div dir=\"auto\">Lu\u00f4n ki\u1ec3m tra nhi\u1ec7t \u0111\u1ed9 c\u1ee7a th\u1ee9c \u0103n tr\u01b0\u1edbc khi cho tr\u1ebb \u0103n. Vui l\u00f2ng r\u1eeda s\u1ea1ch tr\u01b0\u1edbc khi s\u1eed d\u1ee5ng l\u1ea7n \u0111\u1ea7u ti\u00ean.<\/div>\n<div dir=\"auto\">Kh\u00f4ng l\u00e0m s\u1ea1ch trong m\u00e1y ti\u1ec7t tr\u00f9ng b\u1eb1ng h\u01a1i n\u01b0\u1edbc. Kh\u00f4ng ti\u1ebfp x\u00fac v\u1edbi \u00e1nh s\u00e1ng m\u1eb7t tr\u1eddi tr\u1ef1c ti\u1ebfp.<\/div>\n","protected":false},"excerpt":{"rendered":"<p>Nh\u1eefng kh\u1ea9u ph\u1ea7n \u0103n ri\u00eang s\u1ebd gi\u00fap b\u00e9 h\u1ecdc c\u00e1ch \u0103n u\u1ed1ng \u0111\u1ed9c l\u1eadp. BPA Free V\u00ec s\u1ef1 an to\u00e0n v\u00e0 s\u1ee9c kh\u1ecfe c\u1ee7a con b\u1ea1n C\u1ea2NH B\u00c1O! M\u1ee5c n\u00e0y kh\u00f4ng ph\u1ea3i l\u00e0 m\u1ed9t m\u00f3n \u0111\u1ed3 ch\u01a1i. S\u1ea3n ph\u1ea9m n\u00e0y &hellip; <a href=\"https:\/\/sansanhouse.com\/index.php\/product\/hop-dung-thuc-an-bao-gom-muong-va-nia\/\">Readmore<\/a><\/p>\n","protected":false},"featured_media":7352,"comment_status":"open","ping_status":"closed","template":"","meta":[],"product_cat":[167],"product_tag":[80],"_links":{"self":[{"href":"https:\/\/sansanhouse.com\/index.php\/wp-json\/wp\/v2\/product\/7350"}],"collection":[{"href":"https:\/\/sansanhouse.com\/index.php\/wp-json\/wp\/v2\/product"}],"about":[{"href":"https:\/\/sansanhouse.com\/index.php\/wp-json\/wp\/v2\/types\/product"}],"replies":[{"embeddable":true,"href":"https:\/\/sansanhouse.com\/index.php\/wp-json\/wp\/v2\/comments?post=7350"}],"wp:featuredmedia":[{"embeddable":true,"href":"https:\/\/sansanhouse.com\/index.php\/wp-json\/wp\/v2\/media\/7352"}],"wp:attachment":[{"href":"https:\/\/sansanhouse.com\/index.php\/wp-json\/wp\/v2\/media?parent=7350"}],"wp:term":[{"taxonomy":"product_cat","embeddable":true,"href":"https:\/\/sansanhouse.com\/index.php\/wp-json\/wp\/v2\/product_cat?post=7350"},{"taxonomy":"product_tag","embeddable":true,"href":"https:\/\/sansanhouse.com\/index.php\/wp-json\/wp\/v2\/product_tag?post=7350"}],"curies":[{"name":"wp","href":"https:\/\/api.w.org\/{rel}","templated":true}]}}