{"id":7355,"date":"2021-12-05T12:30:32","date_gmt":"2021-12-05T05:30:32","guid":{"rendered":"https:\/\/sansanhouse.com\/?post_type=product&#038;p=7355"},"modified":"2023-06-03T23:58:33","modified_gmt":"2023-06-03T16:58:33","slug":"khay-da-ernesto-silicone","status":"publish","type":"product","link":"https:\/\/sansanhouse.com\/index.php\/product\/khay-da-ernesto-silicone\/","title":{"rendered":"Khay  \u0111\u00e1 ERNESTO\u00ae silicone"},"content":{"rendered":"<div dir=\"auto\">15x vi\u00ean \u0111\u00e1 l\u1edbn<\/div>\n<div dir=\"auto\">12x xi lanh \u0111\u00e1<\/div>\n<div dir=\"auto\">L\u00e0m b\u1eb1ng silicone d\u1ebbo \u0111\u1ec3 d\u1ec5 d\u00e0ng th\u00e1o l\u1eafp<\/div>\n<div dir=\"auto\">C\u0169ng th\u00edch h\u1ee3p cho ch\u1ea5t l\u1ecfng c\u00f3 ga<\/div>\n<div dir=\"auto\">Kh\u00f4ng m\u00f9i v\u00e0 kh\u00f4ng v\u1ecb<\/div>\n<div dir=\"auto\">Ch\u1ecbu nhi\u1ec7t \u0111\u1ed9 t\u1eeb -40 \u00b0 C \u0111\u1ebfn 120 \u00b0 C<\/div>\n<div dir=\"auto\">M\u00e1y r\u1eeda b\u00e1t an to\u00e0n<\/div>\n","protected":false},"excerpt":{"rendered":"<p>15x vi\u00ean \u0111\u00e1 l\u1edbn 12x xi lanh \u0111\u00e1 L\u00e0m b\u1eb1ng silicone d\u1ebbo \u0111\u1ec3 d\u1ec5 d\u00e0ng th\u00e1o l\u1eafp C\u0169ng th\u00edch h\u1ee3p cho ch\u1ea5t l\u1ecfng c\u00f3 ga Kh\u00f4ng m\u00f9i v\u00e0 kh\u00f4ng v\u1ecb Ch\u1ecbu nhi\u1ec7t \u0111\u1ed9 t\u1eeb -40 \u00b0 C \u0111\u1ebfn 120 \u00b0 &hellip; <a href=\"https:\/\/sansanhouse.com\/index.php\/product\/khay-da-ernesto-silicone\/\">Readmore<\/a><\/p>\n","protected":false},"featured_media":7356,"comment_status":"open","ping_status":"closed","template":"","meta":[],"product_cat":[167],"product_tag":[80],"_links":{"self":[{"href":"https:\/\/sansanhouse.com\/index.php\/wp-json\/wp\/v2\/product\/7355"}],"collection":[{"href":"https:\/\/sansanhouse.com\/index.php\/wp-json\/wp\/v2\/product"}],"about":[{"href":"https:\/\/sansanhouse.com\/index.php\/wp-json\/wp\/v2\/types\/product"}],"replies":[{"embeddable":true,"href":"https:\/\/sansanhouse.com\/index.php\/wp-json\/wp\/v2\/comments?post=7355"}],"wp:featuredmedia":[{"embeddable":true,"href":"https:\/\/sansanhouse.com\/index.php\/wp-json\/wp\/v2\/media\/7356"}],"wp:attachment":[{"href":"https:\/\/sansanhouse.com\/index.php\/wp-json\/wp\/v2\/media?parent=7355"}],"wp:term":[{"taxonomy":"product_cat","embeddable":true,"href":"https:\/\/sansanhouse.com\/index.php\/wp-json\/wp\/v2\/product_cat?post=7355"},{"taxonomy":"product_tag","embeddable":true,"href":"https:\/\/sansanhouse.com\/index.php\/wp-json\/wp\/v2\/product_tag?post=7355"}],"curies":[{"name":"wp","href":"https:\/\/api.w.org\/{rel}","templated":true}]}}