{"id":7358,"date":"2021-12-05T12:32:06","date_gmt":"2021-12-05T05:32:06","guid":{"rendered":"https:\/\/sansanhouse.com\/?post_type=product&#038;p=7358"},"modified":"2023-06-04T00:02:24","modified_gmt":"2023-06-03T17:02:24","slug":"may-xay-tay-bosch-clever-msm14330","status":"publish","type":"product","link":"https:\/\/sansanhouse.com\/index.php\/product\/may-xay-tay-bosch-clever-msm14330\/","title":{"rendered":"M\u00e1y xay tay BOSCH  Clever MSM14330"},"content":{"rendered":"<div class=\"o9v6fnle cxmmr5t8 oygrvhab hcukyx3x c1et5uql ii04i59q\">\n<div dir=\"auto\">1 x c\u1ed1c tr\u1ed9n \/ \u0111ong, 1 x ch\u00e2n mini<\/div>\n<\/div>\n<div class=\"o9v6fnle cxmmr5t8 oygrvhab hcukyx3x c1et5uql ii04i59q\">\n<div dir=\"auto\">Ho\u00e0n h\u1ea3o \u0111\u1ec3 d\u1ec5 d\u00e0ng chu\u1ea9n b\u1ecb n\u01b0\u1edbc x\u1ed1t<\/div>\n<div dir=\"auto\">Tr\u1ed9n v\u00e0 xay nhuy\u1ec5n ho\u00e0n h\u1ea3o: \u0111\u1ed9ng c\u01a1 400 watt c\u1eaft nh\u1ecf nguy\u00ean li\u1ec7u ngay l\u1eadp t\u1ee9c<\/div>\n<div dir=\"auto\">Ch\u00e2n tr\u1ed9n mini: l\u00fd t\u01b0\u1edfng cho n\u01b0\u1edbc s\u1ed1t v\u00e0 n\u01b0\u1edbc x\u1ed1t v\u1edbi s\u1ed1 l\u01b0\u1ee3ng nh\u1ecf.<\/div>\n<div dir=\"auto\">QuattroBlade: \u0111\u1ea3m b\u1ea3o hi\u1ec7u su\u1ea5t c\u1eaft t\u1ed1i \u01b0u v\u00e0 k\u1ebft qu\u1ea3 tr\u1ed9n m\u1ecbn &#8211; v\u1edbi ch\u1ee9c n\u0103ng ch\u1ed1ng v\u0103ng.<\/div>\n<div dir=\"auto\"><\/div>\n<div dir=\"auto\">Tay c\u1ea7m ti\u1ec7n d\u1ee5ng: v\u1eeba v\u1eb7n trong tay<\/div>\n<div dir=\"auto\">D\u1ec5 s\u1eed d\u1ee5ng, qu\u00e1 tr\u00ecnh tr\u1ed9n b\u1eaft \u0111\u1ea7u b\u1eb1ng m\u1ed9t n\u00fat nh\u1ea5n.<\/div>\n<\/div>\n<div class=\"o9v6fnle cxmmr5t8 oygrvhab hcukyx3x c1et5uql ii04i59q\">\n<div dir=\"auto\">SlimFoot: ho\u00e0n h\u1ea3o cho s\u1ed1 l\u01b0\u1ee3ng nh\u1ecf, l\u00fd t\u01b0\u1edfng cho th\u1ee9c \u0103n tr\u1ebb em.<\/div>\n<div dir=\"auto\">C\u0169ng th\u00edch h\u1ee3p \u0111\u1ec3 s\u1eed d\u1ee5ng tr\u1ef1c ti\u1ebfp trong c\u00e1c t\u00e0u nh\u1ecf, h\u1eb9p (\u0111\u01b0\u1eddng k\u00ednh: 45 \u0111\u1ebfn 60 mm)<\/div>\n<\/div>\n<div class=\"o9v6fnle cxmmr5t8 oygrvhab hcukyx3x c1et5uql ii04i59q\">\n<div dir=\"auto\">D\u1ec5 d\u00e0ng c\u1ea7m n\u1eafm nh\u1edd tay c\u1ea7m ti\u1ec7n l\u1ee3i v\u1edbi n\u00fat \u0111i\u1ec1u khi\u1ec3n<\/div>\n<div dir=\"auto\">D\u1ec5 d\u00e0ng l\u00e0m s\u1ea1ch: \u0111\u1ebf m\u00e1y tr\u1ed9n v\u00e0 c\u1ed1c b\u1eb1ng th\u00e9p kh\u00f4ng g\u1ec9 an to\u00e0n<\/div>\n<div dir=\"auto\"><\/div>\n<div dir=\"auto\">An to\u00e0n v\u1edbi m\u00e1y r\u1eeda b\u00e1t.<\/div>\n<div dir=\"auto\">Kh\u00f3a ch\u00e2n tr\u1ed9n: b\u1ea3o m\u1eadt cao th\u00f4ng qua kh\u00f3a b\u1eb1ng l\u01b0\u1ee1i l\u00ea<\/div>\n<div dir=\"auto\">T\u1ea5t c\u1ea3 c\u00e1c b\u1ed9 ph\u1eadn nh\u1ef1a ti\u1ebfp x\u00fac v\u1edbi th\u1ef1c ph\u1ea9m \u0111\u1ec1u kh\u00f4ng ch\u1ee9a BPA<\/div>\n<\/div>\n<div class=\"o9v6fnle cxmmr5t8 oygrvhab hcukyx3x c1et5uql ii04i59q\">\n<div dir=\"auto\">Ch\u00e2n tr\u1ed9n c\u00f3 th\u1ec3 th\u00e1o r\u1eddi l\u00e0m b\u1eb1ng nh\u1ef1a ch\u1ecbu nhi\u1ec7t<\/div>\n<div dir=\"auto\">C\u1ed1c th\u00e9p kh\u00f4ng g\u1ec9 \u0111\u1ec3 tr\u1ed9n v\u00e0 ph\u1ee5c v\u1ee5<\/div>\n<div dir=\"auto\"><\/div>\n<div dir=\"auto\">n\u1ed9i dung<\/div>\n<div dir=\"auto\">1 x c\u1ed1c tr\u1ed9n \/ \u0111ong<\/div>\n<div dir=\"auto\">1 x ch\u00e2n mini<\/div>\n<\/div>\n<div class=\"o9v6fnle cxmmr5t8 oygrvhab hcukyx3x c1et5uql ii04i59q\">\n<div dir=\"auto\">Th\u00f4ng s\u1ed1 k\u1ef9 thu\u00e2\u0323t<\/div>\n<div dir=\"auto\">T\u1ea3i \u0111\u01b0\u1ee3c k\u1ebft n\u1ed1i x\u1ea5p x\u1ec9 400 W.<\/div>\n<div dir=\"auto\">\u0110i\u1ec7n \u00e1p 220-240 V.<\/div>\n<div dir=\"auto\">T\u1ea7n s\u1ed1 50\/60 Hz<\/div>\n<div dir=\"auto\">Chi\u1ec1u d\u00e0i c\u1ee7a c\u00e1p k\u1ebft n\u1ed1i kho\u1ea3ng 120,0 cm<\/div>\n<\/div>\n","protected":false},"excerpt":{"rendered":"<p>1 x c\u1ed1c tr\u1ed9n \/ \u0111ong, 1 x ch\u00e2n mini Ho\u00e0n h\u1ea3o \u0111\u1ec3 d\u1ec5 d\u00e0ng chu\u1ea9n b\u1ecb n\u01b0\u1edbc x\u1ed1t Tr\u1ed9n v\u00e0 xay nhuy\u1ec5n ho\u00e0n h\u1ea3o: \u0111\u1ed9ng c\u01a1 400 watt c\u1eaft nh\u1ecf nguy\u00ean li\u1ec7u ngay l\u1eadp t\u1ee9c Ch\u00e2n tr\u1ed9n mini: l\u00fd &hellip; <a href=\"https:\/\/sansanhouse.com\/index.php\/product\/may-xay-tay-bosch-clever-msm14330\/\">Readmore<\/a><\/p>\n","protected":false},"featured_media":7360,"comment_status":"open","ping_status":"closed","template":"","meta":[],"product_cat":[167],"product_tag":[80],"_links":{"self":[{"href":"https:\/\/sansanhouse.com\/index.php\/wp-json\/wp\/v2\/product\/7358"}],"collection":[{"href":"https:\/\/sansanhouse.com\/index.php\/wp-json\/wp\/v2\/product"}],"about":[{"href":"https:\/\/sansanhouse.com\/index.php\/wp-json\/wp\/v2\/types\/product"}],"replies":[{"embeddable":true,"href":"https:\/\/sansanhouse.com\/index.php\/wp-json\/wp\/v2\/comments?post=7358"}],"wp:featuredmedia":[{"embeddable":true,"href":"https:\/\/sansanhouse.com\/index.php\/wp-json\/wp\/v2\/media\/7360"}],"wp:attachment":[{"href":"https:\/\/sansanhouse.com\/index.php\/wp-json\/wp\/v2\/media?parent=7358"}],"wp:term":[{"taxonomy":"product_cat","embeddable":true,"href":"https:\/\/sansanhouse.com\/index.php\/wp-json\/wp\/v2\/product_cat?post=7358"},{"taxonomy":"product_tag","embeddable":true,"href":"https:\/\/sansanhouse.com\/index.php\/wp-json\/wp\/v2\/product_tag?post=7358"}],"curies":[{"name":"wp","href":"https:\/\/api.w.org\/{rel}","templated":true}]}}